{"id":8401,"date":"2024-07-01T00:00:00","date_gmt":"2024-07-01T03:00:00","guid":{"rendered":"https:\/\/www.pagbrasil.com\/?page_id=8401"},"modified":"2024-11-07T17:10:45","modified_gmt":"2024-11-07T20:10:45","slug":"conciliacao","status":"publish","type":"page","link":"https:\/\/www.pagbrasil.com\/pt-br\/servicos\/conciliacao\/","title":{"rendered":"Concilia\u00e7\u00e3o"},"content":{"rendered":"<p><strong>Relat\u00f3rio completo<\/strong> de<br \/>\nprocessamento de pagamento<\/p>\n","protected":false},"excerpt":{"rendered":"<p>Relat\u00f3rio completo de processamento de pagamento<\/p>\n","protected":false},"author":8,"featured_media":0,"parent":174,"menu_order":0,"comment_status":"closed","ping_status":"closed","template":"page-servicos-interior.php","meta":{"_acf_changed":false,"footnotes":""},"class_list":["post-8401","page","type-page","status-publish","hentry"],"acf":[],"yoast_head":"<!-- This site is optimized with the Yoast SEO plugin v25.7 - https:\/\/yoast.com\/wordpress\/plugins\/seo\/ -->\n<title>Concilia\u00e7\u00e3o autom\u00e1tica de pagamentos | PagBrasil<\/title>\n<meta name=\"description\" content=\"Com a concilia\u00e7\u00e3o de pagamentos da PagBrasil voc\u00ea tem mais agilidade e seguran\u00e7a na confer\u00eancia de pagamentos. Acesse e conhe\u00e7a os detalhes!\" \/>\n<meta name=\"robots\" content=\"index, follow, max-snippet:-1, max-image-preview:large, max-video-preview:-1\" \/>\n<link rel=\"canonical\" href=\"https:\/\/www.pagbrasil.com\/pt-br\/servicos\/conciliacao\/\" \/>\n<meta property=\"og:locale\" content=\"pt_BR\" \/>\n<meta property=\"og:type\" content=\"article\" \/>\n<meta property=\"og:title\" content=\"Concilia\u00e7\u00e3o autom\u00e1tica de pagamentos | PagBrasil\" \/>\n<meta property=\"og:description\" content=\"Com a concilia\u00e7\u00e3o de pagamentos da PagBrasil voc\u00ea tem mais agilidade e seguran\u00e7a na confer\u00eancia de pagamentos. Acesse e conhe\u00e7a os detalhes!\" \/>\n<meta property=\"og:url\" content=\"https:\/\/www.pagbrasil.com\/pt-br\/servicos\/conciliacao\/\" \/>\n<meta property=\"og:site_name\" content=\"PagBrasil\" \/>\n<meta property=\"article:publisher\" content=\"https:\/\/www.facebook.com\/pagbrasilpagamentos\" \/>\n<meta property=\"article:modified_time\" content=\"2024-11-07T20:10:45+00:00\" \/>\n<meta name=\"twitter:card\" content=\"summary_large_image\" \/>\n<script type=\"application\/ld+json\" class=\"yoast-schema-graph\">{\"@context\":\"https:\/\/schema.org\",\"@graph\":[{\"@type\":\"WebPage\",\"@id\":\"https:\/\/www.pagbrasil.com\/pt-br\/servicos\/conciliacao\/\",\"url\":\"https:\/\/www.pagbrasil.com\/pt-br\/servicos\/conciliacao\/\",\"name\":\"Concilia\u00e7\u00e3o autom\u00e1tica de pagamentos | PagBrasil\",\"isPartOf\":{\"@id\":\"https:\/\/www.pagbrasil.com\/pt-br\/#website\"},\"datePublished\":\"2024-07-01T03:00:00+00:00\",\"dateModified\":\"2024-11-07T20:10:45+00:00\",\"description\":\"Com a concilia\u00e7\u00e3o de pagamentos da PagBrasil voc\u00ea tem mais agilidade e seguran\u00e7a na confer\u00eancia de pagamentos. Acesse e conhe\u00e7a os detalhes!\",\"breadcrumb\":{\"@id\":\"https:\/\/www.pagbrasil.com\/pt-br\/servicos\/conciliacao\/#breadcrumb\"},\"inLanguage\":\"pt-BR\",\"potentialAction\":[{\"@type\":\"ReadAction\",\"target\":[\"https:\/\/www.pagbrasil.com\/pt-br\/servicos\/conciliacao\/\"]}]},{\"@type\":\"BreadcrumbList\",\"@id\":\"https:\/\/www.pagbrasil.com\/pt-br\/servicos\/conciliacao\/#breadcrumb\",\"itemListElement\":[{\"@type\":\"ListItem\",\"position\":1,\"name\":\"Home\",\"item\":\"https:\/\/www.pagbrasil.com\/pt-br\/\"},{\"@type\":\"ListItem\",\"position\":2,\"name\":\"Servi\u00e7os\",\"item\":\"https:\/\/www.pagbrasil.com\/pt-br\/servicos\/\"},{\"@type\":\"ListItem\",\"position\":3,\"name\":\"Concilia\u00e7\u00e3o\"}]},{\"@type\":\"WebSite\",\"@id\":\"https:\/\/www.pagbrasil.com\/pt-br\/#website\",\"url\":\"https:\/\/www.pagbrasil.com\/pt-br\/\",\"name\":\"PagBrasil\",\"description\":\"Processe seus pagamentos com PagBrasil, servi\u00e7o de pagamento online de excel\u00eancia para o Brasil, desenvolvido para empresas internacionais.\",\"publisher\":{\"@id\":\"https:\/\/www.pagbrasil.com\/pt-br\/#organization\"},\"potentialAction\":[{\"@type\":\"SearchAction\",\"target\":{\"@type\":\"EntryPoint\",\"urlTemplate\":\"https:\/\/www.pagbrasil.com\/pt-br\/?s={search_term_string}\"},\"query-input\":{\"@type\":\"PropertyValueSpecification\",\"valueRequired\":true,\"valueName\":\"search_term_string\"}}],\"inLanguage\":\"pt-BR\"},{\"@type\":\"Organization\",\"@id\":\"https:\/\/www.pagbrasil.com\/pt-br\/#organization\",\"name\":\"PagBrasil\",\"url\":\"https:\/\/www.pagbrasil.com\/pt-br\/\",\"logo\":{\"@type\":\"ImageObject\",\"inLanguage\":\"pt-BR\",\"@id\":\"https:\/\/www.pagbrasil.com\/pt-br\/#\/schema\/logo\/image\/\",\"url\":\"https:\/\/www.pagbrasil.com\/wp-content\/uploads\/2023\/03\/logo-PB-2.svg\",\"contentUrl\":\"https:\/\/www.pagbrasil.com\/wp-content\/uploads\/2023\/03\/logo-PB-2.svg\",\"width\":265,\"height\":64,\"caption\":\"PagBrasil\"},\"image\":{\"@id\":\"https:\/\/www.pagbrasil.com\/pt-br\/#\/schema\/logo\/image\/\"},\"sameAs\":[\"https:\/\/www.facebook.com\/pagbrasilpagamentos\",\"https:\/\/www.linkedin.com\/company\/pagbrasil-pagamentos-eletronicos-ltda\/\"]}]}<\/script>\n<!-- \/ Yoast SEO plugin. -->","yoast_head_json":{"title":"Concilia\u00e7\u00e3o autom\u00e1tica de pagamentos | PagBrasil","description":"Com a concilia\u00e7\u00e3o de pagamentos da PagBrasil voc\u00ea tem mais agilidade e seguran\u00e7a na confer\u00eancia de pagamentos. Acesse e conhe\u00e7a os detalhes!","robots":{"index":"index","follow":"follow","max-snippet":"max-snippet:-1","max-image-preview":"max-image-preview:large","max-video-preview":"max-video-preview:-1"},"canonical":"https:\/\/www.pagbrasil.com\/pt-br\/servicos\/conciliacao\/","og_locale":"pt_BR","og_type":"article","og_title":"Concilia\u00e7\u00e3o autom\u00e1tica de pagamentos | PagBrasil","og_description":"Com a concilia\u00e7\u00e3o de pagamentos da PagBrasil voc\u00ea tem mais agilidade e seguran\u00e7a na confer\u00eancia de pagamentos. Acesse e conhe\u00e7a os detalhes!","og_url":"https:\/\/www.pagbrasil.com\/pt-br\/servicos\/conciliacao\/","og_site_name":"PagBrasil","article_publisher":"https:\/\/www.facebook.com\/pagbrasilpagamentos","article_modified_time":"2024-11-07T20:10:45+00:00","twitter_card":"summary_large_image","schema":{"@context":"https:\/\/schema.org","@graph":[{"@type":"WebPage","@id":"https:\/\/www.pagbrasil.com\/pt-br\/servicos\/conciliacao\/","url":"https:\/\/www.pagbrasil.com\/pt-br\/servicos\/conciliacao\/","name":"Concilia\u00e7\u00e3o autom\u00e1tica de pagamentos | PagBrasil","isPartOf":{"@id":"https:\/\/www.pagbrasil.com\/pt-br\/#website"},"datePublished":"2024-07-01T03:00:00+00:00","dateModified":"2024-11-07T20:10:45+00:00","description":"Com a concilia\u00e7\u00e3o de pagamentos da PagBrasil voc\u00ea tem mais agilidade e seguran\u00e7a na confer\u00eancia de pagamentos. Acesse e conhe\u00e7a os detalhes!","breadcrumb":{"@id":"https:\/\/www.pagbrasil.com\/pt-br\/servicos\/conciliacao\/#breadcrumb"},"inLanguage":"pt-BR","potentialAction":[{"@type":"ReadAction","target":["https:\/\/www.pagbrasil.com\/pt-br\/servicos\/conciliacao\/"]}]},{"@type":"BreadcrumbList","@id":"https:\/\/www.pagbrasil.com\/pt-br\/servicos\/conciliacao\/#breadcrumb","itemListElement":[{"@type":"ListItem","position":1,"name":"Home","item":"https:\/\/www.pagbrasil.com\/pt-br\/"},{"@type":"ListItem","position":2,"name":"Servi\u00e7os","item":"https:\/\/www.pagbrasil.com\/pt-br\/servicos\/"},{"@type":"ListItem","position":3,"name":"Concilia\u00e7\u00e3o"}]},{"@type":"WebSite","@id":"https:\/\/www.pagbrasil.com\/pt-br\/#website","url":"https:\/\/www.pagbrasil.com\/pt-br\/","name":"PagBrasil","description":"Processe seus pagamentos com PagBrasil, servi\u00e7o de pagamento online de excel\u00eancia para o Brasil, desenvolvido para empresas internacionais.","publisher":{"@id":"https:\/\/www.pagbrasil.com\/pt-br\/#organization"},"potentialAction":[{"@type":"SearchAction","target":{"@type":"EntryPoint","urlTemplate":"https:\/\/www.pagbrasil.com\/pt-br\/?s={search_term_string}"},"query-input":{"@type":"PropertyValueSpecification","valueRequired":true,"valueName":"search_term_string"}}],"inLanguage":"pt-BR"},{"@type":"Organization","@id":"https:\/\/www.pagbrasil.com\/pt-br\/#organization","name":"PagBrasil","url":"https:\/\/www.pagbrasil.com\/pt-br\/","logo":{"@type":"ImageObject","inLanguage":"pt-BR","@id":"https:\/\/www.pagbrasil.com\/pt-br\/#\/schema\/logo\/image\/","url":"https:\/\/www.pagbrasil.com\/wp-content\/uploads\/2023\/03\/logo-PB-2.svg","contentUrl":"https:\/\/www.pagbrasil.com\/wp-content\/uploads\/2023\/03\/logo-PB-2.svg","width":265,"height":64,"caption":"PagBrasil"},"image":{"@id":"https:\/\/www.pagbrasil.com\/pt-br\/#\/schema\/logo\/image\/"},"sameAs":["https:\/\/www.facebook.com\/pagbrasilpagamentos","https:\/\/www.linkedin.com\/company\/pagbrasil-pagamentos-eletronicos-ltda\/"]}]}},"_links":{"self":[{"href":"https:\/\/www.pagbrasil.com\/pt-br\/wp-json\/wp\/v2\/pages\/8401","targetHints":{"allow":["GET"]}}],"collection":[{"href":"https:\/\/www.pagbrasil.com\/pt-br\/wp-json\/wp\/v2\/pages"}],"about":[{"href":"https:\/\/www.pagbrasil.com\/pt-br\/wp-json\/wp\/v2\/types\/page"}],"author":[{"embeddable":true,"href":"https:\/\/www.pagbrasil.com\/pt-br\/wp-json\/wp\/v2\/users\/8"}],"replies":[{"embeddable":true,"href":"https:\/\/www.pagbrasil.com\/pt-br\/wp-json\/wp\/v2\/comments?post=8401"}],"version-history":[{"count":16,"href":"https:\/\/www.pagbrasil.com\/pt-br\/wp-json\/wp\/v2\/pages\/8401\/revisions"}],"predecessor-version":[{"id":80981,"href":"https:\/\/www.pagbrasil.com\/pt-br\/wp-json\/wp\/v2\/pages\/8401\/revisions\/80981"}],"up":[{"embeddable":true,"href":"https:\/\/www.pagbrasil.com\/pt-br\/wp-json\/wp\/v2\/pages\/174"}],"wp:attachment":[{"href":"https:\/\/www.pagbrasil.com\/pt-br\/wp-json\/wp\/v2\/media?parent=8401"}],"curies":[{"name":"wp","href":"https:\/\/api.w.org\/{rel}","templated":true}]}}