{"id":83997,"date":"2025-01-28T13:59:40","date_gmt":"2025-01-28T16:59:40","guid":{"rendered":"https:\/\/www.pagbrasil.com\/?page_id=83997"},"modified":"2026-01-30T10:46:04","modified_gmt":"2026-01-30T13:46:04","slug":"va-alem","status":"publish","type":"page","link":"https:\/\/www.pagbrasil.com\/pt-br\/lp\/va-alem\/","title":{"rendered":"Va al\u00e9m"},"content":{"rendered":"","protected":false},"excerpt":{"rendered":"","protected":false},"author":14,"featured_media":89835,"parent":81873,"menu_order":0,"comment_status":"closed","ping_status":"closed","template":"page-landing-page-components.php","meta":{"_acf_changed":false,"footnotes":""},"class_list":["post-83997","page","type-page","status-publish","has-post-thumbnail","hentry"],"acf":[],"yoast_head":"<!-- This site is optimized with the Yoast SEO plugin v25.7 - https:\/\/yoast.com\/wordpress\/plugins\/seo\/ -->\n<title>V\u00e1 al\u00e9m com a PagBrasil<\/title>\n<meta name=\"description\" content=\"O futuro \u00e9 constru\u00eddo por aqueles que ousam ir al\u00e9m. Conhe\u00e7a a nova cara da PagBrasil, mais simples e fluida. Como os pagamentos digitais devem ser.\" \/>\n<meta name=\"robots\" content=\"noindex, follow\" \/>\n<meta property=\"og:locale\" content=\"pt_BR\" \/>\n<meta property=\"og:type\" content=\"article\" \/>\n<meta property=\"og:title\" content=\"V\u00e1 al\u00e9m com a PagBrasil\" \/>\n<meta property=\"og:description\" content=\"O futuro \u00e9 constru\u00eddo por aqueles que ousam ir al\u00e9m. Conhe\u00e7a a nova cara da PagBrasil, mais simples e fluida. Como os pagamentos digitais devem ser.\" \/>\n<meta property=\"og:url\" content=\"https:\/\/www.pagbrasil.com\/pt-br\/lp\/va-alem\/\" \/>\n<meta property=\"og:site_name\" content=\"PagBrasil\" \/>\n<meta property=\"article:publisher\" content=\"https:\/\/www.facebook.com\/pagbrasilpagamentos\" \/>\n<meta property=\"article:modified_time\" content=\"2026-01-30T13:46:04+00:00\" \/>\n<meta property=\"og:image\" content=\"https:\/\/www.pagbrasil.com\/wp-content\/uploads\/2025\/10\/Capa-Aniversario.jpg\" \/>\n\t<meta property=\"og:image:width\" content=\"670\" \/>\n\t<meta property=\"og:image:height\" content=\"600\" \/>\n\t<meta property=\"og:image:type\" content=\"image\/jpeg\" \/>\n<meta name=\"twitter:card\" content=\"summary_large_image\" \/>\n<script type=\"application\/ld+json\" class=\"yoast-schema-graph\">{\"@context\":\"https:\/\/schema.org\",\"@graph\":[{\"@type\":\"WebPage\",\"@id\":\"https:\/\/www.pagbrasil.com\/pt-br\/lp\/va-alem\/\",\"url\":\"https:\/\/www.pagbrasil.com\/pt-br\/lp\/va-alem\/\",\"name\":\"V\u00e1 al\u00e9m com a PagBrasil\",\"isPartOf\":{\"@id\":\"https:\/\/www.pagbrasil.com\/pt-br\/#website\"},\"primaryImageOfPage\":{\"@id\":\"https:\/\/www.pagbrasil.com\/pt-br\/lp\/va-alem\/#primaryimage\"},\"image\":{\"@id\":\"https:\/\/www.pagbrasil.com\/pt-br\/lp\/va-alem\/#primaryimage\"},\"thumbnailUrl\":\"https:\/\/www.pagbrasil.com\/wp-content\/uploads\/2025\/10\/Capa-Aniversario.jpg\",\"datePublished\":\"2025-01-28T16:59:40+00:00\",\"dateModified\":\"2026-01-30T13:46:04+00:00\",\"description\":\"O futuro \u00e9 constru\u00eddo por aqueles que ousam ir al\u00e9m. Conhe\u00e7a a nova cara da PagBrasil, mais simples e fluida. Como os pagamentos digitais devem ser.\",\"breadcrumb\":{\"@id\":\"https:\/\/www.pagbrasil.com\/pt-br\/lp\/va-alem\/#breadcrumb\"},\"inLanguage\":\"pt-BR\",\"potentialAction\":[{\"@type\":\"ReadAction\",\"target\":[\"https:\/\/www.pagbrasil.com\/pt-br\/lp\/va-alem\/\"]}]},{\"@type\":\"ImageObject\",\"inLanguage\":\"pt-BR\",\"@id\":\"https:\/\/www.pagbrasil.com\/pt-br\/lp\/va-alem\/#primaryimage\",\"url\":\"https:\/\/www.pagbrasil.com\/wp-content\/uploads\/2025\/10\/Capa-Aniversario.jpg\",\"contentUrl\":\"https:\/\/www.pagbrasil.com\/wp-content\/uploads\/2025\/10\/Capa-Aniversario.jpg\",\"width\":670,\"height\":600,\"caption\":\"Capa Aniversario\"},{\"@type\":\"BreadcrumbList\",\"@id\":\"https:\/\/www.pagbrasil.com\/pt-br\/lp\/va-alem\/#breadcrumb\",\"itemListElement\":[{\"@type\":\"ListItem\",\"position\":1,\"name\":\"Home\",\"item\":\"https:\/\/www.pagbrasil.com\/pt-br\/\"},{\"@type\":\"ListItem\",\"position\":2,\"name\":\"lp\",\"item\":\"https:\/\/www.pagbrasil.com\/pt-br\/lp\/\"},{\"@type\":\"ListItem\",\"position\":3,\"name\":\"Va al\u00e9m\"}]},{\"@type\":\"WebSite\",\"@id\":\"https:\/\/www.pagbrasil.com\/pt-br\/#website\",\"url\":\"https:\/\/www.pagbrasil.com\/pt-br\/\",\"name\":\"PagBrasil\",\"description\":\"Processe seus pagamentos com PagBrasil, servi\u00e7o de pagamento online de excel\u00eancia para o Brasil, desenvolvido para empresas internacionais.\",\"publisher\":{\"@id\":\"https:\/\/www.pagbrasil.com\/pt-br\/#organization\"},\"potentialAction\":[{\"@type\":\"SearchAction\",\"target\":{\"@type\":\"EntryPoint\",\"urlTemplate\":\"https:\/\/www.pagbrasil.com\/pt-br\/?s={search_term_string}\"},\"query-input\":{\"@type\":\"PropertyValueSpecification\",\"valueRequired\":true,\"valueName\":\"search_term_string\"}}],\"inLanguage\":\"pt-BR\"},{\"@type\":\"Organization\",\"@id\":\"https:\/\/www.pagbrasil.com\/pt-br\/#organization\",\"name\":\"PagBrasil\",\"url\":\"https:\/\/www.pagbrasil.com\/pt-br\/\",\"logo\":{\"@type\":\"ImageObject\",\"inLanguage\":\"pt-BR\",\"@id\":\"https:\/\/www.pagbrasil.com\/pt-br\/#\/schema\/logo\/image\/\",\"url\":\"https:\/\/www.pagbrasil.com\/wp-content\/uploads\/2023\/03\/logo-PB-2.svg\",\"contentUrl\":\"https:\/\/www.pagbrasil.com\/wp-content\/uploads\/2023\/03\/logo-PB-2.svg\",\"width\":265,\"height\":64,\"caption\":\"PagBrasil\"},\"image\":{\"@id\":\"https:\/\/www.pagbrasil.com\/pt-br\/#\/schema\/logo\/image\/\"},\"sameAs\":[\"https:\/\/www.facebook.com\/pagbrasilpagamentos\",\"https:\/\/www.linkedin.com\/company\/pagbrasil-pagamentos-eletronicos-ltda\/\"]}]}<\/script>\n<!-- \/ Yoast SEO plugin. -->","yoast_head_json":{"title":"V\u00e1 al\u00e9m com a PagBrasil","description":"O futuro \u00e9 constru\u00eddo por aqueles que ousam ir al\u00e9m. Conhe\u00e7a a nova cara da PagBrasil, mais simples e fluida. Como os pagamentos digitais devem ser.","robots":{"index":"noindex","follow":"follow"},"og_locale":"pt_BR","og_type":"article","og_title":"V\u00e1 al\u00e9m com a PagBrasil","og_description":"O futuro \u00e9 constru\u00eddo por aqueles que ousam ir al\u00e9m. Conhe\u00e7a a nova cara da PagBrasil, mais simples e fluida. Como os pagamentos digitais devem ser.","og_url":"https:\/\/www.pagbrasil.com\/pt-br\/lp\/va-alem\/","og_site_name":"PagBrasil","article_publisher":"https:\/\/www.facebook.com\/pagbrasilpagamentos","article_modified_time":"2026-01-30T13:46:04+00:00","og_image":[{"width":670,"height":600,"url":"https:\/\/www.pagbrasil.com\/wp-content\/uploads\/2025\/10\/Capa-Aniversario.jpg","type":"image\/jpeg"}],"twitter_card":"summary_large_image","schema":{"@context":"https:\/\/schema.org","@graph":[{"@type":"WebPage","@id":"https:\/\/www.pagbrasil.com\/pt-br\/lp\/va-alem\/","url":"https:\/\/www.pagbrasil.com\/pt-br\/lp\/va-alem\/","name":"V\u00e1 al\u00e9m com a PagBrasil","isPartOf":{"@id":"https:\/\/www.pagbrasil.com\/pt-br\/#website"},"primaryImageOfPage":{"@id":"https:\/\/www.pagbrasil.com\/pt-br\/lp\/va-alem\/#primaryimage"},"image":{"@id":"https:\/\/www.pagbrasil.com\/pt-br\/lp\/va-alem\/#primaryimage"},"thumbnailUrl":"https:\/\/www.pagbrasil.com\/wp-content\/uploads\/2025\/10\/Capa-Aniversario.jpg","datePublished":"2025-01-28T16:59:40+00:00","dateModified":"2026-01-30T13:46:04+00:00","description":"O futuro \u00e9 constru\u00eddo por aqueles que ousam ir al\u00e9m. Conhe\u00e7a a nova cara da PagBrasil, mais simples e fluida. Como os pagamentos digitais devem ser.","breadcrumb":{"@id":"https:\/\/www.pagbrasil.com\/pt-br\/lp\/va-alem\/#breadcrumb"},"inLanguage":"pt-BR","potentialAction":[{"@type":"ReadAction","target":["https:\/\/www.pagbrasil.com\/pt-br\/lp\/va-alem\/"]}]},{"@type":"ImageObject","inLanguage":"pt-BR","@id":"https:\/\/www.pagbrasil.com\/pt-br\/lp\/va-alem\/#primaryimage","url":"https:\/\/www.pagbrasil.com\/wp-content\/uploads\/2025\/10\/Capa-Aniversario.jpg","contentUrl":"https:\/\/www.pagbrasil.com\/wp-content\/uploads\/2025\/10\/Capa-Aniversario.jpg","width":670,"height":600,"caption":"Capa Aniversario"},{"@type":"BreadcrumbList","@id":"https:\/\/www.pagbrasil.com\/pt-br\/lp\/va-alem\/#breadcrumb","itemListElement":[{"@type":"ListItem","position":1,"name":"Home","item":"https:\/\/www.pagbrasil.com\/pt-br\/"},{"@type":"ListItem","position":2,"name":"lp","item":"https:\/\/www.pagbrasil.com\/pt-br\/lp\/"},{"@type":"ListItem","position":3,"name":"Va al\u00e9m"}]},{"@type":"WebSite","@id":"https:\/\/www.pagbrasil.com\/pt-br\/#website","url":"https:\/\/www.pagbrasil.com\/pt-br\/","name":"PagBrasil","description":"Processe seus pagamentos com PagBrasil, servi\u00e7o de pagamento online de excel\u00eancia para o Brasil, desenvolvido para empresas internacionais.","publisher":{"@id":"https:\/\/www.pagbrasil.com\/pt-br\/#organization"},"potentialAction":[{"@type":"SearchAction","target":{"@type":"EntryPoint","urlTemplate":"https:\/\/www.pagbrasil.com\/pt-br\/?s={search_term_string}"},"query-input":{"@type":"PropertyValueSpecification","valueRequired":true,"valueName":"search_term_string"}}],"inLanguage":"pt-BR"},{"@type":"Organization","@id":"https:\/\/www.pagbrasil.com\/pt-br\/#organization","name":"PagBrasil","url":"https:\/\/www.pagbrasil.com\/pt-br\/","logo":{"@type":"ImageObject","inLanguage":"pt-BR","@id":"https:\/\/www.pagbrasil.com\/pt-br\/#\/schema\/logo\/image\/","url":"https:\/\/www.pagbrasil.com\/wp-content\/uploads\/2023\/03\/logo-PB-2.svg","contentUrl":"https:\/\/www.pagbrasil.com\/wp-content\/uploads\/2023\/03\/logo-PB-2.svg","width":265,"height":64,"caption":"PagBrasil"},"image":{"@id":"https:\/\/www.pagbrasil.com\/pt-br\/#\/schema\/logo\/image\/"},"sameAs":["https:\/\/www.facebook.com\/pagbrasilpagamentos","https:\/\/www.linkedin.com\/company\/pagbrasil-pagamentos-eletronicos-ltda\/"]}]}},"_links":{"self":[{"href":"https:\/\/www.pagbrasil.com\/pt-br\/wp-json\/wp\/v2\/pages\/83997","targetHints":{"allow":["GET"]}}],"collection":[{"href":"https:\/\/www.pagbrasil.com\/pt-br\/wp-json\/wp\/v2\/pages"}],"about":[{"href":"https:\/\/www.pagbrasil.com\/pt-br\/wp-json\/wp\/v2\/types\/page"}],"author":[{"embeddable":true,"href":"https:\/\/www.pagbrasil.com\/pt-br\/wp-json\/wp\/v2\/users\/14"}],"replies":[{"embeddable":true,"href":"https:\/\/www.pagbrasil.com\/pt-br\/wp-json\/wp\/v2\/comments?post=83997"}],"version-history":[{"count":90,"href":"https:\/\/www.pagbrasil.com\/pt-br\/wp-json\/wp\/v2\/pages\/83997\/revisions"}],"predecessor-version":[{"id":90734,"href":"https:\/\/www.pagbrasil.com\/pt-br\/wp-json\/wp\/v2\/pages\/83997\/revisions\/90734"}],"up":[{"embeddable":true,"href":"https:\/\/www.pagbrasil.com\/pt-br\/wp-json\/wp\/v2\/pages\/81873"}],"wp:featuredmedia":[{"embeddable":true,"href":"https:\/\/www.pagbrasil.com\/pt-br\/wp-json\/wp\/v2\/media\/89835"}],"wp:attachment":[{"href":"https:\/\/www.pagbrasil.com\/pt-br\/wp-json\/wp\/v2\/media?parent=83997"}],"curies":[{"name":"wp","href":"https:\/\/api.w.org\/{rel}","templated":true}]}}