{"id":83725,"date":"2024-12-23T16:17:52","date_gmt":"2024-12-23T19:17:52","guid":{"rendered":"https:\/\/www.pagbrasil.com\/?page_id=83725"},"modified":"2025-01-15T11:03:27","modified_gmt":"2025-01-15T14:03:27","slug":"lista-de-produtos-restritos-e-proibidos","status":"publish","type":"page","link":"https:\/\/www.pagbrasil.com\/pt-br\/lista-de-produtos-restritos-e-proibidos\/","title":{"rendered":"Lista de Produtos Restritos e Proibidos"},"content":{"rendered":"<p><strong>V\u00e1lida a partir de dezembro de 2024.<\/strong><\/p>\n<p>Para assegurar a conformidade com obriga\u00e7\u00f5es legais e regulat\u00f3rias, o uso dos <strong>Servi\u00e7os<\/strong> da <strong>PagBrasil<\/strong> para determinados <strong>Produtos e Servi\u00e7os<\/strong> pode ser restrito ou proibido. Esta decis\u00e3o \u00e9 tomada com base em v\u00e1rios fatores, incluindo legisla\u00e7\u00f5es, requisitos regulat\u00f3rios ou de demais participantes do Sistema de Pagamentos Brasileiro, an\u00e1lise de risco e potenciais impactos reputacionais e financeiros para a <strong>PagBrasil<\/strong>. As listas abaixo poder\u00e3o ser alteradas pela <strong>PagBrasil<\/strong> a qualquer momento.<\/p>\n<p>Os <strong>Produtos e Servi\u00e7os<\/strong> listados abaixo est\u00e3o sujeitos a restri\u00e7\u00f5es para envio ou recebimento de pagamentos como retribui\u00e7\u00e3o pela sua venda ou fornecimento e exigem a aprova\u00e7\u00e3o pr\u00e9via da <strong>PagBrasil<\/strong>, mediante aditivo ao <strong>Contrato<\/strong>.<\/p>\n<p>A <strong>PagBrasil<\/strong> poder\u00e1 solicitar documentos adicionais do <strong>Estabelecimento<\/strong> para aprovar os <strong>Produtos e Servi\u00e7os<\/strong> restritos. Caso a <strong>PagBrasil<\/strong> concorde em oferecer os <strong>Servi\u00e7os<\/strong> para determinado <strong>Produto ou Servi\u00e7o<\/strong>, este ato n\u00e3o dever\u00e1 ser considerado como uma declara\u00e7\u00e3o da legalidade dos <strong>Produtos e Servi\u00e7os<\/strong> do <strong>Estabelecimento<\/strong>. O <strong>Estabelecimento<\/strong> permanece sendo o \u00fanico respons\u00e1vel por garantir que seus <strong>Produtos e Servi\u00e7os<\/strong> estejam em conformidade com as leis e regulamentos aplic\u00e1veis, bem como com as disposi\u00e7\u00f5es contratuais.<\/p>\n<p><strong>Produtos e Servi\u00e7os Restritos:<\/strong><\/p>\n<ul>\n<li>Servi\u00e7os de clarivid\u00eancia<\/li>\n<li>Servi\u00e7os de caridade registradas<\/li>\n<li>Moedas virtuais permut\u00e1veis e qualquer tipo de ativos financeiros transacion\u00e1veis<\/li>\n<li>Cart\u00f5es de presente<\/li>\n<li>Cobran\u00e7as legais decorrentes de servi\u00e7os jur\u00eddicos<\/li>\n<li>Servi\u00e7os de compartilhamento de arquivos e armazenamento em nuvem<\/li>\n<li>Credenciais de jogo e compras de moedas virtuais<\/li>\n<li>Leil\u00e3o online<\/li>\n<li>Seguros<\/li>\n<\/ul>\n<p>\u00c9 expressamente proibido vender, fornecer, enviar e receber pagamentos de qualquer <strong>Produto e Servi\u00e7o<\/strong> inclu\u00eddo nas categorias listadas abaixo. O descumprimento desta proibi\u00e7\u00e3o ser\u00e1 considerado uma viola\u00e7\u00e3o grave das disposi\u00e7\u00f5es contratuais, sujeitando o <strong>Estabelecimento<\/strong> a penalidades conforme previsto no <strong>Contrato<\/strong>.<\/p>\n<p><strong>Produtos e Servi\u00e7os Proibidos:<\/strong><\/p>\n<ul>\n<li>Armas ou artefatos explosivos<\/li>\n<li>Materiais t\u00f3xicos<\/li>\n<li>Materiais inflam\u00e1veis ou radioativos<\/li>\n<li>Pornografia<\/li>\n<li>Servi\u00e7os sexuais<\/li>\n<li>Documentos de identidade<\/li>\n<li>Produtos e servi\u00e7os falsificados ou n\u00e3o autorizados<\/li>\n<li>Produtos e servi\u00e7os que infrinjam direitos autorais, marcas, patentes, e outros direitos de propriedade intelectual<\/li>\n<li>Servi\u00e7os de jogos de azar e apostas<\/li>\n<li>Produtos e servi\u00e7os roubados, subtra\u00eddos, contrabandeados, falsificados, adulterados ou replicados<\/li>\n<li>Venda em pir\u00e2mide e marketing multin\u00edvel<\/li>\n<li>Itens que incentivam ou facilitam atividades ilegais<\/li>\n<li>Venda ilegal de tabaco, cigarros eletr\u00f4nicos, bebidas alco\u00f3licas, suplementos nutricionais, produtos farmac\u00eauticos, medicamentos<\/li>\n<li>C\u00e2mbio de divisas<\/li>\n<li>Financiamento de campanhas pol\u00edticas, doa\u00e7\u00f5es de\/para pol\u00edticos e outras causas pol\u00edticas<\/li>\n<li>Institui\u00e7\u00f5es religiosas<\/li>\n<li>Outros produtos e servi\u00e7os ilegais<\/li>\n<\/ul>\n","protected":false},"excerpt":{"rendered":"<p>V\u00e1lida a partir de dezembro de 2024. Para assegurar a conformidade com obriga\u00e7\u00f5es legais e regulat\u00f3rias, o uso dos Servi\u00e7os [&#8230;]<\/p>\n","protected":false},"author":43,"featured_media":0,"parent":0,"menu_order":0,"comment_status":"closed","ping_status":"closed","template":"page-text-no-sidebar.php","meta":{"_acf_changed":false,"footnotes":""},"class_list":["post-83725","page","type-page","status-publish","hentry"],"acf":[],"yoast_head":"<!-- This site is optimized with the Yoast SEO plugin v25.7 - https:\/\/yoast.com\/wordpress\/plugins\/seo\/ -->\n<title>Lista de Produtos Restritos e Proibidos | PagBrasil<\/title>\n<meta name=\"robots\" content=\"noindex, nofollow\" \/>\n<meta property=\"og:locale\" content=\"pt_BR\" \/>\n<meta property=\"og:type\" content=\"article\" \/>\n<meta property=\"og:title\" content=\"Lista de Produtos Restritos e Proibidos | PagBrasil\" \/>\n<meta property=\"og:description\" content=\"V\u00e1lida a partir de dezembro de 2024. Para assegurar a conformidade com obriga\u00e7\u00f5es legais e regulat\u00f3rias, o uso dos Servi\u00e7os [...]\" \/>\n<meta property=\"og:url\" content=\"https:\/\/www.pagbrasil.com\/pt-br\/lista-de-produtos-restritos-e-proibidos\/\" \/>\n<meta property=\"og:site_name\" content=\"PagBrasil\" \/>\n<meta property=\"article:publisher\" content=\"https:\/\/www.facebook.com\/pagbrasilpagamentos\" \/>\n<meta property=\"article:modified_time\" content=\"2025-01-15T14:03:27+00:00\" \/>\n<meta name=\"twitter:card\" content=\"summary_large_image\" \/>\n<meta name=\"twitter:label1\" content=\"Est. tempo de leitura\" \/>\n\t<meta name=\"twitter:data1\" content=\"2 minutos\" \/>\n<script type=\"application\/ld+json\" class=\"yoast-schema-graph\">{\"@context\":\"https:\/\/schema.org\",\"@graph\":[{\"@type\":\"WebPage\",\"@id\":\"https:\/\/www.pagbrasil.com\/pt-br\/lista-de-produtos-restritos-e-proibidos\/\",\"url\":\"https:\/\/www.pagbrasil.com\/pt-br\/lista-de-produtos-restritos-e-proibidos\/\",\"name\":\"Lista de Produtos Restritos e Proibidos | PagBrasil\",\"isPartOf\":{\"@id\":\"https:\/\/www.pagbrasil.com\/pt-br\/#website\"},\"datePublished\":\"2024-12-23T19:17:52+00:00\",\"dateModified\":\"2025-01-15T14:03:27+00:00\",\"breadcrumb\":{\"@id\":\"https:\/\/www.pagbrasil.com\/pt-br\/lista-de-produtos-restritos-e-proibidos\/#breadcrumb\"},\"inLanguage\":\"pt-BR\",\"potentialAction\":[{\"@type\":\"ReadAction\",\"target\":[\"https:\/\/www.pagbrasil.com\/pt-br\/lista-de-produtos-restritos-e-proibidos\/\"]}]},{\"@type\":\"BreadcrumbList\",\"@id\":\"https:\/\/www.pagbrasil.com\/pt-br\/lista-de-produtos-restritos-e-proibidos\/#breadcrumb\",\"itemListElement\":[{\"@type\":\"ListItem\",\"position\":1,\"name\":\"Home\",\"item\":\"https:\/\/www.pagbrasil.com\/pt-br\/\"},{\"@type\":\"ListItem\",\"position\":2,\"name\":\"Lista de Produtos Restritos e Proibidos\"}]},{\"@type\":\"WebSite\",\"@id\":\"https:\/\/www.pagbrasil.com\/pt-br\/#website\",\"url\":\"https:\/\/www.pagbrasil.com\/pt-br\/\",\"name\":\"PagBrasil\",\"description\":\"Processe seus pagamentos com PagBrasil, servi\u00e7o de pagamento online de excel\u00eancia para o Brasil, desenvolvido para empresas internacionais.\",\"publisher\":{\"@id\":\"https:\/\/www.pagbrasil.com\/pt-br\/#organization\"},\"potentialAction\":[{\"@type\":\"SearchAction\",\"target\":{\"@type\":\"EntryPoint\",\"urlTemplate\":\"https:\/\/www.pagbrasil.com\/pt-br\/?s={search_term_string}\"},\"query-input\":{\"@type\":\"PropertyValueSpecification\",\"valueRequired\":true,\"valueName\":\"search_term_string\"}}],\"inLanguage\":\"pt-BR\"},{\"@type\":\"Organization\",\"@id\":\"https:\/\/www.pagbrasil.com\/pt-br\/#organization\",\"name\":\"PagBrasil\",\"url\":\"https:\/\/www.pagbrasil.com\/pt-br\/\",\"logo\":{\"@type\":\"ImageObject\",\"inLanguage\":\"pt-BR\",\"@id\":\"https:\/\/www.pagbrasil.com\/pt-br\/#\/schema\/logo\/image\/\",\"url\":\"https:\/\/www.pagbrasil.com\/wp-content\/uploads\/2023\/03\/logo-PB-2.svg\",\"contentUrl\":\"https:\/\/www.pagbrasil.com\/wp-content\/uploads\/2023\/03\/logo-PB-2.svg\",\"width\":265,\"height\":64,\"caption\":\"PagBrasil\"},\"image\":{\"@id\":\"https:\/\/www.pagbrasil.com\/pt-br\/#\/schema\/logo\/image\/\"},\"sameAs\":[\"https:\/\/www.facebook.com\/pagbrasilpagamentos\",\"https:\/\/www.linkedin.com\/company\/pagbrasil-pagamentos-eletronicos-ltda\/\"]}]}<\/script>\n<!-- \/ Yoast SEO plugin. -->","yoast_head_json":{"title":"Lista de Produtos Restritos e Proibidos | PagBrasil","robots":{"index":"noindex","follow":"nofollow"},"og_locale":"pt_BR","og_type":"article","og_title":"Lista de Produtos Restritos e Proibidos | PagBrasil","og_description":"V\u00e1lida a partir de dezembro de 2024. Para assegurar a conformidade com obriga\u00e7\u00f5es legais e regulat\u00f3rias, o uso dos Servi\u00e7os [...]","og_url":"https:\/\/www.pagbrasil.com\/pt-br\/lista-de-produtos-restritos-e-proibidos\/","og_site_name":"PagBrasil","article_publisher":"https:\/\/www.facebook.com\/pagbrasilpagamentos","article_modified_time":"2025-01-15T14:03:27+00:00","twitter_card":"summary_large_image","twitter_misc":{"Est. tempo de leitura":"2 minutos"},"schema":{"@context":"https:\/\/schema.org","@graph":[{"@type":"WebPage","@id":"https:\/\/www.pagbrasil.com\/pt-br\/lista-de-produtos-restritos-e-proibidos\/","url":"https:\/\/www.pagbrasil.com\/pt-br\/lista-de-produtos-restritos-e-proibidos\/","name":"Lista de Produtos Restritos e Proibidos | PagBrasil","isPartOf":{"@id":"https:\/\/www.pagbrasil.com\/pt-br\/#website"},"datePublished":"2024-12-23T19:17:52+00:00","dateModified":"2025-01-15T14:03:27+00:00","breadcrumb":{"@id":"https:\/\/www.pagbrasil.com\/pt-br\/lista-de-produtos-restritos-e-proibidos\/#breadcrumb"},"inLanguage":"pt-BR","potentialAction":[{"@type":"ReadAction","target":["https:\/\/www.pagbrasil.com\/pt-br\/lista-de-produtos-restritos-e-proibidos\/"]}]},{"@type":"BreadcrumbList","@id":"https:\/\/www.pagbrasil.com\/pt-br\/lista-de-produtos-restritos-e-proibidos\/#breadcrumb","itemListElement":[{"@type":"ListItem","position":1,"name":"Home","item":"https:\/\/www.pagbrasil.com\/pt-br\/"},{"@type":"ListItem","position":2,"name":"Lista de Produtos Restritos e Proibidos"}]},{"@type":"WebSite","@id":"https:\/\/www.pagbrasil.com\/pt-br\/#website","url":"https:\/\/www.pagbrasil.com\/pt-br\/","name":"PagBrasil","description":"Processe seus pagamentos com PagBrasil, servi\u00e7o de pagamento online de excel\u00eancia para o Brasil, desenvolvido para empresas internacionais.","publisher":{"@id":"https:\/\/www.pagbrasil.com\/pt-br\/#organization"},"potentialAction":[{"@type":"SearchAction","target":{"@type":"EntryPoint","urlTemplate":"https:\/\/www.pagbrasil.com\/pt-br\/?s={search_term_string}"},"query-input":{"@type":"PropertyValueSpecification","valueRequired":true,"valueName":"search_term_string"}}],"inLanguage":"pt-BR"},{"@type":"Organization","@id":"https:\/\/www.pagbrasil.com\/pt-br\/#organization","name":"PagBrasil","url":"https:\/\/www.pagbrasil.com\/pt-br\/","logo":{"@type":"ImageObject","inLanguage":"pt-BR","@id":"https:\/\/www.pagbrasil.com\/pt-br\/#\/schema\/logo\/image\/","url":"https:\/\/www.pagbrasil.com\/wp-content\/uploads\/2023\/03\/logo-PB-2.svg","contentUrl":"https:\/\/www.pagbrasil.com\/wp-content\/uploads\/2023\/03\/logo-PB-2.svg","width":265,"height":64,"caption":"PagBrasil"},"image":{"@id":"https:\/\/www.pagbrasil.com\/pt-br\/#\/schema\/logo\/image\/"},"sameAs":["https:\/\/www.facebook.com\/pagbrasilpagamentos","https:\/\/www.linkedin.com\/company\/pagbrasil-pagamentos-eletronicos-ltda\/"]}]}},"_links":{"self":[{"href":"https:\/\/www.pagbrasil.com\/pt-br\/wp-json\/wp\/v2\/pages\/83725","targetHints":{"allow":["GET"]}}],"collection":[{"href":"https:\/\/www.pagbrasil.com\/pt-br\/wp-json\/wp\/v2\/pages"}],"about":[{"href":"https:\/\/www.pagbrasil.com\/pt-br\/wp-json\/wp\/v2\/types\/page"}],"author":[{"embeddable":true,"href":"https:\/\/www.pagbrasil.com\/pt-br\/wp-json\/wp\/v2\/users\/43"}],"replies":[{"embeddable":true,"href":"https:\/\/www.pagbrasil.com\/pt-br\/wp-json\/wp\/v2\/comments?post=83725"}],"version-history":[{"count":6,"href":"https:\/\/www.pagbrasil.com\/pt-br\/wp-json\/wp\/v2\/pages\/83725\/revisions"}],"predecessor-version":[{"id":83861,"href":"https:\/\/www.pagbrasil.com\/pt-br\/wp-json\/wp\/v2\/pages\/83725\/revisions\/83861"}],"wp:attachment":[{"href":"https:\/\/www.pagbrasil.com\/pt-br\/wp-json\/wp\/v2\/media?parent=83725"}],"curies":[{"name":"wp","href":"https:\/\/api.w.org\/{rel}","templated":true}]}}