{"id":79063,"date":"2024-05-31T11:34:43","date_gmt":"2024-05-31T14:34:43","guid":{"rendered":"https:\/\/www.pagbrasil.com\/?page_id=79063"},"modified":"2026-04-27T08:56:27","modified_gmt":"2026-04-27T11:56:27","slug":"termos-de-uso-efx","status":"publish","type":"page","link":"https:\/\/www.pagbrasil.com\/pt-br\/termos-de-uso-efx\/","title":{"rendered":"Termos de uso (eFX)"},"content":{"rendered":"<h6>\u00daltima Atualiza\u00e7\u00e3o: 20\/04\/2026<\/h6>\n<p>&nbsp;<\/p>\n<h4>Defini\u00e7\u00f5es:<\/h4>\n<p><strong>PagBrasil<\/strong>: a empresa PagBrasil Intitui\u00e7\u00e3o de Pagamento Ltda., pessoa jur\u00eddica de direito privado, inscrita no CNPJ sob o n\u00ba 14.630.124\/0001-65, e a empresa PagBrasil Tecnologia Institui\u00e7\u00e3o de Pagamento Ltda., pessoa jur\u00eddica de direito privado, inscrita no CNPJ sob o n\u00ba 55.251.092\/0001-74, ambas constitu\u00eddas e operantes de acordo com as leis do Brasil, com sede na Av. Carlos Gomes, 1122, Torre A, 11\u00ba andar, Porto Alegre, RS, CEP 90470-282, Brasil.<br \/>\n<strong>Produtos e Servi\u00e7os<\/strong>: entendem-se pelos produtos e servi\u00e7os adquiridos pelo Usu\u00e1rio Pagador ou vendidos pelo Usu\u00e1rio Recebedor por meio do servi\u00e7o de pagamento da PagBrasil.<br \/>\n<strong>Usu\u00e1rio Pagador<\/strong>: a pessoa f\u00edsica ou jur\u00eddica, titular de conta banc\u00e1ria ou de pagamento, que adquire Produtos e Servi\u00e7os.<br \/>\n<strong>Usu\u00e1rio Recebedor<\/strong>: a pessoa f\u00edsica ou jur\u00eddica, titular de conta banc\u00e1ria ou de pagamento, que recebe valores provenientes da venda de Produtos e Servi\u00e7os.<\/p>\n<p>&nbsp;<\/p>\n<h4>1. Reconhecimento e Concord\u00e2ncia:<\/h4>\n<p>Quando da realiza\u00e7\u00e3o do pagamento, o Usu\u00e1rio Pagador ou o Usu\u00e1rio Recebedor reconhece e concorda que a PagBrasil atua como facilitadora internacional de pagamentos, n\u00e3o integrando a rela\u00e7\u00e3o comercial entre as partes. Em nome e por conta do Usu\u00e1rio Pagador ou do Usu\u00e1rio Recebedor, a PagBrasil realizar\u00e1 uma opera\u00e7\u00e3o cambial, incluindo a celebra\u00e7\u00e3o de contratos de c\u00e2mbio e outros documentos necess\u00e1rios para a efetiva\u00e7\u00e3o da remessa de recursos para o exterior ou recebimento de recursos provenientes do exterior. Para esse fim, o Usu\u00e1rio Pagador ou o Usu\u00e1rio Recebedor desde j\u00e1 autoriza a PagBrasil a, em seu nome e por sua conta, contratar institui\u00e7\u00e3o autorizada para viabilizar a liquida\u00e7\u00e3o da transa\u00e7\u00e3o, bem como contratar institui\u00e7\u00e3o autorizada a operar no mercado de c\u00e2mbio para realizar a execu\u00e7\u00e3o da opera\u00e7\u00e3o de c\u00e2mbio. A PagBrasil n\u00e3o capta dep\u00f3sitos do p\u00fablico, n\u00e3o oferece produtos de investimento e n\u00e3o presta assessoria financeira.<\/p>\n<p>&nbsp;<\/p>\n<h4>2. Responsabilidades:<\/h4>\n<p>O Usu\u00e1rio Pagador ou o Usu\u00e1rio Recebedor declara estar ciente:<\/p>\n<p>(a) das condi\u00e7\u00f5es e da natureza do servi\u00e7o prestado pela PagBrasil;<\/p>\n<p>(b) de que a efetiva\u00e7\u00e3o da transa\u00e7\u00e3o depende do cumprimento das condi\u00e7\u00f5es espec\u00edficas aplic\u00e1veis ao instrumento de pagamento utilizado para o recebimento ou repasse de valores em reais pela PagBrasil;<\/p>\n<p>(c) de que poder\u00e3o incidir tarifas, spread cambial e tributos sobre a opera\u00e7\u00e3o;<\/p>\n<p>(d) de que \u00e9 inteiramente respons\u00e1vel pela veracidade das informa\u00e7\u00f5es fornecidas, bem como pela declara\u00e7\u00e3o e recolhimento dos tributos incidentes sobre as opera\u00e7\u00f5es realizadas;<\/p>\n<p>(e) de que marcas, nomes comerciais, softwares, APIs, layouts e conte\u00fados s\u00e3o de titularidade da PagBrasil ou licenciados, sendo vedado seu uso sem autoriza\u00e7\u00e3o.<\/p>\n<p>&nbsp;<\/p>\n<h4>3. Compartilhamento de Informa\u00e7\u00f5es e Transfer\u00eancia Internacional:<\/h4>\n<p>O Usu\u00e1rio Pagador ou o Usu\u00e1rio Recebedor concorda expressamente com o compartilhamento de informa\u00e7\u00f5es transacionais e dados pessoais com o Banco Central do Brasil, demais institui\u00e7\u00f5es participantes na transa\u00e7\u00e3o e autoridades regulat\u00f3rias ou fiscais, nacionais ou estrangeiras, conforme exigido pela legisla\u00e7\u00e3o aplic\u00e1vel.<\/p>\n<p>&nbsp;<\/p>\n<h4>4. Uso de Servi\u00e7os:<\/h4>\n<p>O Usu\u00e1rio Pagador ou o Usu\u00e1rio Recebedor se compromete a n\u00e3o utilizar os servi\u00e7os da PagBrasil para adquirir ou vender Produtos e Servi\u00e7os il\u00edcitos, proibidos ou ofensivos, conforme a legisla\u00e7\u00e3o aplic\u00e1vel vigente e a <a href=\"https:\/\/www.pagbrasil.com\/pt-br\/lista-de-produtos-restritos-e-proibidos\/\">Lista de Produtos Restritos e Proibidos da PagBrasil<\/a>, e declara estar ciente de que a PagBrasil poder\u00e1 impor limites de valor e\/ou suspender ou recusar transa\u00e7\u00f5es diante de ind\u00edcios de fraude, lavagem de dinheiro, financiamento do terrorismo, descumprimento de san\u00e7\u00f5es econ\u00f4micas ou listas restritivas, infra\u00e7\u00e3o a estes Termos, risco elevado ou determina\u00e7\u00e3o legal.<\/p>\n<p>A PagBrasil poder\u00e1 atualizar estes Termos para refletir mudan\u00e7as legais, t\u00e9cnicas ou operacionais. O uso continuado dos servi\u00e7os ap\u00f3s a vig\u00eancia das altera\u00e7\u00f5es implica aceita\u00e7\u00e3o.<\/p>\n<p>&nbsp;<\/p>\n<h4>5. Lei Aplic\u00e1vel e Solu\u00e7\u00e3o de Disputas:<\/h4>\n<p>Esses Termos ser\u00e3o regidos pela legisla\u00e7\u00e3o brasileira. Qualquer disputa envolvendo os presentes Termos ser\u00e1 submetida \u00e0 jurisdi\u00e7\u00e3o do foro da comarca de Porto Alegre\/RS, Brasil.<\/p>\n","protected":false},"excerpt":{"rendered":"<p>\u00daltima Atualiza\u00e7\u00e3o: 20\/04\/2026 &nbsp; Defini\u00e7\u00f5es: PagBrasil: a empresa PagBrasil Intitui\u00e7\u00e3o de Pagamento Ltda., pessoa jur\u00eddica de direito privado, inscrita no [&#8230;]<\/p>\n","protected":false},"author":14,"featured_media":0,"parent":0,"menu_order":0,"comment_status":"closed","ping_status":"closed","template":"page-text-no-sidebar.php","meta":{"_acf_changed":false,"footnotes":""},"class_list":["post-79063","page","type-page","status-publish","hentry"],"acf":[],"yoast_head":"<!-- This site is optimized with the Yoast SEO plugin v25.7 - https:\/\/yoast.com\/wordpress\/plugins\/seo\/ -->\n<title>Termos de uso (eFX) | PagBrasil<\/title>\n<meta name=\"robots\" content=\"index, follow, max-snippet:-1, max-image-preview:large, max-video-preview:-1\" \/>\n<link rel=\"canonical\" href=\"https:\/\/www.pagbrasil.com\/pt-br\/termos-de-uso-efx\/\" \/>\n<meta property=\"og:locale\" content=\"pt_BR\" \/>\n<meta property=\"og:type\" content=\"article\" \/>\n<meta property=\"og:title\" content=\"Termos de uso (eFX) | PagBrasil\" \/>\n<meta property=\"og:description\" content=\"\u00daltima Atualiza\u00e7\u00e3o: 20\/04\/2026 &nbsp; Defini\u00e7\u00f5es: PagBrasil: a empresa PagBrasil Intitui\u00e7\u00e3o de Pagamento Ltda., pessoa jur\u00eddica de direito privado, inscrita no [...]\" \/>\n<meta property=\"og:url\" content=\"https:\/\/www.pagbrasil.com\/pt-br\/termos-de-uso-efx\/\" \/>\n<meta property=\"og:site_name\" content=\"PagBrasil\" \/>\n<meta property=\"article:publisher\" content=\"https:\/\/www.facebook.com\/pagbrasilpagamentos\" \/>\n<meta property=\"article:modified_time\" content=\"2026-04-27T11:56:27+00:00\" \/>\n<meta name=\"twitter:card\" content=\"summary_large_image\" \/>\n<meta name=\"twitter:label1\" content=\"Est. tempo de leitura\" \/>\n\t<meta name=\"twitter:data1\" content=\"2 minutos\" \/>\n<script type=\"application\/ld+json\" class=\"yoast-schema-graph\">{\"@context\":\"https:\/\/schema.org\",\"@graph\":[{\"@type\":\"WebPage\",\"@id\":\"https:\/\/www.pagbrasil.com\/pt-br\/termos-de-uso-efx\/\",\"url\":\"https:\/\/www.pagbrasil.com\/pt-br\/termos-de-uso-efx\/\",\"name\":\"Termos de uso (eFX) | PagBrasil\",\"isPartOf\":{\"@id\":\"https:\/\/www.pagbrasil.com\/pt-br\/#website\"},\"datePublished\":\"2024-05-31T14:34:43+00:00\",\"dateModified\":\"2026-04-27T11:56:27+00:00\",\"breadcrumb\":{\"@id\":\"https:\/\/www.pagbrasil.com\/pt-br\/termos-de-uso-efx\/#breadcrumb\"},\"inLanguage\":\"pt-BR\",\"potentialAction\":[{\"@type\":\"ReadAction\",\"target\":[\"https:\/\/www.pagbrasil.com\/pt-br\/termos-de-uso-efx\/\"]}]},{\"@type\":\"BreadcrumbList\",\"@id\":\"https:\/\/www.pagbrasil.com\/pt-br\/termos-de-uso-efx\/#breadcrumb\",\"itemListElement\":[{\"@type\":\"ListItem\",\"position\":1,\"name\":\"Home\",\"item\":\"https:\/\/www.pagbrasil.com\/pt-br\/\"},{\"@type\":\"ListItem\",\"position\":2,\"name\":\"Termos de uso (eFX)\"}]},{\"@type\":\"WebSite\",\"@id\":\"https:\/\/www.pagbrasil.com\/pt-br\/#website\",\"url\":\"https:\/\/www.pagbrasil.com\/pt-br\/\",\"name\":\"PagBrasil\",\"description\":\"Processe seus pagamentos com PagBrasil, servi\u00e7o de pagamento online de excel\u00eancia para o Brasil, desenvolvido para empresas internacionais.\",\"publisher\":{\"@id\":\"https:\/\/www.pagbrasil.com\/pt-br\/#organization\"},\"potentialAction\":[{\"@type\":\"SearchAction\",\"target\":{\"@type\":\"EntryPoint\",\"urlTemplate\":\"https:\/\/www.pagbrasil.com\/pt-br\/?s={search_term_string}\"},\"query-input\":{\"@type\":\"PropertyValueSpecification\",\"valueRequired\":true,\"valueName\":\"search_term_string\"}}],\"inLanguage\":\"pt-BR\"},{\"@type\":\"Organization\",\"@id\":\"https:\/\/www.pagbrasil.com\/pt-br\/#organization\",\"name\":\"PagBrasil\",\"url\":\"https:\/\/www.pagbrasil.com\/pt-br\/\",\"logo\":{\"@type\":\"ImageObject\",\"inLanguage\":\"pt-BR\",\"@id\":\"https:\/\/www.pagbrasil.com\/pt-br\/#\/schema\/logo\/image\/\",\"url\":\"https:\/\/www.pagbrasil.com\/wp-content\/uploads\/2023\/03\/logo-PB-2.svg\",\"contentUrl\":\"https:\/\/www.pagbrasil.com\/wp-content\/uploads\/2023\/03\/logo-PB-2.svg\",\"width\":265,\"height\":64,\"caption\":\"PagBrasil\"},\"image\":{\"@id\":\"https:\/\/www.pagbrasil.com\/pt-br\/#\/schema\/logo\/image\/\"},\"sameAs\":[\"https:\/\/www.facebook.com\/pagbrasilpagamentos\",\"https:\/\/www.linkedin.com\/company\/pagbrasil-pagamentos-eletronicos-ltda\/\"]}]}<\/script>\n<!-- \/ Yoast SEO plugin. -->","yoast_head_json":{"title":"Termos de uso (eFX) | PagBrasil","robots":{"index":"index","follow":"follow","max-snippet":"max-snippet:-1","max-image-preview":"max-image-preview:large","max-video-preview":"max-video-preview:-1"},"canonical":"https:\/\/www.pagbrasil.com\/pt-br\/termos-de-uso-efx\/","og_locale":"pt_BR","og_type":"article","og_title":"Termos de uso (eFX) | PagBrasil","og_description":"\u00daltima Atualiza\u00e7\u00e3o: 20\/04\/2026 &nbsp; Defini\u00e7\u00f5es: PagBrasil: a empresa PagBrasil Intitui\u00e7\u00e3o de Pagamento Ltda., pessoa jur\u00eddica de direito privado, inscrita no [...]","og_url":"https:\/\/www.pagbrasil.com\/pt-br\/termos-de-uso-efx\/","og_site_name":"PagBrasil","article_publisher":"https:\/\/www.facebook.com\/pagbrasilpagamentos","article_modified_time":"2026-04-27T11:56:27+00:00","twitter_card":"summary_large_image","twitter_misc":{"Est. tempo de leitura":"2 minutos"},"schema":{"@context":"https:\/\/schema.org","@graph":[{"@type":"WebPage","@id":"https:\/\/www.pagbrasil.com\/pt-br\/termos-de-uso-efx\/","url":"https:\/\/www.pagbrasil.com\/pt-br\/termos-de-uso-efx\/","name":"Termos de uso (eFX) | PagBrasil","isPartOf":{"@id":"https:\/\/www.pagbrasil.com\/pt-br\/#website"},"datePublished":"2024-05-31T14:34:43+00:00","dateModified":"2026-04-27T11:56:27+00:00","breadcrumb":{"@id":"https:\/\/www.pagbrasil.com\/pt-br\/termos-de-uso-efx\/#breadcrumb"},"inLanguage":"pt-BR","potentialAction":[{"@type":"ReadAction","target":["https:\/\/www.pagbrasil.com\/pt-br\/termos-de-uso-efx\/"]}]},{"@type":"BreadcrumbList","@id":"https:\/\/www.pagbrasil.com\/pt-br\/termos-de-uso-efx\/#breadcrumb","itemListElement":[{"@type":"ListItem","position":1,"name":"Home","item":"https:\/\/www.pagbrasil.com\/pt-br\/"},{"@type":"ListItem","position":2,"name":"Termos de uso (eFX)"}]},{"@type":"WebSite","@id":"https:\/\/www.pagbrasil.com\/pt-br\/#website","url":"https:\/\/www.pagbrasil.com\/pt-br\/","name":"PagBrasil","description":"Processe seus pagamentos com PagBrasil, servi\u00e7o de pagamento online de excel\u00eancia para o Brasil, desenvolvido para empresas internacionais.","publisher":{"@id":"https:\/\/www.pagbrasil.com\/pt-br\/#organization"},"potentialAction":[{"@type":"SearchAction","target":{"@type":"EntryPoint","urlTemplate":"https:\/\/www.pagbrasil.com\/pt-br\/?s={search_term_string}"},"query-input":{"@type":"PropertyValueSpecification","valueRequired":true,"valueName":"search_term_string"}}],"inLanguage":"pt-BR"},{"@type":"Organization","@id":"https:\/\/www.pagbrasil.com\/pt-br\/#organization","name":"PagBrasil","url":"https:\/\/www.pagbrasil.com\/pt-br\/","logo":{"@type":"ImageObject","inLanguage":"pt-BR","@id":"https:\/\/www.pagbrasil.com\/pt-br\/#\/schema\/logo\/image\/","url":"https:\/\/www.pagbrasil.com\/wp-content\/uploads\/2023\/03\/logo-PB-2.svg","contentUrl":"https:\/\/www.pagbrasil.com\/wp-content\/uploads\/2023\/03\/logo-PB-2.svg","width":265,"height":64,"caption":"PagBrasil"},"image":{"@id":"https:\/\/www.pagbrasil.com\/pt-br\/#\/schema\/logo\/image\/"},"sameAs":["https:\/\/www.facebook.com\/pagbrasilpagamentos","https:\/\/www.linkedin.com\/company\/pagbrasil-pagamentos-eletronicos-ltda\/"]}]}},"_links":{"self":[{"href":"https:\/\/www.pagbrasil.com\/pt-br\/wp-json\/wp\/v2\/pages\/79063","targetHints":{"allow":["GET"]}}],"collection":[{"href":"https:\/\/www.pagbrasil.com\/pt-br\/wp-json\/wp\/v2\/pages"}],"about":[{"href":"https:\/\/www.pagbrasil.com\/pt-br\/wp-json\/wp\/v2\/types\/page"}],"author":[{"embeddable":true,"href":"https:\/\/www.pagbrasil.com\/pt-br\/wp-json\/wp\/v2\/users\/14"}],"replies":[{"embeddable":true,"href":"https:\/\/www.pagbrasil.com\/pt-br\/wp-json\/wp\/v2\/comments?post=79063"}],"version-history":[{"count":33,"href":"https:\/\/www.pagbrasil.com\/pt-br\/wp-json\/wp\/v2\/pages\/79063\/revisions"}],"predecessor-version":[{"id":93755,"href":"https:\/\/www.pagbrasil.com\/pt-br\/wp-json\/wp\/v2\/pages\/79063\/revisions\/93755"}],"wp:attachment":[{"href":"https:\/\/www.pagbrasil.com\/pt-br\/wp-json\/wp\/v2\/media?parent=79063"}],"curies":[{"name":"wp","href":"https:\/\/api.w.org\/{rel}","templated":true}]}}