{"id":78813,"date":"2024-05-29T10:32:41","date_gmt":"2024-05-29T13:32:41","guid":{"rendered":"https:\/\/www.pagbrasil.com\/?page_id=78813"},"modified":"2026-02-19T09:53:42","modified_gmt":"2026-02-19T12:53:42","slug":"pix-para-turistas-estrangeiros","status":"publish","type":"page","link":"https:\/\/www.pagbrasil.com\/pt-br\/lp\/pix-para-turistas-estrangeiros\/","title":{"rendered":"Pix para turistas estrangeiros"},"content":{"rendered":"","protected":false},"excerpt":{"rendered":"","protected":false},"author":14,"featured_media":90975,"parent":81873,"menu_order":0,"comment_status":"closed","ping_status":"closed","template":"page-landing-page-components.php","meta":{"_acf_changed":false,"content-type":"","footnotes":""},"class_list":["post-78813","page","type-page","status-publish","has-post-thumbnail","hentry"],"acf":[],"yoast_head":"<!-- This site is optimized with the Yoast SEO plugin v25.7 - https:\/\/yoast.com\/wordpress\/plugins\/seo\/ -->\n<title>Pix para turistas estrangeiros | PagBrasil<\/title>\n<meta name=\"description\" content=\"O pagamento preferido dos brasileiros agora est\u00e1 dispon\u00edvel para turistas estrangeiros. Ofere\u00e7a pagamentos via Pix para estrangeiros.\" \/>\n<meta name=\"robots\" content=\"index, follow, max-snippet:-1, max-image-preview:large, max-video-preview:-1\" \/>\n<link rel=\"canonical\" href=\"https:\/\/www.pagbrasil.com\/pt-br\/lp\/pix-para-turistas-estrangeiros\/\" \/>\n<meta property=\"og:locale\" content=\"pt_BR\" \/>\n<meta property=\"og:type\" content=\"article\" \/>\n<meta property=\"og:title\" content=\"Pix para turistas estrangeiros | PagBrasil\" \/>\n<meta property=\"og:description\" content=\"O pagamento preferido dos brasileiros agora est\u00e1 dispon\u00edvel para turistas estrangeiros. Ofere\u00e7a pagamentos via Pix para estrangeiros.\" \/>\n<meta property=\"og:url\" content=\"https:\/\/www.pagbrasil.com\/pt-br\/lp\/pix-para-turistas-estrangeiros\/\" \/>\n<meta property=\"og:site_name\" content=\"PagBrasil\" \/>\n<meta property=\"article:publisher\" content=\"https:\/\/www.facebook.com\/pagbrasilpagamentos\" \/>\n<meta property=\"article:modified_time\" content=\"2026-02-19T12:53:42+00:00\" \/>\n<meta property=\"og:image\" content=\"https:\/\/www.pagbrasil.com\/wp-content\/uploads\/2026\/02\/turismo-mexico.jpg\" \/>\n\t<meta property=\"og:image:width\" content=\"818\" \/>\n\t<meta property=\"og:image:height\" content=\"479\" \/>\n\t<meta property=\"og:image:type\" content=\"image\/jpeg\" \/>\n<meta name=\"twitter:card\" content=\"summary_large_image\" \/>\n<script type=\"application\/ld+json\" class=\"yoast-schema-graph\">{\"@context\":\"https:\/\/schema.org\",\"@graph\":[{\"@type\":\"WebPage\",\"@id\":\"https:\/\/www.pagbrasil.com\/pt-br\/lp\/pix-para-turistas-estrangeiros\/\",\"url\":\"https:\/\/www.pagbrasil.com\/pt-br\/lp\/pix-para-turistas-estrangeiros\/\",\"name\":\"Pix para turistas estrangeiros | PagBrasil\",\"isPartOf\":{\"@id\":\"https:\/\/www.pagbrasil.com\/pt-br\/#website\"},\"primaryImageOfPage\":{\"@id\":\"https:\/\/www.pagbrasil.com\/pt-br\/lp\/pix-para-turistas-estrangeiros\/#primaryimage\"},\"image\":{\"@id\":\"https:\/\/www.pagbrasil.com\/pt-br\/lp\/pix-para-turistas-estrangeiros\/#primaryimage\"},\"thumbnailUrl\":\"https:\/\/www.pagbrasil.com\/wp-content\/uploads\/2026\/02\/turismo-mexico.jpg\",\"datePublished\":\"2024-05-29T13:32:41+00:00\",\"dateModified\":\"2026-02-19T12:53:42+00:00\",\"description\":\"O pagamento preferido dos brasileiros agora est\u00e1 dispon\u00edvel para turistas estrangeiros. Ofere\u00e7a pagamentos via Pix para estrangeiros.\",\"breadcrumb\":{\"@id\":\"https:\/\/www.pagbrasil.com\/pt-br\/lp\/pix-para-turistas-estrangeiros\/#breadcrumb\"},\"inLanguage\":\"pt-BR\",\"potentialAction\":[{\"@type\":\"ReadAction\",\"target\":[\"https:\/\/www.pagbrasil.com\/pt-br\/lp\/pix-para-turistas-estrangeiros\/\"]}]},{\"@type\":\"ImageObject\",\"inLanguage\":\"pt-BR\",\"@id\":\"https:\/\/www.pagbrasil.com\/pt-br\/lp\/pix-para-turistas-estrangeiros\/#primaryimage\",\"url\":\"https:\/\/www.pagbrasil.com\/wp-content\/uploads\/2026\/02\/turismo-mexico.jpg\",\"contentUrl\":\"https:\/\/www.pagbrasil.com\/wp-content\/uploads\/2026\/02\/turismo-mexico.jpg\",\"width\":818,\"height\":479},{\"@type\":\"BreadcrumbList\",\"@id\":\"https:\/\/www.pagbrasil.com\/pt-br\/lp\/pix-para-turistas-estrangeiros\/#breadcrumb\",\"itemListElement\":[{\"@type\":\"ListItem\",\"position\":1,\"name\":\"Home\",\"item\":\"https:\/\/www.pagbrasil.com\/pt-br\/\"},{\"@type\":\"ListItem\",\"position\":2,\"name\":\"lp\",\"item\":\"https:\/\/www.pagbrasil.com\/pt-br\/lp\/\"},{\"@type\":\"ListItem\",\"position\":3,\"name\":\"Pix para turistas estrangeiros\"}]},{\"@type\":\"WebSite\",\"@id\":\"https:\/\/www.pagbrasil.com\/pt-br\/#website\",\"url\":\"https:\/\/www.pagbrasil.com\/pt-br\/\",\"name\":\"PagBrasil\",\"description\":\"Processe seus pagamentos com PagBrasil, servi\u00e7o de pagamento online de excel\u00eancia para o Brasil, desenvolvido para empresas internacionais.\",\"publisher\":{\"@id\":\"https:\/\/www.pagbrasil.com\/pt-br\/#organization\"},\"potentialAction\":[{\"@type\":\"SearchAction\",\"target\":{\"@type\":\"EntryPoint\",\"urlTemplate\":\"https:\/\/www.pagbrasil.com\/pt-br\/?s={search_term_string}\"},\"query-input\":{\"@type\":\"PropertyValueSpecification\",\"valueRequired\":true,\"valueName\":\"search_term_string\"}}],\"inLanguage\":\"pt-BR\"},{\"@type\":\"Organization\",\"@id\":\"https:\/\/www.pagbrasil.com\/pt-br\/#organization\",\"name\":\"PagBrasil\",\"url\":\"https:\/\/www.pagbrasil.com\/pt-br\/\",\"logo\":{\"@type\":\"ImageObject\",\"inLanguage\":\"pt-BR\",\"@id\":\"https:\/\/www.pagbrasil.com\/pt-br\/#\/schema\/logo\/image\/\",\"url\":\"https:\/\/www.pagbrasil.com\/wp-content\/uploads\/2023\/03\/logo-PB-2.svg\",\"contentUrl\":\"https:\/\/www.pagbrasil.com\/wp-content\/uploads\/2023\/03\/logo-PB-2.svg\",\"width\":265,\"height\":64,\"caption\":\"PagBrasil\"},\"image\":{\"@id\":\"https:\/\/www.pagbrasil.com\/pt-br\/#\/schema\/logo\/image\/\"},\"sameAs\":[\"https:\/\/www.facebook.com\/pagbrasilpagamentos\",\"https:\/\/www.linkedin.com\/company\/pagbrasil-pagamentos-eletronicos-ltda\/\"]}]}<\/script>\n<!-- \/ Yoast SEO plugin. -->","yoast_head_json":{"title":"Pix para turistas estrangeiros | PagBrasil","description":"O pagamento preferido dos brasileiros agora est\u00e1 dispon\u00edvel para turistas estrangeiros. Ofere\u00e7a pagamentos via Pix para estrangeiros.","robots":{"index":"index","follow":"follow","max-snippet":"max-snippet:-1","max-image-preview":"max-image-preview:large","max-video-preview":"max-video-preview:-1"},"canonical":"https:\/\/www.pagbrasil.com\/pt-br\/lp\/pix-para-turistas-estrangeiros\/","og_locale":"pt_BR","og_type":"article","og_title":"Pix para turistas estrangeiros | PagBrasil","og_description":"O pagamento preferido dos brasileiros agora est\u00e1 dispon\u00edvel para turistas estrangeiros. Ofere\u00e7a pagamentos via Pix para estrangeiros.","og_url":"https:\/\/www.pagbrasil.com\/pt-br\/lp\/pix-para-turistas-estrangeiros\/","og_site_name":"PagBrasil","article_publisher":"https:\/\/www.facebook.com\/pagbrasilpagamentos","article_modified_time":"2026-02-19T12:53:42+00:00","og_image":[{"width":818,"height":479,"url":"https:\/\/www.pagbrasil.com\/wp-content\/uploads\/2026\/02\/turismo-mexico.jpg","type":"image\/jpeg"}],"twitter_card":"summary_large_image","schema":{"@context":"https:\/\/schema.org","@graph":[{"@type":"WebPage","@id":"https:\/\/www.pagbrasil.com\/pt-br\/lp\/pix-para-turistas-estrangeiros\/","url":"https:\/\/www.pagbrasil.com\/pt-br\/lp\/pix-para-turistas-estrangeiros\/","name":"Pix para turistas estrangeiros | PagBrasil","isPartOf":{"@id":"https:\/\/www.pagbrasil.com\/pt-br\/#website"},"primaryImageOfPage":{"@id":"https:\/\/www.pagbrasil.com\/pt-br\/lp\/pix-para-turistas-estrangeiros\/#primaryimage"},"image":{"@id":"https:\/\/www.pagbrasil.com\/pt-br\/lp\/pix-para-turistas-estrangeiros\/#primaryimage"},"thumbnailUrl":"https:\/\/www.pagbrasil.com\/wp-content\/uploads\/2026\/02\/turismo-mexico.jpg","datePublished":"2024-05-29T13:32:41+00:00","dateModified":"2026-02-19T12:53:42+00:00","description":"O pagamento preferido dos brasileiros agora est\u00e1 dispon\u00edvel para turistas estrangeiros. Ofere\u00e7a pagamentos via Pix para estrangeiros.","breadcrumb":{"@id":"https:\/\/www.pagbrasil.com\/pt-br\/lp\/pix-para-turistas-estrangeiros\/#breadcrumb"},"inLanguage":"pt-BR","potentialAction":[{"@type":"ReadAction","target":["https:\/\/www.pagbrasil.com\/pt-br\/lp\/pix-para-turistas-estrangeiros\/"]}]},{"@type":"ImageObject","inLanguage":"pt-BR","@id":"https:\/\/www.pagbrasil.com\/pt-br\/lp\/pix-para-turistas-estrangeiros\/#primaryimage","url":"https:\/\/www.pagbrasil.com\/wp-content\/uploads\/2026\/02\/turismo-mexico.jpg","contentUrl":"https:\/\/www.pagbrasil.com\/wp-content\/uploads\/2026\/02\/turismo-mexico.jpg","width":818,"height":479},{"@type":"BreadcrumbList","@id":"https:\/\/www.pagbrasil.com\/pt-br\/lp\/pix-para-turistas-estrangeiros\/#breadcrumb","itemListElement":[{"@type":"ListItem","position":1,"name":"Home","item":"https:\/\/www.pagbrasil.com\/pt-br\/"},{"@type":"ListItem","position":2,"name":"lp","item":"https:\/\/www.pagbrasil.com\/pt-br\/lp\/"},{"@type":"ListItem","position":3,"name":"Pix para turistas estrangeiros"}]},{"@type":"WebSite","@id":"https:\/\/www.pagbrasil.com\/pt-br\/#website","url":"https:\/\/www.pagbrasil.com\/pt-br\/","name":"PagBrasil","description":"Processe seus pagamentos com PagBrasil, servi\u00e7o de pagamento online de excel\u00eancia para o Brasil, desenvolvido para empresas internacionais.","publisher":{"@id":"https:\/\/www.pagbrasil.com\/pt-br\/#organization"},"potentialAction":[{"@type":"SearchAction","target":{"@type":"EntryPoint","urlTemplate":"https:\/\/www.pagbrasil.com\/pt-br\/?s={search_term_string}"},"query-input":{"@type":"PropertyValueSpecification","valueRequired":true,"valueName":"search_term_string"}}],"inLanguage":"pt-BR"},{"@type":"Organization","@id":"https:\/\/www.pagbrasil.com\/pt-br\/#organization","name":"PagBrasil","url":"https:\/\/www.pagbrasil.com\/pt-br\/","logo":{"@type":"ImageObject","inLanguage":"pt-BR","@id":"https:\/\/www.pagbrasil.com\/pt-br\/#\/schema\/logo\/image\/","url":"https:\/\/www.pagbrasil.com\/wp-content\/uploads\/2023\/03\/logo-PB-2.svg","contentUrl":"https:\/\/www.pagbrasil.com\/wp-content\/uploads\/2023\/03\/logo-PB-2.svg","width":265,"height":64,"caption":"PagBrasil"},"image":{"@id":"https:\/\/www.pagbrasil.com\/pt-br\/#\/schema\/logo\/image\/"},"sameAs":["https:\/\/www.facebook.com\/pagbrasilpagamentos","https:\/\/www.linkedin.com\/company\/pagbrasil-pagamentos-eletronicos-ltda\/"]}]}},"_links":{"self":[{"href":"https:\/\/www.pagbrasil.com\/pt-br\/wp-json\/wp\/v2\/pages\/78813","targetHints":{"allow":["GET"]}}],"collection":[{"href":"https:\/\/www.pagbrasil.com\/pt-br\/wp-json\/wp\/v2\/pages"}],"about":[{"href":"https:\/\/www.pagbrasil.com\/pt-br\/wp-json\/wp\/v2\/types\/page"}],"author":[{"embeddable":true,"href":"https:\/\/www.pagbrasil.com\/pt-br\/wp-json\/wp\/v2\/users\/14"}],"replies":[{"embeddable":true,"href":"https:\/\/www.pagbrasil.com\/pt-br\/wp-json\/wp\/v2\/comments?post=78813"}],"version-history":[{"count":92,"href":"https:\/\/www.pagbrasil.com\/pt-br\/wp-json\/wp\/v2\/pages\/78813\/revisions"}],"predecessor-version":[{"id":90992,"href":"https:\/\/www.pagbrasil.com\/pt-br\/wp-json\/wp\/v2\/pages\/78813\/revisions\/90992"}],"up":[{"embeddable":true,"href":"https:\/\/www.pagbrasil.com\/pt-br\/wp-json\/wp\/v2\/pages\/81873"}],"wp:featuredmedia":[{"embeddable":true,"href":"https:\/\/www.pagbrasil.com\/pt-br\/wp-json\/wp\/v2\/media\/90975"}],"wp:attachment":[{"href":"https:\/\/www.pagbrasil.com\/pt-br\/wp-json\/wp\/v2\/media?parent=78813"}],"curies":[{"name":"wp","href":"https:\/\/api.w.org\/{rel}","templated":true}]}}