{"id":71117,"date":"2023-05-26T14:25:39","date_gmt":"2023-05-26T17:25:39","guid":{"rendered":"https:\/\/www.pagbrasil.com\/?page_id=71117"},"modified":"2026-01-30T18:33:41","modified_gmt":"2026-01-30T21:33:41","slug":"pix-para-pagamento-internacional","status":"publish","type":"page","link":"https:\/\/www.pagbrasil.com\/pt-br\/lp\/pix-para-pagamento-internacional\/","title":{"rendered":"Pix para pagamento internacional"},"content":{"rendered":"","protected":false},"excerpt":{"rendered":"","protected":false},"author":43,"featured_media":80059,"parent":81873,"menu_order":0,"comment_status":"closed","ping_status":"closed","template":"page-landing-page-components.php","meta":{"_acf_changed":false,"footnotes":""},"class_list":["post-71117","page","type-page","status-publish","has-post-thumbnail","hentry"],"acf":[],"yoast_head":"<!-- This site is optimized with the Yoast SEO plugin v25.7 - https:\/\/yoast.com\/wordpress\/plugins\/seo\/ -->\n<title>Pix para pagamento internacional: Pix para Brasileiros no Exterior<\/title>\n<meta name=\"description\" content=\"Ofere\u00e7a pagamentos com Pix com c\u00e2mbio em tempo real para turistas brasileiros no exterior. Conhe\u00e7a o Pix para pagamento internacional da PagBrasil!\" \/>\n<meta name=\"robots\" content=\"index, follow, max-snippet:-1, max-image-preview:large, max-video-preview:-1\" \/>\n<link rel=\"canonical\" href=\"https:\/\/www.pagbrasil.com\/pt-br\/lp\/pix-para-pagamento-internacional\/\" \/>\n<meta property=\"og:locale\" content=\"pt_BR\" \/>\n<meta property=\"og:type\" content=\"article\" \/>\n<meta property=\"og:title\" content=\"Pix para pagamento internacional: Pix para Brasileiros no Exterior\" \/>\n<meta property=\"og:description\" content=\"Ofere\u00e7a pagamentos com Pix com c\u00e2mbio em tempo real para turistas brasileiros no exterior. Conhe\u00e7a o Pix para pagamento internacional da PagBrasil!\" \/>\n<meta property=\"og:url\" content=\"https:\/\/www.pagbrasil.com\/pt-br\/lp\/pix-para-pagamento-internacional\/\" \/>\n<meta property=\"og:site_name\" content=\"PagBrasil\" \/>\n<meta property=\"article:publisher\" content=\"https:\/\/www.facebook.com\/pagbrasilpagamentos\" \/>\n<meta property=\"article:modified_time\" content=\"2026-01-30T21:33:41+00:00\" \/>\n<meta property=\"og:image\" content=\"https:\/\/www.pagbrasil.com\/wp-content\/uploads\/2024\/07\/Thumbnail-International-Pix.png\" \/>\n\t<meta property=\"og:image:width\" content=\"699\" \/>\n\t<meta property=\"og:image:height\" content=\"466\" \/>\n\t<meta property=\"og:image:type\" content=\"image\/png\" \/>\n<meta name=\"twitter:card\" content=\"summary_large_image\" \/>\n<script type=\"application\/ld+json\" class=\"yoast-schema-graph\">{\"@context\":\"https:\/\/schema.org\",\"@graph\":[{\"@type\":\"WebPage\",\"@id\":\"https:\/\/www.pagbrasil.com\/pt-br\/lp\/pix-para-pagamento-internacional\/\",\"url\":\"https:\/\/www.pagbrasil.com\/pt-br\/lp\/pix-para-pagamento-internacional\/\",\"name\":\"Pix para pagamento internacional: Pix para Brasileiros no Exterior\",\"isPartOf\":{\"@id\":\"https:\/\/www.pagbrasil.com\/pt-br\/#website\"},\"primaryImageOfPage\":{\"@id\":\"https:\/\/www.pagbrasil.com\/pt-br\/lp\/pix-para-pagamento-internacional\/#primaryimage\"},\"image\":{\"@id\":\"https:\/\/www.pagbrasil.com\/pt-br\/lp\/pix-para-pagamento-internacional\/#primaryimage\"},\"thumbnailUrl\":\"https:\/\/www.pagbrasil.com\/wp-content\/uploads\/2024\/07\/Thumbnail-International-Pix.png\",\"datePublished\":\"2023-05-26T17:25:39+00:00\",\"dateModified\":\"2026-01-30T21:33:41+00:00\",\"description\":\"Ofere\u00e7a pagamentos com Pix com c\u00e2mbio em tempo real para turistas brasileiros no exterior. Conhe\u00e7a o Pix para pagamento internacional da PagBrasil!\",\"breadcrumb\":{\"@id\":\"https:\/\/www.pagbrasil.com\/pt-br\/lp\/pix-para-pagamento-internacional\/#breadcrumb\"},\"inLanguage\":\"pt-BR\",\"potentialAction\":[{\"@type\":\"ReadAction\",\"target\":[\"https:\/\/www.pagbrasil.com\/pt-br\/lp\/pix-para-pagamento-internacional\/\"]}]},{\"@type\":\"ImageObject\",\"inLanguage\":\"pt-BR\",\"@id\":\"https:\/\/www.pagbrasil.com\/pt-br\/lp\/pix-para-pagamento-internacional\/#primaryimage\",\"url\":\"https:\/\/www.pagbrasil.com\/wp-content\/uploads\/2024\/07\/Thumbnail-International-Pix.png\",\"contentUrl\":\"https:\/\/www.pagbrasil.com\/wp-content\/uploads\/2024\/07\/Thumbnail-International-Pix.png\",\"width\":699,\"height\":466},{\"@type\":\"BreadcrumbList\",\"@id\":\"https:\/\/www.pagbrasil.com\/pt-br\/lp\/pix-para-pagamento-internacional\/#breadcrumb\",\"itemListElement\":[{\"@type\":\"ListItem\",\"position\":1,\"name\":\"Home\",\"item\":\"https:\/\/www.pagbrasil.com\/pt-br\/\"},{\"@type\":\"ListItem\",\"position\":2,\"name\":\"lp\",\"item\":\"https:\/\/www.pagbrasil.com\/pt-br\/lp\/\"},{\"@type\":\"ListItem\",\"position\":3,\"name\":\"Pix para pagamento internacional\"}]},{\"@type\":\"WebSite\",\"@id\":\"https:\/\/www.pagbrasil.com\/pt-br\/#website\",\"url\":\"https:\/\/www.pagbrasil.com\/pt-br\/\",\"name\":\"PagBrasil\",\"description\":\"Processe seus pagamentos com PagBrasil, servi\u00e7o de pagamento online de excel\u00eancia para o Brasil, desenvolvido para empresas internacionais.\",\"publisher\":{\"@id\":\"https:\/\/www.pagbrasil.com\/pt-br\/#organization\"},\"potentialAction\":[{\"@type\":\"SearchAction\",\"target\":{\"@type\":\"EntryPoint\",\"urlTemplate\":\"https:\/\/www.pagbrasil.com\/pt-br\/?s={search_term_string}\"},\"query-input\":{\"@type\":\"PropertyValueSpecification\",\"valueRequired\":true,\"valueName\":\"search_term_string\"}}],\"inLanguage\":\"pt-BR\"},{\"@type\":\"Organization\",\"@id\":\"https:\/\/www.pagbrasil.com\/pt-br\/#organization\",\"name\":\"PagBrasil\",\"url\":\"https:\/\/www.pagbrasil.com\/pt-br\/\",\"logo\":{\"@type\":\"ImageObject\",\"inLanguage\":\"pt-BR\",\"@id\":\"https:\/\/www.pagbrasil.com\/pt-br\/#\/schema\/logo\/image\/\",\"url\":\"https:\/\/www.pagbrasil.com\/wp-content\/uploads\/2023\/03\/logo-PB-2.svg\",\"contentUrl\":\"https:\/\/www.pagbrasil.com\/wp-content\/uploads\/2023\/03\/logo-PB-2.svg\",\"width\":265,\"height\":64,\"caption\":\"PagBrasil\"},\"image\":{\"@id\":\"https:\/\/www.pagbrasil.com\/pt-br\/#\/schema\/logo\/image\/\"},\"sameAs\":[\"https:\/\/www.facebook.com\/pagbrasilpagamentos\",\"https:\/\/www.linkedin.com\/company\/pagbrasil-pagamentos-eletronicos-ltda\/\"]}]}<\/script>\n<!-- \/ Yoast SEO plugin. -->","yoast_head_json":{"title":"Pix para pagamento internacional: Pix para Brasileiros no Exterior","description":"Ofere\u00e7a pagamentos com Pix com c\u00e2mbio em tempo real para turistas brasileiros no exterior. Conhe\u00e7a o Pix para pagamento internacional da PagBrasil!","robots":{"index":"index","follow":"follow","max-snippet":"max-snippet:-1","max-image-preview":"max-image-preview:large","max-video-preview":"max-video-preview:-1"},"canonical":"https:\/\/www.pagbrasil.com\/pt-br\/lp\/pix-para-pagamento-internacional\/","og_locale":"pt_BR","og_type":"article","og_title":"Pix para pagamento internacional: Pix para Brasileiros no Exterior","og_description":"Ofere\u00e7a pagamentos com Pix com c\u00e2mbio em tempo real para turistas brasileiros no exterior. Conhe\u00e7a o Pix para pagamento internacional da PagBrasil!","og_url":"https:\/\/www.pagbrasil.com\/pt-br\/lp\/pix-para-pagamento-internacional\/","og_site_name":"PagBrasil","article_publisher":"https:\/\/www.facebook.com\/pagbrasilpagamentos","article_modified_time":"2026-01-30T21:33:41+00:00","og_image":[{"width":699,"height":466,"url":"https:\/\/www.pagbrasil.com\/wp-content\/uploads\/2024\/07\/Thumbnail-International-Pix.png","type":"image\/png"}],"twitter_card":"summary_large_image","schema":{"@context":"https:\/\/schema.org","@graph":[{"@type":"WebPage","@id":"https:\/\/www.pagbrasil.com\/pt-br\/lp\/pix-para-pagamento-internacional\/","url":"https:\/\/www.pagbrasil.com\/pt-br\/lp\/pix-para-pagamento-internacional\/","name":"Pix para pagamento internacional: Pix para Brasileiros no Exterior","isPartOf":{"@id":"https:\/\/www.pagbrasil.com\/pt-br\/#website"},"primaryImageOfPage":{"@id":"https:\/\/www.pagbrasil.com\/pt-br\/lp\/pix-para-pagamento-internacional\/#primaryimage"},"image":{"@id":"https:\/\/www.pagbrasil.com\/pt-br\/lp\/pix-para-pagamento-internacional\/#primaryimage"},"thumbnailUrl":"https:\/\/www.pagbrasil.com\/wp-content\/uploads\/2024\/07\/Thumbnail-International-Pix.png","datePublished":"2023-05-26T17:25:39+00:00","dateModified":"2026-01-30T21:33:41+00:00","description":"Ofere\u00e7a pagamentos com Pix com c\u00e2mbio em tempo real para turistas brasileiros no exterior. Conhe\u00e7a o Pix para pagamento internacional da PagBrasil!","breadcrumb":{"@id":"https:\/\/www.pagbrasil.com\/pt-br\/lp\/pix-para-pagamento-internacional\/#breadcrumb"},"inLanguage":"pt-BR","potentialAction":[{"@type":"ReadAction","target":["https:\/\/www.pagbrasil.com\/pt-br\/lp\/pix-para-pagamento-internacional\/"]}]},{"@type":"ImageObject","inLanguage":"pt-BR","@id":"https:\/\/www.pagbrasil.com\/pt-br\/lp\/pix-para-pagamento-internacional\/#primaryimage","url":"https:\/\/www.pagbrasil.com\/wp-content\/uploads\/2024\/07\/Thumbnail-International-Pix.png","contentUrl":"https:\/\/www.pagbrasil.com\/wp-content\/uploads\/2024\/07\/Thumbnail-International-Pix.png","width":699,"height":466},{"@type":"BreadcrumbList","@id":"https:\/\/www.pagbrasil.com\/pt-br\/lp\/pix-para-pagamento-internacional\/#breadcrumb","itemListElement":[{"@type":"ListItem","position":1,"name":"Home","item":"https:\/\/www.pagbrasil.com\/pt-br\/"},{"@type":"ListItem","position":2,"name":"lp","item":"https:\/\/www.pagbrasil.com\/pt-br\/lp\/"},{"@type":"ListItem","position":3,"name":"Pix para pagamento internacional"}]},{"@type":"WebSite","@id":"https:\/\/www.pagbrasil.com\/pt-br\/#website","url":"https:\/\/www.pagbrasil.com\/pt-br\/","name":"PagBrasil","description":"Processe seus pagamentos com PagBrasil, servi\u00e7o de pagamento online de excel\u00eancia para o Brasil, desenvolvido para empresas internacionais.","publisher":{"@id":"https:\/\/www.pagbrasil.com\/pt-br\/#organization"},"potentialAction":[{"@type":"SearchAction","target":{"@type":"EntryPoint","urlTemplate":"https:\/\/www.pagbrasil.com\/pt-br\/?s={search_term_string}"},"query-input":{"@type":"PropertyValueSpecification","valueRequired":true,"valueName":"search_term_string"}}],"inLanguage":"pt-BR"},{"@type":"Organization","@id":"https:\/\/www.pagbrasil.com\/pt-br\/#organization","name":"PagBrasil","url":"https:\/\/www.pagbrasil.com\/pt-br\/","logo":{"@type":"ImageObject","inLanguage":"pt-BR","@id":"https:\/\/www.pagbrasil.com\/pt-br\/#\/schema\/logo\/image\/","url":"https:\/\/www.pagbrasil.com\/wp-content\/uploads\/2023\/03\/logo-PB-2.svg","contentUrl":"https:\/\/www.pagbrasil.com\/wp-content\/uploads\/2023\/03\/logo-PB-2.svg","width":265,"height":64,"caption":"PagBrasil"},"image":{"@id":"https:\/\/www.pagbrasil.com\/pt-br\/#\/schema\/logo\/image\/"},"sameAs":["https:\/\/www.facebook.com\/pagbrasilpagamentos","https:\/\/www.linkedin.com\/company\/pagbrasil-pagamentos-eletronicos-ltda\/"]}]}},"_links":{"self":[{"href":"https:\/\/www.pagbrasil.com\/pt-br\/wp-json\/wp\/v2\/pages\/71117","targetHints":{"allow":["GET"]}}],"collection":[{"href":"https:\/\/www.pagbrasil.com\/pt-br\/wp-json\/wp\/v2\/pages"}],"about":[{"href":"https:\/\/www.pagbrasil.com\/pt-br\/wp-json\/wp\/v2\/types\/page"}],"author":[{"embeddable":true,"href":"https:\/\/www.pagbrasil.com\/pt-br\/wp-json\/wp\/v2\/users\/43"}],"replies":[{"embeddable":true,"href":"https:\/\/www.pagbrasil.com\/pt-br\/wp-json\/wp\/v2\/comments?post=71117"}],"version-history":[{"count":111,"href":"https:\/\/www.pagbrasil.com\/pt-br\/wp-json\/wp\/v2\/pages\/71117\/revisions"}],"predecessor-version":[{"id":90842,"href":"https:\/\/www.pagbrasil.com\/pt-br\/wp-json\/wp\/v2\/pages\/71117\/revisions\/90842"}],"up":[{"embeddable":true,"href":"https:\/\/www.pagbrasil.com\/pt-br\/wp-json\/wp\/v2\/pages\/81873"}],"wp:featuredmedia":[{"embeddable":true,"href":"https:\/\/www.pagbrasil.com\/pt-br\/wp-json\/wp\/v2\/media\/80059"}],"wp:attachment":[{"href":"https:\/\/www.pagbrasil.com\/pt-br\/wp-json\/wp\/v2\/media?parent=71117"}],"curies":[{"name":"wp","href":"https:\/\/api.w.org\/{rel}","templated":true}]}}