{"id":55066,"date":"2024-07-01T07:29:31","date_gmt":"2024-07-01T10:29:31","guid":{"rendered":"https:\/\/www.pagbrasil.com\/?page_id=55066"},"modified":"2026-04-01T13:18:25","modified_gmt":"2026-04-01T16:18:25","slug":"pix","status":"publish","type":"page","link":"https:\/\/www.pagbrasil.com\/pt-br\/metodos-de-pagamento\/pix\/","title":{"rendered":"Pix via PagBrasil"},"content":{"rendered":"<p><strong>Pix<\/strong><br \/>\nA maior taxa de convers\u00e3o do mercado<\/p>\n","protected":false},"excerpt":{"rendered":"<p>Pix A maior taxa de convers\u00e3o do mercado<\/p>\n","protected":false},"author":43,"featured_media":0,"parent":176,"menu_order":0,"comment_status":"closed","ping_status":"closed","template":"page-metodos-pagamento-interior.php","meta":{"_acf_changed":false,"footnotes":""},"class_list":["post-55066","page","type-page","status-publish","hentry"],"acf":[],"yoast_head":"<!-- This site is optimized with the Yoast SEO plugin v25.7 - https:\/\/yoast.com\/wordpress\/plugins\/seo\/ -->\n<title>Pix: Pagamento instant\u00e2neo para e-commerce | PagBrasil<\/title>\n<meta name=\"description\" content=\"Ofere\u00e7a a op\u00e7\u00e3o de Pix (pagamento instant\u00e2neo) em seu e-commerce com o Pix e aumente sua taxa de convers\u00e3o. Acesse e saiba mais!\" \/>\n<meta name=\"robots\" content=\"index, follow, max-snippet:-1, max-image-preview:large, max-video-preview:-1\" \/>\n<link rel=\"canonical\" href=\"https:\/\/www.pagbrasil.com\/pt-br\/metodos-de-pagamento\/pix\/\" \/>\n<meta property=\"og:locale\" content=\"pt_BR\" \/>\n<meta property=\"og:type\" content=\"article\" \/>\n<meta property=\"og:title\" content=\"Pix: Pagamento instant\u00e2neo para e-commerce | PagBrasil\" \/>\n<meta property=\"og:description\" content=\"Ofere\u00e7a a op\u00e7\u00e3o de Pix (pagamento instant\u00e2neo) em seu e-commerce com o Pix e aumente sua taxa de convers\u00e3o. Acesse e saiba mais!\" \/>\n<meta property=\"og:url\" content=\"https:\/\/www.pagbrasil.com\/pt-br\/metodos-de-pagamento\/pix\/\" \/>\n<meta property=\"og:site_name\" content=\"PagBrasil\" \/>\n<meta property=\"article:publisher\" content=\"https:\/\/www.facebook.com\/pagbrasilpagamentos\" \/>\n<meta property=\"article:modified_time\" content=\"2026-04-01T16:18:25+00:00\" \/>\n<meta name=\"twitter:card\" content=\"summary_large_image\" \/>\n<meta name=\"twitter:label1\" content=\"Est. tempo de leitura\" \/>\n\t<meta name=\"twitter:data1\" content=\"1 minuto\" \/>\n<script type=\"application\/ld+json\" class=\"yoast-schema-graph\">{\"@context\":\"https:\/\/schema.org\",\"@graph\":[{\"@type\":\"WebPage\",\"@id\":\"https:\/\/www.pagbrasil.com\/pt-br\/metodos-de-pagamento\/pix\/\",\"url\":\"https:\/\/www.pagbrasil.com\/pt-br\/metodos-de-pagamento\/pix\/\",\"name\":\"Pix: Pagamento instant\u00e2neo para e-commerce | PagBrasil\",\"isPartOf\":{\"@id\":\"https:\/\/www.pagbrasil.com\/pt-br\/#website\"},\"datePublished\":\"2024-07-01T10:29:31+00:00\",\"dateModified\":\"2026-04-01T16:18:25+00:00\",\"description\":\"Ofere\u00e7a a op\u00e7\u00e3o de Pix (pagamento instant\u00e2neo) em seu e-commerce com o Pix e aumente sua taxa de convers\u00e3o. Acesse e saiba mais!\",\"breadcrumb\":{\"@id\":\"https:\/\/www.pagbrasil.com\/pt-br\/metodos-de-pagamento\/pix\/#breadcrumb\"},\"inLanguage\":\"pt-BR\",\"potentialAction\":[{\"@type\":\"ReadAction\",\"target\":[\"https:\/\/www.pagbrasil.com\/pt-br\/metodos-de-pagamento\/pix\/\"]}]},{\"@type\":\"BreadcrumbList\",\"@id\":\"https:\/\/www.pagbrasil.com\/pt-br\/metodos-de-pagamento\/pix\/#breadcrumb\",\"itemListElement\":[{\"@type\":\"ListItem\",\"position\":1,\"name\":\"Home\",\"item\":\"https:\/\/www.pagbrasil.com\/pt-br\/\"},{\"@type\":\"ListItem\",\"position\":2,\"name\":\"M\u00e9todos de pagamento\",\"item\":\"https:\/\/www.pagbrasil.com\/pt-br\/metodos-de-pagamento\/\"},{\"@type\":\"ListItem\",\"position\":3,\"name\":\"Pix via PagBrasil\"}]},{\"@type\":\"WebSite\",\"@id\":\"https:\/\/www.pagbrasil.com\/pt-br\/#website\",\"url\":\"https:\/\/www.pagbrasil.com\/pt-br\/\",\"name\":\"PagBrasil\",\"description\":\"Processe seus pagamentos com PagBrasil, servi\u00e7o de pagamento online de excel\u00eancia para o Brasil, desenvolvido para empresas internacionais.\",\"publisher\":{\"@id\":\"https:\/\/www.pagbrasil.com\/pt-br\/#organization\"},\"potentialAction\":[{\"@type\":\"SearchAction\",\"target\":{\"@type\":\"EntryPoint\",\"urlTemplate\":\"https:\/\/www.pagbrasil.com\/pt-br\/?s={search_term_string}\"},\"query-input\":{\"@type\":\"PropertyValueSpecification\",\"valueRequired\":true,\"valueName\":\"search_term_string\"}}],\"inLanguage\":\"pt-BR\"},{\"@type\":\"Organization\",\"@id\":\"https:\/\/www.pagbrasil.com\/pt-br\/#organization\",\"name\":\"PagBrasil\",\"url\":\"https:\/\/www.pagbrasil.com\/pt-br\/\",\"logo\":{\"@type\":\"ImageObject\",\"inLanguage\":\"pt-BR\",\"@id\":\"https:\/\/www.pagbrasil.com\/pt-br\/#\/schema\/logo\/image\/\",\"url\":\"https:\/\/www.pagbrasil.com\/wp-content\/uploads\/2023\/03\/logo-PB-2.svg\",\"contentUrl\":\"https:\/\/www.pagbrasil.com\/wp-content\/uploads\/2023\/03\/logo-PB-2.svg\",\"width\":265,\"height\":64,\"caption\":\"PagBrasil\"},\"image\":{\"@id\":\"https:\/\/www.pagbrasil.com\/pt-br\/#\/schema\/logo\/image\/\"},\"sameAs\":[\"https:\/\/www.facebook.com\/pagbrasilpagamentos\",\"https:\/\/www.linkedin.com\/company\/pagbrasil-pagamentos-eletronicos-ltda\/\"]}]}<\/script>\n<!-- \/ Yoast SEO plugin. -->","yoast_head_json":{"title":"Pix: Pagamento instant\u00e2neo para e-commerce | PagBrasil","description":"Ofere\u00e7a a op\u00e7\u00e3o de Pix (pagamento instant\u00e2neo) em seu e-commerce com o Pix e aumente sua taxa de convers\u00e3o. Acesse e saiba mais!","robots":{"index":"index","follow":"follow","max-snippet":"max-snippet:-1","max-image-preview":"max-image-preview:large","max-video-preview":"max-video-preview:-1"},"canonical":"https:\/\/www.pagbrasil.com\/pt-br\/metodos-de-pagamento\/pix\/","og_locale":"pt_BR","og_type":"article","og_title":"Pix: Pagamento instant\u00e2neo para e-commerce | PagBrasil","og_description":"Ofere\u00e7a a op\u00e7\u00e3o de Pix (pagamento instant\u00e2neo) em seu e-commerce com o Pix e aumente sua taxa de convers\u00e3o. Acesse e saiba mais!","og_url":"https:\/\/www.pagbrasil.com\/pt-br\/metodos-de-pagamento\/pix\/","og_site_name":"PagBrasil","article_publisher":"https:\/\/www.facebook.com\/pagbrasilpagamentos","article_modified_time":"2026-04-01T16:18:25+00:00","twitter_card":"summary_large_image","twitter_misc":{"Est. tempo de leitura":"1 minuto"},"schema":{"@context":"https:\/\/schema.org","@graph":[{"@type":"WebPage","@id":"https:\/\/www.pagbrasil.com\/pt-br\/metodos-de-pagamento\/pix\/","url":"https:\/\/www.pagbrasil.com\/pt-br\/metodos-de-pagamento\/pix\/","name":"Pix: Pagamento instant\u00e2neo para e-commerce | PagBrasil","isPartOf":{"@id":"https:\/\/www.pagbrasil.com\/pt-br\/#website"},"datePublished":"2024-07-01T10:29:31+00:00","dateModified":"2026-04-01T16:18:25+00:00","description":"Ofere\u00e7a a op\u00e7\u00e3o de Pix (pagamento instant\u00e2neo) em seu e-commerce com o Pix e aumente sua taxa de convers\u00e3o. Acesse e saiba mais!","breadcrumb":{"@id":"https:\/\/www.pagbrasil.com\/pt-br\/metodos-de-pagamento\/pix\/#breadcrumb"},"inLanguage":"pt-BR","potentialAction":[{"@type":"ReadAction","target":["https:\/\/www.pagbrasil.com\/pt-br\/metodos-de-pagamento\/pix\/"]}]},{"@type":"BreadcrumbList","@id":"https:\/\/www.pagbrasil.com\/pt-br\/metodos-de-pagamento\/pix\/#breadcrumb","itemListElement":[{"@type":"ListItem","position":1,"name":"Home","item":"https:\/\/www.pagbrasil.com\/pt-br\/"},{"@type":"ListItem","position":2,"name":"M\u00e9todos de pagamento","item":"https:\/\/www.pagbrasil.com\/pt-br\/metodos-de-pagamento\/"},{"@type":"ListItem","position":3,"name":"Pix via PagBrasil"}]},{"@type":"WebSite","@id":"https:\/\/www.pagbrasil.com\/pt-br\/#website","url":"https:\/\/www.pagbrasil.com\/pt-br\/","name":"PagBrasil","description":"Processe seus pagamentos com PagBrasil, servi\u00e7o de pagamento online de excel\u00eancia para o Brasil, desenvolvido para empresas internacionais.","publisher":{"@id":"https:\/\/www.pagbrasil.com\/pt-br\/#organization"},"potentialAction":[{"@type":"SearchAction","target":{"@type":"EntryPoint","urlTemplate":"https:\/\/www.pagbrasil.com\/pt-br\/?s={search_term_string}"},"query-input":{"@type":"PropertyValueSpecification","valueRequired":true,"valueName":"search_term_string"}}],"inLanguage":"pt-BR"},{"@type":"Organization","@id":"https:\/\/www.pagbrasil.com\/pt-br\/#organization","name":"PagBrasil","url":"https:\/\/www.pagbrasil.com\/pt-br\/","logo":{"@type":"ImageObject","inLanguage":"pt-BR","@id":"https:\/\/www.pagbrasil.com\/pt-br\/#\/schema\/logo\/image\/","url":"https:\/\/www.pagbrasil.com\/wp-content\/uploads\/2023\/03\/logo-PB-2.svg","contentUrl":"https:\/\/www.pagbrasil.com\/wp-content\/uploads\/2023\/03\/logo-PB-2.svg","width":265,"height":64,"caption":"PagBrasil"},"image":{"@id":"https:\/\/www.pagbrasil.com\/pt-br\/#\/schema\/logo\/image\/"},"sameAs":["https:\/\/www.facebook.com\/pagbrasilpagamentos","https:\/\/www.linkedin.com\/company\/pagbrasil-pagamentos-eletronicos-ltda\/"]}]}},"_links":{"self":[{"href":"https:\/\/www.pagbrasil.com\/pt-br\/wp-json\/wp\/v2\/pages\/55066","targetHints":{"allow":["GET"]}}],"collection":[{"href":"https:\/\/www.pagbrasil.com\/pt-br\/wp-json\/wp\/v2\/pages"}],"about":[{"href":"https:\/\/www.pagbrasil.com\/pt-br\/wp-json\/wp\/v2\/types\/page"}],"author":[{"embeddable":true,"href":"https:\/\/www.pagbrasil.com\/pt-br\/wp-json\/wp\/v2\/users\/43"}],"replies":[{"embeddable":true,"href":"https:\/\/www.pagbrasil.com\/pt-br\/wp-json\/wp\/v2\/comments?post=55066"}],"version-history":[{"count":52,"href":"https:\/\/www.pagbrasil.com\/pt-br\/wp-json\/wp\/v2\/pages\/55066\/revisions"}],"predecessor-version":[{"id":93151,"href":"https:\/\/www.pagbrasil.com\/pt-br\/wp-json\/wp\/v2\/pages\/55066\/revisions\/93151"}],"up":[{"embeddable":true,"href":"https:\/\/www.pagbrasil.com\/pt-br\/wp-json\/wp\/v2\/pages\/176"}],"wp:attachment":[{"href":"https:\/\/www.pagbrasil.com\/pt-br\/wp-json\/wp\/v2\/media?parent=55066"}],"curies":[{"name":"wp","href":"https:\/\/api.w.org\/{rel}","templated":true}]}}