{"id":54210,"date":"2024-06-15T04:03:09","date_gmt":"2024-06-15T07:03:09","guid":{"rendered":"https:\/\/www.pagbrasil.com\/servicos\/pagstream\/"},"modified":"2026-02-03T10:37:57","modified_gmt":"2026-02-03T13:37:57","slug":"gestao-de-recorrencia","status":"publish","type":"page","link":"https:\/\/www.pagbrasil.com\/pt-br\/servicos\/gestao-de-recorrencia\/","title":{"rendered":"Gest\u00e3o de recorr\u00eancia"},"content":{"rendered":"<p><strong>PagStream\u00ae<\/strong><br \/>\nGest\u00e3o Inteligente de Assinaturas<\/p>\n","protected":false},"excerpt":{"rendered":"<p>PagStream\u00ae Gest\u00e3o Inteligente de Assinaturas<\/p>\n","protected":false},"author":8,"featured_media":0,"parent":174,"menu_order":0,"comment_status":"closed","ping_status":"closed","template":"page-servicos-interior-pagstream.php","meta":{"_acf_changed":false,"footnotes":""},"class_list":["post-54210","page","type-page","status-publish","hentry"],"acf":[],"yoast_head":"<!-- This site is optimized with the Yoast SEO plugin v25.7 - https:\/\/yoast.com\/wordpress\/plugins\/seo\/ -->\n<title>PagStream\u00ae: Gest\u00e3o inteligente de assinaturas | PagBrasil<\/title>\n<meta name=\"description\" content=\"Aumente a taxa de reten\u00e7\u00e3o de clientes com o PagStream\u00ae, a solu\u00e7\u00e3o inteligente de gest\u00e3o de assinaturas pronta para uso da PagBrasil. Acesse e conhe\u00e7a!\" \/>\n<meta name=\"robots\" content=\"index, follow, max-snippet:-1, max-image-preview:large, max-video-preview:-1\" \/>\n<link rel=\"canonical\" href=\"https:\/\/www.pagbrasil.com\/pt-br\/servicos\/gestao-de-recorrencia\/\" \/>\n<meta property=\"og:locale\" content=\"pt_BR\" \/>\n<meta property=\"og:type\" content=\"article\" \/>\n<meta property=\"og:title\" content=\"PagStream\u00ae: Gest\u00e3o inteligente de assinaturas | PagBrasil\" \/>\n<meta property=\"og:description\" content=\"Aumente a taxa de reten\u00e7\u00e3o de clientes com o PagStream\u00ae, a solu\u00e7\u00e3o inteligente de gest\u00e3o de assinaturas pronta para uso da PagBrasil. Acesse e conhe\u00e7a!\" \/>\n<meta property=\"og:url\" content=\"https:\/\/www.pagbrasil.com\/pt-br\/servicos\/gestao-de-recorrencia\/\" \/>\n<meta property=\"og:site_name\" content=\"PagBrasil\" \/>\n<meta property=\"article:publisher\" content=\"https:\/\/www.facebook.com\/pagbrasilpagamentos\" \/>\n<meta property=\"article:modified_time\" content=\"2026-02-03T13:37:57+00:00\" \/>\n<meta name=\"twitter:card\" content=\"summary_large_image\" \/>\n<meta name=\"twitter:label1\" content=\"Est. tempo de leitura\" \/>\n\t<meta name=\"twitter:data1\" content=\"1 minuto\" \/>\n<script type=\"application\/ld+json\" class=\"yoast-schema-graph\">{\"@context\":\"https:\/\/schema.org\",\"@graph\":[{\"@type\":\"WebPage\",\"@id\":\"https:\/\/www.pagbrasil.com\/pt-br\/servicos\/gestao-de-recorrencia\/\",\"url\":\"https:\/\/www.pagbrasil.com\/pt-br\/servicos\/gestao-de-recorrencia\/\",\"name\":\"PagStream\u00ae: Gest\u00e3o inteligente de assinaturas | PagBrasil\",\"isPartOf\":{\"@id\":\"https:\/\/www.pagbrasil.com\/pt-br\/#website\"},\"datePublished\":\"2024-06-15T07:03:09+00:00\",\"dateModified\":\"2026-02-03T13:37:57+00:00\",\"description\":\"Aumente a taxa de reten\u00e7\u00e3o de clientes com o PagStream\u00ae, a solu\u00e7\u00e3o inteligente de gest\u00e3o de assinaturas pronta para uso da PagBrasil. Acesse e conhe\u00e7a!\",\"breadcrumb\":{\"@id\":\"https:\/\/www.pagbrasil.com\/pt-br\/servicos\/gestao-de-recorrencia\/#breadcrumb\"},\"inLanguage\":\"pt-BR\",\"potentialAction\":[{\"@type\":\"ReadAction\",\"target\":[\"https:\/\/www.pagbrasil.com\/pt-br\/servicos\/gestao-de-recorrencia\/\"]}]},{\"@type\":\"BreadcrumbList\",\"@id\":\"https:\/\/www.pagbrasil.com\/pt-br\/servicos\/gestao-de-recorrencia\/#breadcrumb\",\"itemListElement\":[{\"@type\":\"ListItem\",\"position\":1,\"name\":\"Home\",\"item\":\"https:\/\/www.pagbrasil.com\/pt-br\/\"},{\"@type\":\"ListItem\",\"position\":2,\"name\":\"Servi\u00e7os\",\"item\":\"https:\/\/www.pagbrasil.com\/pt-br\/servicos\/\"},{\"@type\":\"ListItem\",\"position\":3,\"name\":\"Gest\u00e3o de recorr\u00eancia\"}]},{\"@type\":\"WebSite\",\"@id\":\"https:\/\/www.pagbrasil.com\/pt-br\/#website\",\"url\":\"https:\/\/www.pagbrasil.com\/pt-br\/\",\"name\":\"PagBrasil\",\"description\":\"Processe seus pagamentos com PagBrasil, servi\u00e7o de pagamento online de excel\u00eancia para o Brasil, desenvolvido para empresas internacionais.\",\"publisher\":{\"@id\":\"https:\/\/www.pagbrasil.com\/pt-br\/#organization\"},\"potentialAction\":[{\"@type\":\"SearchAction\",\"target\":{\"@type\":\"EntryPoint\",\"urlTemplate\":\"https:\/\/www.pagbrasil.com\/pt-br\/?s={search_term_string}\"},\"query-input\":{\"@type\":\"PropertyValueSpecification\",\"valueRequired\":true,\"valueName\":\"search_term_string\"}}],\"inLanguage\":\"pt-BR\"},{\"@type\":\"Organization\",\"@id\":\"https:\/\/www.pagbrasil.com\/pt-br\/#organization\",\"name\":\"PagBrasil\",\"url\":\"https:\/\/www.pagbrasil.com\/pt-br\/\",\"logo\":{\"@type\":\"ImageObject\",\"inLanguage\":\"pt-BR\",\"@id\":\"https:\/\/www.pagbrasil.com\/pt-br\/#\/schema\/logo\/image\/\",\"url\":\"https:\/\/www.pagbrasil.com\/wp-content\/uploads\/2023\/03\/logo-PB-2.svg\",\"contentUrl\":\"https:\/\/www.pagbrasil.com\/wp-content\/uploads\/2023\/03\/logo-PB-2.svg\",\"width\":265,\"height\":64,\"caption\":\"PagBrasil\"},\"image\":{\"@id\":\"https:\/\/www.pagbrasil.com\/pt-br\/#\/schema\/logo\/image\/\"},\"sameAs\":[\"https:\/\/www.facebook.com\/pagbrasilpagamentos\",\"https:\/\/www.linkedin.com\/company\/pagbrasil-pagamentos-eletronicos-ltda\/\"]}]}<\/script>\n<!-- \/ Yoast SEO plugin. -->","yoast_head_json":{"title":"PagStream\u00ae: Gest\u00e3o inteligente de assinaturas | PagBrasil","description":"Aumente a taxa de reten\u00e7\u00e3o de clientes com o PagStream\u00ae, a solu\u00e7\u00e3o inteligente de gest\u00e3o de assinaturas pronta para uso da PagBrasil. Acesse e conhe\u00e7a!","robots":{"index":"index","follow":"follow","max-snippet":"max-snippet:-1","max-image-preview":"max-image-preview:large","max-video-preview":"max-video-preview:-1"},"canonical":"https:\/\/www.pagbrasil.com\/pt-br\/servicos\/gestao-de-recorrencia\/","og_locale":"pt_BR","og_type":"article","og_title":"PagStream\u00ae: Gest\u00e3o inteligente de assinaturas | PagBrasil","og_description":"Aumente a taxa de reten\u00e7\u00e3o de clientes com o PagStream\u00ae, a solu\u00e7\u00e3o inteligente de gest\u00e3o de assinaturas pronta para uso da PagBrasil. Acesse e conhe\u00e7a!","og_url":"https:\/\/www.pagbrasil.com\/pt-br\/servicos\/gestao-de-recorrencia\/","og_site_name":"PagBrasil","article_publisher":"https:\/\/www.facebook.com\/pagbrasilpagamentos","article_modified_time":"2026-02-03T13:37:57+00:00","twitter_card":"summary_large_image","twitter_misc":{"Est. tempo de leitura":"1 minuto"},"schema":{"@context":"https:\/\/schema.org","@graph":[{"@type":"WebPage","@id":"https:\/\/www.pagbrasil.com\/pt-br\/servicos\/gestao-de-recorrencia\/","url":"https:\/\/www.pagbrasil.com\/pt-br\/servicos\/gestao-de-recorrencia\/","name":"PagStream\u00ae: Gest\u00e3o inteligente de assinaturas | PagBrasil","isPartOf":{"@id":"https:\/\/www.pagbrasil.com\/pt-br\/#website"},"datePublished":"2024-06-15T07:03:09+00:00","dateModified":"2026-02-03T13:37:57+00:00","description":"Aumente a taxa de reten\u00e7\u00e3o de clientes com o PagStream\u00ae, a solu\u00e7\u00e3o inteligente de gest\u00e3o de assinaturas pronta para uso da PagBrasil. Acesse e conhe\u00e7a!","breadcrumb":{"@id":"https:\/\/www.pagbrasil.com\/pt-br\/servicos\/gestao-de-recorrencia\/#breadcrumb"},"inLanguage":"pt-BR","potentialAction":[{"@type":"ReadAction","target":["https:\/\/www.pagbrasil.com\/pt-br\/servicos\/gestao-de-recorrencia\/"]}]},{"@type":"BreadcrumbList","@id":"https:\/\/www.pagbrasil.com\/pt-br\/servicos\/gestao-de-recorrencia\/#breadcrumb","itemListElement":[{"@type":"ListItem","position":1,"name":"Home","item":"https:\/\/www.pagbrasil.com\/pt-br\/"},{"@type":"ListItem","position":2,"name":"Servi\u00e7os","item":"https:\/\/www.pagbrasil.com\/pt-br\/servicos\/"},{"@type":"ListItem","position":3,"name":"Gest\u00e3o de recorr\u00eancia"}]},{"@type":"WebSite","@id":"https:\/\/www.pagbrasil.com\/pt-br\/#website","url":"https:\/\/www.pagbrasil.com\/pt-br\/","name":"PagBrasil","description":"Processe seus pagamentos com PagBrasil, servi\u00e7o de pagamento online de excel\u00eancia para o Brasil, desenvolvido para empresas internacionais.","publisher":{"@id":"https:\/\/www.pagbrasil.com\/pt-br\/#organization"},"potentialAction":[{"@type":"SearchAction","target":{"@type":"EntryPoint","urlTemplate":"https:\/\/www.pagbrasil.com\/pt-br\/?s={search_term_string}"},"query-input":{"@type":"PropertyValueSpecification","valueRequired":true,"valueName":"search_term_string"}}],"inLanguage":"pt-BR"},{"@type":"Organization","@id":"https:\/\/www.pagbrasil.com\/pt-br\/#organization","name":"PagBrasil","url":"https:\/\/www.pagbrasil.com\/pt-br\/","logo":{"@type":"ImageObject","inLanguage":"pt-BR","@id":"https:\/\/www.pagbrasil.com\/pt-br\/#\/schema\/logo\/image\/","url":"https:\/\/www.pagbrasil.com\/wp-content\/uploads\/2023\/03\/logo-PB-2.svg","contentUrl":"https:\/\/www.pagbrasil.com\/wp-content\/uploads\/2023\/03\/logo-PB-2.svg","width":265,"height":64,"caption":"PagBrasil"},"image":{"@id":"https:\/\/www.pagbrasil.com\/pt-br\/#\/schema\/logo\/image\/"},"sameAs":["https:\/\/www.facebook.com\/pagbrasilpagamentos","https:\/\/www.linkedin.com\/company\/pagbrasil-pagamentos-eletronicos-ltda\/"]}]}},"_links":{"self":[{"href":"https:\/\/www.pagbrasil.com\/pt-br\/wp-json\/wp\/v2\/pages\/54210","targetHints":{"allow":["GET"]}}],"collection":[{"href":"https:\/\/www.pagbrasil.com\/pt-br\/wp-json\/wp\/v2\/pages"}],"about":[{"href":"https:\/\/www.pagbrasil.com\/pt-br\/wp-json\/wp\/v2\/types\/page"}],"author":[{"embeddable":true,"href":"https:\/\/www.pagbrasil.com\/pt-br\/wp-json\/wp\/v2\/users\/8"}],"replies":[{"embeddable":true,"href":"https:\/\/www.pagbrasil.com\/pt-br\/wp-json\/wp\/v2\/comments?post=54210"}],"version-history":[{"count":58,"href":"https:\/\/www.pagbrasil.com\/pt-br\/wp-json\/wp\/v2\/pages\/54210\/revisions"}],"predecessor-version":[{"id":90858,"href":"https:\/\/www.pagbrasil.com\/pt-br\/wp-json\/wp\/v2\/pages\/54210\/revisions\/90858"}],"up":[{"embeddable":true,"href":"https:\/\/www.pagbrasil.com\/pt-br\/wp-json\/wp\/v2\/pages\/174"}],"wp:attachment":[{"href":"https:\/\/www.pagbrasil.com\/pt-br\/wp-json\/wp\/v2\/media?parent=54210"}],"curies":[{"name":"wp","href":"https:\/\/api.w.org\/{rel}","templated":true}]}}