{"id":50691,"date":"2024-07-01T09:39:27","date_gmt":"2024-07-01T12:39:27","guid":{"rendered":"https:\/\/www.pagbrasil.com\/?page_id=50691"},"modified":"2025-11-05T13:55:23","modified_gmt":"2025-11-05T16:55:23","slug":"nossas-certificacoes","status":"publish","type":"page","link":"https:\/\/www.pagbrasil.com\/pt-br\/nossas-certificacoes\/","title":{"rendered":"Nossas certifica\u00e7\u00f5es"},"content":{"rendered":"<p class='content-img-wrap'><img loading=\"lazy\" decoding=\"async\" class=\"alignnone wp-image-81661\" role=\"img\" src=\"https:\/\/www.pagbrasil.com\/wp-content\/uploads\/2024\/09\/selo-gptw-2024-2025.svg\" alt=\"\" width=\"94\" height=\"155\" \/><\/p>\n<h2 style=\"text-align: left;\">Great Place to Work<\/h2>\n<p>A PagBrasil \u00e9 certificada pelo Great Place to Work &#8211; uma consultoria global, que apoia organiza\u00e7\u00f5es a obter os melhores resultados por meio de uma cultura de confian\u00e7a, alto desempenho e inova\u00e7\u00e3o. <a href=\"https:\/\/www.pagbrasil.com\/pt-br\/noticias\/pagbrasil-great-place-to-work\/\">Saiba mais<\/a><\/p>\n<p>&nbsp;<\/p>\n<p class='content-img-wrap'><img loading=\"lazy\" decoding=\"async\" class=\"alignnone wp-image-50781 size-thumbnail\" role=\"img\" src=\"https:\/\/www.pagbrasil.com\/wp-content\/uploads\/2019\/09\/pci-1.svg\" alt=\"Certifica\u00e7\u00f5es e Afilia\u00e7\u00f5es \" width=\"150\" height=\"150\" \/><\/p>\n<h2>PCI-DSS Level 1<\/h2>\n<p>O <strong>Payment Card Industry Data Security Standard<\/strong> se trata de uma s\u00e9rie de requisitos e procedimentos focados na prote\u00e7\u00e3o de dados de portadores de cart\u00e3o. A PagBrasil possui o PCI-DSS Level 1, o mais alto padr\u00e3o de seguran\u00e7a da ind\u00fastria de pagamentos hoje. <a href=\"http:\/\/pcisecuritystandards.org\" target=\"_blank\" rel=\"noopener noreferrer\">Saiba mais<\/a><\/p>\n<p class='content-img-wrap'><img loading=\"lazy\" decoding=\"async\" class=\"alignnone wp-image-54555\" role=\"img\" src=\"https:\/\/www.pagbrasil.com\/wp-content\/uploads\/2020\/07\/visa-providers.svg\" alt=\"\" width=\"190\" height=\"142\" \/><\/p>\n<h2>Visa Global Registry of Service Providers<\/h2>\n<p>A PagBrasil est\u00e1 listada no<strong> The Visa Global Registry of Service Providers, <\/strong>um registro de provedoras de servi\u00e7os de pagamento para clientes e comerciantes Visa em conformidade. Empresas listadas no registro garantem um sistema de pagamento seguro, destacando seus investimentos em seguran\u00e7a de dados. <a href=\"https:\/\/www.visa.com\/splisting\/viewSPDetail.do?spId=4891&amp;coName=PAGBRASIL%20PAGAMENTOS%20ELETRONICOS%20LTDA\" target=\"_blank\" rel=\"noopener noreferrer\">Saiba mais<\/a><\/p>\n<p>&nbsp;<\/p>\n<p class='content-img-wrap'><img loading=\"lazy\" decoding=\"async\" class=\"alignnone wp-image-55991\" role=\"img\" src=\"https:\/\/www.pagbrasil.com\/wp-content\/uploads\/2020\/12\/Master.svg\" alt=\"\" width=\"142\" height=\"65\" \/><\/p>\n<h2>Facilitador de Pagamento Mastercard<\/h2>\n<p>A PagBrasil est\u00e1 listada como Facilitador de Pagamento da Mastercard. A Mastercard define um facilitador de pagamento como um provedor de servi\u00e7os registrados por uma adquirente para facilitar transa\u00e7\u00f5es para sub-lojistas. <a href=\"https:\/\/www.mastercard.com\/global\/en\/business\/support\/network-enablement-partners.html\" target=\"_blank\" rel=\"noopener noreferrer\">Saiba mais<\/a><\/p>\n<p>&nbsp;<\/p>\n<div class=\"certifications\">\n<div id=\"reputation-ra\"><\/div>\n<p class='content-img-wrap'><img loading=\"lazy\" decoding=\"async\" class=\"alignnone wp-image-88400 size-full\" src=\"https:\/\/www.pagbrasil.com\/wp-content\/uploads\/2025\/07\/Premio-RA-25_Selo-Indicadas_verde.png\" alt=\"\" width=\"150\" height=\"150\" \/><\/p>\n<\/div>\n<h2>Selo Reclame AQUI<\/h2>\n<p>A PagBrasil \u00e9 uma empresa certificada pelo Reclame AQUI<sup>\u00ae<\/sup> com o selo RA Verificada, que destaca as empresas que possuem excelentes \u00edndices de atendimento na plataforma. Empresas que possuem este selo, demonstram a seus consumidores o compromisso que possuem com o p\u00f3s venda, elevando o grau de confian\u00e7a em sua marca, produtos e servi\u00e7os. <a href=\"https:\/\/www.reclameaqui.com.br\/empresa\/pagbrasil\/\" target=\"_blank\" rel=\"noopener noreferrer\">Saiba mais<\/a><\/p>\n<p>&nbsp;<\/p>\n<p class='content-img-wrap'><img loading=\"lazy\" decoding=\"async\" class=\"alignnone wp-image-50790 size-thumbnail\" role=\"img\" src=\"https:\/\/www.pagbrasil.com\/wp-content\/uploads\/2019\/09\/McAfee-1.svg\" alt=\"Certifica\u00e7\u00f5es e Afilia\u00e7\u00f5es \" width=\"150\" height=\"150\" \/><\/p>\n<h2 class=\"ellip\">McAfee Secure<\/h2>\n<p>A PagBrasil possui a certifica\u00e7\u00e3o McAfee SECURE contra malwares, v\u00edrus, ataques de phishing e outras pr\u00e1ticas maliciosas. <a href=\"https:\/\/www.trustedsite.com\/verify?host=www.pagbrasil.com\" target=\"_blank\" rel=\"noopener noreferrer\">Saiba mais<\/a><\/p>\n<p>&nbsp;<\/p>\n<p class='content-img-wrap'><img loading=\"lazy\" decoding=\"async\" class=\"alignnone wp-image-50787 size-thumbnail\" role=\"img\" src=\"https:\/\/www.pagbrasil.com\/wp-content\/uploads\/2019\/09\/Sectigo-1.svg\" alt=\"Certifica\u00e7\u00f5es e Afilia\u00e7\u00f5es \" width=\"150\" height=\"150\" \/><\/p>\n<h2 class=\"article-title\">Sectigo SSL Certificate<\/h2>\n<p>A PagBrasil possui a <strong>Sectigo SSL Certificate, <\/strong>uma certifica\u00e7\u00e3o que mostra a mensagem de \u201cSeguro\u201d na barra de endere\u00e7o do navegador. A certifica\u00e7\u00e3o SSL protege dom\u00ednios com uma encryption 256-bit e uma signature key RSA 2048-bit. <a href=\"https:\/\/ssl.comodo.com\/about-us\" target=\"_blank\" rel=\"noopener noreferrer\">Saiba mais<\/a><\/p>\n","protected":false},"excerpt":{"rendered":"<p>Great Place to Work A PagBrasil \u00e9 certificada pelo Great Place to Work &#8211; uma consultoria global, que apoia organiza\u00e7\u00f5es [&#8230;]<\/p>\n","protected":false},"author":14,"featured_media":0,"parent":0,"menu_order":0,"comment_status":"closed","ping_status":"closed","template":"page-text-no-sidebar.php","meta":{"_acf_changed":false,"footnotes":""},"class_list":["post-50691","page","type-page","status-publish","hentry"],"acf":[],"yoast_head":"<!-- This site is optimized with the Yoast SEO plugin v25.7 - https:\/\/yoast.com\/wordpress\/plugins\/seo\/ -->\n<title>Conhe\u00e7a nossas certifica\u00e7\u00f5es | PagBrasil<\/title>\n<meta name=\"description\" content=\"Conhe\u00e7a as certifica\u00e7\u00f5es da PagBrasil: PCI-DSS Level 1, Great Place to Work e muito mais. Acesse e confira!\" \/>\n<meta name=\"robots\" content=\"index, follow, max-snippet:-1, max-image-preview:large, max-video-preview:-1\" \/>\n<link rel=\"canonical\" href=\"https:\/\/www.pagbrasil.com\/pt-br\/nossas-certificacoes\/\" \/>\n<meta property=\"og:locale\" content=\"pt_BR\" \/>\n<meta property=\"og:type\" content=\"article\" \/>\n<meta property=\"og:title\" content=\"Conhe\u00e7a nossas certifica\u00e7\u00f5es | PagBrasil\" \/>\n<meta property=\"og:description\" content=\"Conhe\u00e7a as certifica\u00e7\u00f5es da PagBrasil: PCI-DSS Level 1, Great Place to Work e muito mais. Acesse e confira!\" \/>\n<meta property=\"og:url\" content=\"https:\/\/www.pagbrasil.com\/pt-br\/nossas-certificacoes\/\" \/>\n<meta property=\"og:site_name\" content=\"PagBrasil\" \/>\n<meta property=\"article:publisher\" content=\"https:\/\/www.facebook.com\/pagbrasilpagamentos\" \/>\n<meta property=\"article:modified_time\" content=\"2025-11-05T16:55:23+00:00\" \/>\n<meta name=\"twitter:card\" content=\"summary_large_image\" \/>\n<meta name=\"twitter:label1\" content=\"Est. tempo de leitura\" \/>\n\t<meta name=\"twitter:data1\" content=\"4 minutos\" \/>\n<script type=\"application\/ld+json\" class=\"yoast-schema-graph\">{\"@context\":\"https:\/\/schema.org\",\"@graph\":[{\"@type\":\"WebPage\",\"@id\":\"https:\/\/www.pagbrasil.com\/pt-br\/nossas-certificacoes\/\",\"url\":\"https:\/\/www.pagbrasil.com\/pt-br\/nossas-certificacoes\/\",\"name\":\"Conhe\u00e7a nossas certifica\u00e7\u00f5es | PagBrasil\",\"isPartOf\":{\"@id\":\"https:\/\/www.pagbrasil.com\/pt-br\/#website\"},\"primaryImageOfPage\":{\"@id\":\"https:\/\/www.pagbrasil.com\/pt-br\/nossas-certificacoes\/#primaryimage\"},\"image\":{\"@id\":\"https:\/\/www.pagbrasil.com\/pt-br\/nossas-certificacoes\/#primaryimage\"},\"thumbnailUrl\":\"https:\/\/www.pagbrasil.com\/wp-content\/uploads\/2024\/09\/selo-gptw-2024-2025.svg\",\"datePublished\":\"2024-07-01T12:39:27+00:00\",\"dateModified\":\"2025-11-05T16:55:23+00:00\",\"description\":\"Conhe\u00e7a as certifica\u00e7\u00f5es da PagBrasil: PCI-DSS Level 1, Great Place to Work e muito mais. Acesse e confira!\",\"breadcrumb\":{\"@id\":\"https:\/\/www.pagbrasil.com\/pt-br\/nossas-certificacoes\/#breadcrumb\"},\"inLanguage\":\"pt-BR\",\"potentialAction\":[{\"@type\":\"ReadAction\",\"target\":[\"https:\/\/www.pagbrasil.com\/pt-br\/nossas-certificacoes\/\"]}]},{\"@type\":\"ImageObject\",\"inLanguage\":\"pt-BR\",\"@id\":\"https:\/\/www.pagbrasil.com\/pt-br\/nossas-certificacoes\/#primaryimage\",\"url\":\"https:\/\/www.pagbrasil.com\/wp-content\/uploads\/2024\/09\/selo-gptw-2024-2025.svg\",\"contentUrl\":\"https:\/\/www.pagbrasil.com\/wp-content\/uploads\/2024\/09\/selo-gptw-2024-2025.svg\"},{\"@type\":\"BreadcrumbList\",\"@id\":\"https:\/\/www.pagbrasil.com\/pt-br\/nossas-certificacoes\/#breadcrumb\",\"itemListElement\":[{\"@type\":\"ListItem\",\"position\":1,\"name\":\"Home\",\"item\":\"https:\/\/www.pagbrasil.com\/pt-br\/\"},{\"@type\":\"ListItem\",\"position\":2,\"name\":\"Nossas certifica\u00e7\u00f5es\"}]},{\"@type\":\"WebSite\",\"@id\":\"https:\/\/www.pagbrasil.com\/pt-br\/#website\",\"url\":\"https:\/\/www.pagbrasil.com\/pt-br\/\",\"name\":\"PagBrasil\",\"description\":\"Processe seus pagamentos com PagBrasil, servi\u00e7o de pagamento online de excel\u00eancia para o Brasil, desenvolvido para empresas internacionais.\",\"publisher\":{\"@id\":\"https:\/\/www.pagbrasil.com\/pt-br\/#organization\"},\"potentialAction\":[{\"@type\":\"SearchAction\",\"target\":{\"@type\":\"EntryPoint\",\"urlTemplate\":\"https:\/\/www.pagbrasil.com\/pt-br\/?s={search_term_string}\"},\"query-input\":{\"@type\":\"PropertyValueSpecification\",\"valueRequired\":true,\"valueName\":\"search_term_string\"}}],\"inLanguage\":\"pt-BR\"},{\"@type\":\"Organization\",\"@id\":\"https:\/\/www.pagbrasil.com\/pt-br\/#organization\",\"name\":\"PagBrasil\",\"url\":\"https:\/\/www.pagbrasil.com\/pt-br\/\",\"logo\":{\"@type\":\"ImageObject\",\"inLanguage\":\"pt-BR\",\"@id\":\"https:\/\/www.pagbrasil.com\/pt-br\/#\/schema\/logo\/image\/\",\"url\":\"https:\/\/www.pagbrasil.com\/wp-content\/uploads\/2023\/03\/logo-PB-2.svg\",\"contentUrl\":\"https:\/\/www.pagbrasil.com\/wp-content\/uploads\/2023\/03\/logo-PB-2.svg\",\"width\":265,\"height\":64,\"caption\":\"PagBrasil\"},\"image\":{\"@id\":\"https:\/\/www.pagbrasil.com\/pt-br\/#\/schema\/logo\/image\/\"},\"sameAs\":[\"https:\/\/www.facebook.com\/pagbrasilpagamentos\",\"https:\/\/www.linkedin.com\/company\/pagbrasil-pagamentos-eletronicos-ltda\/\"]}]}<\/script>\n<!-- \/ Yoast SEO plugin. -->","yoast_head_json":{"title":"Conhe\u00e7a nossas certifica\u00e7\u00f5es | PagBrasil","description":"Conhe\u00e7a as certifica\u00e7\u00f5es da PagBrasil: PCI-DSS Level 1, Great Place to Work e muito mais. Acesse e confira!","robots":{"index":"index","follow":"follow","max-snippet":"max-snippet:-1","max-image-preview":"max-image-preview:large","max-video-preview":"max-video-preview:-1"},"canonical":"https:\/\/www.pagbrasil.com\/pt-br\/nossas-certificacoes\/","og_locale":"pt_BR","og_type":"article","og_title":"Conhe\u00e7a nossas certifica\u00e7\u00f5es | PagBrasil","og_description":"Conhe\u00e7a as certifica\u00e7\u00f5es da PagBrasil: PCI-DSS Level 1, Great Place to Work e muito mais. Acesse e confira!","og_url":"https:\/\/www.pagbrasil.com\/pt-br\/nossas-certificacoes\/","og_site_name":"PagBrasil","article_publisher":"https:\/\/www.facebook.com\/pagbrasilpagamentos","article_modified_time":"2025-11-05T16:55:23+00:00","twitter_card":"summary_large_image","twitter_misc":{"Est. tempo de leitura":"4 minutos"},"schema":{"@context":"https:\/\/schema.org","@graph":[{"@type":"WebPage","@id":"https:\/\/www.pagbrasil.com\/pt-br\/nossas-certificacoes\/","url":"https:\/\/www.pagbrasil.com\/pt-br\/nossas-certificacoes\/","name":"Conhe\u00e7a nossas certifica\u00e7\u00f5es | PagBrasil","isPartOf":{"@id":"https:\/\/www.pagbrasil.com\/pt-br\/#website"},"primaryImageOfPage":{"@id":"https:\/\/www.pagbrasil.com\/pt-br\/nossas-certificacoes\/#primaryimage"},"image":{"@id":"https:\/\/www.pagbrasil.com\/pt-br\/nossas-certificacoes\/#primaryimage"},"thumbnailUrl":"https:\/\/www.pagbrasil.com\/wp-content\/uploads\/2024\/09\/selo-gptw-2024-2025.svg","datePublished":"2024-07-01T12:39:27+00:00","dateModified":"2025-11-05T16:55:23+00:00","description":"Conhe\u00e7a as certifica\u00e7\u00f5es da PagBrasil: PCI-DSS Level 1, Great Place to Work e muito mais. Acesse e confira!","breadcrumb":{"@id":"https:\/\/www.pagbrasil.com\/pt-br\/nossas-certificacoes\/#breadcrumb"},"inLanguage":"pt-BR","potentialAction":[{"@type":"ReadAction","target":["https:\/\/www.pagbrasil.com\/pt-br\/nossas-certificacoes\/"]}]},{"@type":"ImageObject","inLanguage":"pt-BR","@id":"https:\/\/www.pagbrasil.com\/pt-br\/nossas-certificacoes\/#primaryimage","url":"https:\/\/www.pagbrasil.com\/wp-content\/uploads\/2024\/09\/selo-gptw-2024-2025.svg","contentUrl":"https:\/\/www.pagbrasil.com\/wp-content\/uploads\/2024\/09\/selo-gptw-2024-2025.svg"},{"@type":"BreadcrumbList","@id":"https:\/\/www.pagbrasil.com\/pt-br\/nossas-certificacoes\/#breadcrumb","itemListElement":[{"@type":"ListItem","position":1,"name":"Home","item":"https:\/\/www.pagbrasil.com\/pt-br\/"},{"@type":"ListItem","position":2,"name":"Nossas certifica\u00e7\u00f5es"}]},{"@type":"WebSite","@id":"https:\/\/www.pagbrasil.com\/pt-br\/#website","url":"https:\/\/www.pagbrasil.com\/pt-br\/","name":"PagBrasil","description":"Processe seus pagamentos com PagBrasil, servi\u00e7o de pagamento online de excel\u00eancia para o Brasil, desenvolvido para empresas internacionais.","publisher":{"@id":"https:\/\/www.pagbrasil.com\/pt-br\/#organization"},"potentialAction":[{"@type":"SearchAction","target":{"@type":"EntryPoint","urlTemplate":"https:\/\/www.pagbrasil.com\/pt-br\/?s={search_term_string}"},"query-input":{"@type":"PropertyValueSpecification","valueRequired":true,"valueName":"search_term_string"}}],"inLanguage":"pt-BR"},{"@type":"Organization","@id":"https:\/\/www.pagbrasil.com\/pt-br\/#organization","name":"PagBrasil","url":"https:\/\/www.pagbrasil.com\/pt-br\/","logo":{"@type":"ImageObject","inLanguage":"pt-BR","@id":"https:\/\/www.pagbrasil.com\/pt-br\/#\/schema\/logo\/image\/","url":"https:\/\/www.pagbrasil.com\/wp-content\/uploads\/2023\/03\/logo-PB-2.svg","contentUrl":"https:\/\/www.pagbrasil.com\/wp-content\/uploads\/2023\/03\/logo-PB-2.svg","width":265,"height":64,"caption":"PagBrasil"},"image":{"@id":"https:\/\/www.pagbrasil.com\/pt-br\/#\/schema\/logo\/image\/"},"sameAs":["https:\/\/www.facebook.com\/pagbrasilpagamentos","https:\/\/www.linkedin.com\/company\/pagbrasil-pagamentos-eletronicos-ltda\/"]}]}},"_links":{"self":[{"href":"https:\/\/www.pagbrasil.com\/pt-br\/wp-json\/wp\/v2\/pages\/50691","targetHints":{"allow":["GET"]}}],"collection":[{"href":"https:\/\/www.pagbrasil.com\/pt-br\/wp-json\/wp\/v2\/pages"}],"about":[{"href":"https:\/\/www.pagbrasil.com\/pt-br\/wp-json\/wp\/v2\/types\/page"}],"author":[{"embeddable":true,"href":"https:\/\/www.pagbrasil.com\/pt-br\/wp-json\/wp\/v2\/users\/14"}],"replies":[{"embeddable":true,"href":"https:\/\/www.pagbrasil.com\/pt-br\/wp-json\/wp\/v2\/comments?post=50691"}],"version-history":[{"count":89,"href":"https:\/\/www.pagbrasil.com\/pt-br\/wp-json\/wp\/v2\/pages\/50691\/revisions"}],"predecessor-version":[{"id":90077,"href":"https:\/\/www.pagbrasil.com\/pt-br\/wp-json\/wp\/v2\/pages\/50691\/revisions\/90077"}],"wp:attachment":[{"href":"https:\/\/www.pagbrasil.com\/pt-br\/wp-json\/wp\/v2\/media?parent=50691"}],"curies":[{"name":"wp","href":"https:\/\/api.w.org\/{rel}","templated":true}]}}