{"id":48684,"date":"2024-06-10T00:00:00","date_gmt":"2024-06-10T03:00:00","guid":{"rendered":"https:\/\/www.pagbrasil.com\/servicos\/prevencao-de-fraude\/"},"modified":"2024-11-07T17:06:47","modified_gmt":"2024-11-07T20:06:47","slug":"prevencao-de-fraude","status":"publish","type":"page","link":"https:\/\/www.pagbrasil.com\/pt-br\/servicos\/prevencao-de-fraude\/","title":{"rendered":"Preven\u00e7\u00e3o de fraude"},"content":{"rendered":"<p><strong>PagShield\u00ae <\/strong> &#8211; Preven\u00e7\u00e3o de fraudes de \u00faltima gera\u00e7\u00e3o<\/p>\n","protected":false},"excerpt":{"rendered":"<p>PagShield\u00ae &#8211; Preven\u00e7\u00e3o de fraudes de \u00faltima gera\u00e7\u00e3o<\/p>\n","protected":false},"author":1,"featured_media":0,"parent":174,"menu_order":0,"comment_status":"closed","ping_status":"closed","template":"page-servicos-interior.php","meta":{"_acf_changed":false,"footnotes":""},"class_list":["post-48684","page","type-page","status-publish","hentry"],"acf":[],"yoast_head":"<!-- This site is optimized with the Yoast SEO plugin v25.7 - https:\/\/yoast.com\/wordpress\/plugins\/seo\/ -->\n<title>PagShield\u00ae: Solu\u00e7\u00e3o antifraude para e-commerce | PagBrasil<\/title>\n<meta name=\"description\" content=\"Reduza fraudes e chargebacks com PagShield\u00ae, sistema antifraude inteligente para e-commerce pensado para o mercado brasileiro. Conhe\u00e7a!\" \/>\n<meta name=\"robots\" content=\"index, follow, max-snippet:-1, max-image-preview:large, max-video-preview:-1\" \/>\n<link rel=\"canonical\" href=\"https:\/\/www.pagbrasil.com\/pt-br\/servicos\/prevencao-de-fraude\/\" \/>\n<meta property=\"og:locale\" content=\"pt_BR\" \/>\n<meta property=\"og:type\" content=\"article\" \/>\n<meta property=\"og:title\" content=\"PagShield\u00ae: Solu\u00e7\u00e3o antifraude para e-commerce | PagBrasil\" \/>\n<meta property=\"og:description\" content=\"Reduza fraudes e chargebacks com PagShield\u00ae, sistema antifraude inteligente para e-commerce pensado para o mercado brasileiro. Conhe\u00e7a!\" \/>\n<meta property=\"og:url\" content=\"https:\/\/www.pagbrasil.com\/pt-br\/servicos\/prevencao-de-fraude\/\" \/>\n<meta property=\"og:site_name\" content=\"PagBrasil\" \/>\n<meta property=\"article:publisher\" content=\"https:\/\/www.facebook.com\/pagbrasilpagamentos\" \/>\n<meta property=\"article:modified_time\" content=\"2024-11-07T20:06:47+00:00\" \/>\n<meta name=\"twitter:card\" content=\"summary_large_image\" \/>\n<script type=\"application\/ld+json\" class=\"yoast-schema-graph\">{\"@context\":\"https:\/\/schema.org\",\"@graph\":[{\"@type\":\"WebPage\",\"@id\":\"https:\/\/www.pagbrasil.com\/pt-br\/servicos\/prevencao-de-fraude\/\",\"url\":\"https:\/\/www.pagbrasil.com\/pt-br\/servicos\/prevencao-de-fraude\/\",\"name\":\"PagShield\u00ae: Solu\u00e7\u00e3o antifraude para e-commerce | PagBrasil\",\"isPartOf\":{\"@id\":\"https:\/\/www.pagbrasil.com\/pt-br\/#website\"},\"datePublished\":\"2024-06-10T03:00:00+00:00\",\"dateModified\":\"2024-11-07T20:06:47+00:00\",\"description\":\"Reduza fraudes e chargebacks com PagShield\u00ae, sistema antifraude inteligente para e-commerce pensado para o mercado brasileiro. Conhe\u00e7a!\",\"breadcrumb\":{\"@id\":\"https:\/\/www.pagbrasil.com\/pt-br\/servicos\/prevencao-de-fraude\/#breadcrumb\"},\"inLanguage\":\"pt-BR\",\"potentialAction\":[{\"@type\":\"ReadAction\",\"target\":[\"https:\/\/www.pagbrasil.com\/pt-br\/servicos\/prevencao-de-fraude\/\"]}]},{\"@type\":\"BreadcrumbList\",\"@id\":\"https:\/\/www.pagbrasil.com\/pt-br\/servicos\/prevencao-de-fraude\/#breadcrumb\",\"itemListElement\":[{\"@type\":\"ListItem\",\"position\":1,\"name\":\"Home\",\"item\":\"https:\/\/www.pagbrasil.com\/pt-br\/\"},{\"@type\":\"ListItem\",\"position\":2,\"name\":\"Servi\u00e7os\",\"item\":\"https:\/\/www.pagbrasil.com\/pt-br\/servicos\/\"},{\"@type\":\"ListItem\",\"position\":3,\"name\":\"Preven\u00e7\u00e3o de fraude\"}]},{\"@type\":\"WebSite\",\"@id\":\"https:\/\/www.pagbrasil.com\/pt-br\/#website\",\"url\":\"https:\/\/www.pagbrasil.com\/pt-br\/\",\"name\":\"PagBrasil\",\"description\":\"Processe seus pagamentos com PagBrasil, servi\u00e7o de pagamento online de excel\u00eancia para o Brasil, desenvolvido para empresas internacionais.\",\"publisher\":{\"@id\":\"https:\/\/www.pagbrasil.com\/pt-br\/#organization\"},\"potentialAction\":[{\"@type\":\"SearchAction\",\"target\":{\"@type\":\"EntryPoint\",\"urlTemplate\":\"https:\/\/www.pagbrasil.com\/pt-br\/?s={search_term_string}\"},\"query-input\":{\"@type\":\"PropertyValueSpecification\",\"valueRequired\":true,\"valueName\":\"search_term_string\"}}],\"inLanguage\":\"pt-BR\"},{\"@type\":\"Organization\",\"@id\":\"https:\/\/www.pagbrasil.com\/pt-br\/#organization\",\"name\":\"PagBrasil\",\"url\":\"https:\/\/www.pagbrasil.com\/pt-br\/\",\"logo\":{\"@type\":\"ImageObject\",\"inLanguage\":\"pt-BR\",\"@id\":\"https:\/\/www.pagbrasil.com\/pt-br\/#\/schema\/logo\/image\/\",\"url\":\"https:\/\/www.pagbrasil.com\/wp-content\/uploads\/2023\/03\/logo-PB-2.svg\",\"contentUrl\":\"https:\/\/www.pagbrasil.com\/wp-content\/uploads\/2023\/03\/logo-PB-2.svg\",\"width\":265,\"height\":64,\"caption\":\"PagBrasil\"},\"image\":{\"@id\":\"https:\/\/www.pagbrasil.com\/pt-br\/#\/schema\/logo\/image\/\"},\"sameAs\":[\"https:\/\/www.facebook.com\/pagbrasilpagamentos\",\"https:\/\/www.linkedin.com\/company\/pagbrasil-pagamentos-eletronicos-ltda\/\"]}]}<\/script>\n<!-- \/ Yoast SEO plugin. -->","yoast_head_json":{"title":"PagShield\u00ae: Solu\u00e7\u00e3o antifraude para e-commerce | PagBrasil","description":"Reduza fraudes e chargebacks com PagShield\u00ae, sistema antifraude inteligente para e-commerce pensado para o mercado brasileiro. Conhe\u00e7a!","robots":{"index":"index","follow":"follow","max-snippet":"max-snippet:-1","max-image-preview":"max-image-preview:large","max-video-preview":"max-video-preview:-1"},"canonical":"https:\/\/www.pagbrasil.com\/pt-br\/servicos\/prevencao-de-fraude\/","og_locale":"pt_BR","og_type":"article","og_title":"PagShield\u00ae: Solu\u00e7\u00e3o antifraude para e-commerce | PagBrasil","og_description":"Reduza fraudes e chargebacks com PagShield\u00ae, sistema antifraude inteligente para e-commerce pensado para o mercado brasileiro. Conhe\u00e7a!","og_url":"https:\/\/www.pagbrasil.com\/pt-br\/servicos\/prevencao-de-fraude\/","og_site_name":"PagBrasil","article_publisher":"https:\/\/www.facebook.com\/pagbrasilpagamentos","article_modified_time":"2024-11-07T20:06:47+00:00","twitter_card":"summary_large_image","schema":{"@context":"https:\/\/schema.org","@graph":[{"@type":"WebPage","@id":"https:\/\/www.pagbrasil.com\/pt-br\/servicos\/prevencao-de-fraude\/","url":"https:\/\/www.pagbrasil.com\/pt-br\/servicos\/prevencao-de-fraude\/","name":"PagShield\u00ae: Solu\u00e7\u00e3o antifraude para e-commerce | PagBrasil","isPartOf":{"@id":"https:\/\/www.pagbrasil.com\/pt-br\/#website"},"datePublished":"2024-06-10T03:00:00+00:00","dateModified":"2024-11-07T20:06:47+00:00","description":"Reduza fraudes e chargebacks com PagShield\u00ae, sistema antifraude inteligente para e-commerce pensado para o mercado brasileiro. Conhe\u00e7a!","breadcrumb":{"@id":"https:\/\/www.pagbrasil.com\/pt-br\/servicos\/prevencao-de-fraude\/#breadcrumb"},"inLanguage":"pt-BR","potentialAction":[{"@type":"ReadAction","target":["https:\/\/www.pagbrasil.com\/pt-br\/servicos\/prevencao-de-fraude\/"]}]},{"@type":"BreadcrumbList","@id":"https:\/\/www.pagbrasil.com\/pt-br\/servicos\/prevencao-de-fraude\/#breadcrumb","itemListElement":[{"@type":"ListItem","position":1,"name":"Home","item":"https:\/\/www.pagbrasil.com\/pt-br\/"},{"@type":"ListItem","position":2,"name":"Servi\u00e7os","item":"https:\/\/www.pagbrasil.com\/pt-br\/servicos\/"},{"@type":"ListItem","position":3,"name":"Preven\u00e7\u00e3o de fraude"}]},{"@type":"WebSite","@id":"https:\/\/www.pagbrasil.com\/pt-br\/#website","url":"https:\/\/www.pagbrasil.com\/pt-br\/","name":"PagBrasil","description":"Processe seus pagamentos com PagBrasil, servi\u00e7o de pagamento online de excel\u00eancia para o Brasil, desenvolvido para empresas internacionais.","publisher":{"@id":"https:\/\/www.pagbrasil.com\/pt-br\/#organization"},"potentialAction":[{"@type":"SearchAction","target":{"@type":"EntryPoint","urlTemplate":"https:\/\/www.pagbrasil.com\/pt-br\/?s={search_term_string}"},"query-input":{"@type":"PropertyValueSpecification","valueRequired":true,"valueName":"search_term_string"}}],"inLanguage":"pt-BR"},{"@type":"Organization","@id":"https:\/\/www.pagbrasil.com\/pt-br\/#organization","name":"PagBrasil","url":"https:\/\/www.pagbrasil.com\/pt-br\/","logo":{"@type":"ImageObject","inLanguage":"pt-BR","@id":"https:\/\/www.pagbrasil.com\/pt-br\/#\/schema\/logo\/image\/","url":"https:\/\/www.pagbrasil.com\/wp-content\/uploads\/2023\/03\/logo-PB-2.svg","contentUrl":"https:\/\/www.pagbrasil.com\/wp-content\/uploads\/2023\/03\/logo-PB-2.svg","width":265,"height":64,"caption":"PagBrasil"},"image":{"@id":"https:\/\/www.pagbrasil.com\/pt-br\/#\/schema\/logo\/image\/"},"sameAs":["https:\/\/www.facebook.com\/pagbrasilpagamentos","https:\/\/www.linkedin.com\/company\/pagbrasil-pagamentos-eletronicos-ltda\/"]}]}},"_links":{"self":[{"href":"https:\/\/www.pagbrasil.com\/pt-br\/wp-json\/wp\/v2\/pages\/48684","targetHints":{"allow":["GET"]}}],"collection":[{"href":"https:\/\/www.pagbrasil.com\/pt-br\/wp-json\/wp\/v2\/pages"}],"about":[{"href":"https:\/\/www.pagbrasil.com\/pt-br\/wp-json\/wp\/v2\/types\/page"}],"author":[{"embeddable":true,"href":"https:\/\/www.pagbrasil.com\/pt-br\/wp-json\/wp\/v2\/users\/1"}],"replies":[{"embeddable":true,"href":"https:\/\/www.pagbrasil.com\/pt-br\/wp-json\/wp\/v2\/comments?post=48684"}],"version-history":[{"count":23,"href":"https:\/\/www.pagbrasil.com\/pt-br\/wp-json\/wp\/v2\/pages\/48684\/revisions"}],"predecessor-version":[{"id":63153,"href":"https:\/\/www.pagbrasil.com\/pt-br\/wp-json\/wp\/v2\/pages\/48684\/revisions\/63153"}],"up":[{"embeddable":true,"href":"https:\/\/www.pagbrasil.com\/pt-br\/wp-json\/wp\/v2\/pages\/174"}],"wp:attachment":[{"href":"https:\/\/www.pagbrasil.com\/pt-br\/wp-json\/wp\/v2\/media?parent=48684"}],"curies":[{"name":"wp","href":"https:\/\/api.w.org\/{rel}","templated":true}]}}