{"id":48676,"date":"2024-07-01T00:00:00","date_gmt":"2024-07-01T03:00:00","guid":{"rendered":"https:\/\/www.pagbrasil.com\/metodos-de-pagamento\/samsung-pay\/"},"modified":"2024-10-28T15:06:26","modified_gmt":"2024-10-28T18:06:26","slug":"samsung-pay","status":"publish","type":"page","link":"https:\/\/www.pagbrasil.com\/pt-br\/metodos-de-pagamento\/samsung-pay\/","title":{"rendered":"Samsung Pay"},"content":{"rendered":"<p><strong>Checkout r\u00e1pido<\/strong><br \/>\ncom o Samsung Pay<\/p>\n","protected":false},"excerpt":{"rendered":"<p>Checkout r\u00e1pido com o Samsung Pay<\/p>\n","protected":false},"author":1,"featured_media":0,"parent":176,"menu_order":0,"comment_status":"open","ping_status":"closed","template":"page-metodos-pagamento-interior.php","meta":{"_acf_changed":false,"footnotes":""},"class_list":["post-48676","page","type-page","status-publish","hentry"],"acf":[],"yoast_head":"<!-- This site is optimized with the Yoast SEO plugin v25.7 - https:\/\/yoast.com\/wordpress\/plugins\/seo\/ -->\n<title>Samsung Pay: Checkout r\u00e1pido e f\u00e1cil | PagBrasil<\/title>\n<meta name=\"description\" content=\"Agilize a conclus\u00e3o do pagamento com o Samsung Pay e aumente suas vendas online. Acesse e saiba mais sobre esta integra\u00e7\u00e3o.\" \/>\n<meta name=\"robots\" content=\"index, follow, max-snippet:-1, max-image-preview:large, max-video-preview:-1\" \/>\n<link rel=\"canonical\" href=\"https:\/\/www.pagbrasil.com\/pt-br\/metodos-de-pagamento\/samsung-pay\/\" \/>\n<meta property=\"og:locale\" content=\"pt_BR\" \/>\n<meta property=\"og:type\" content=\"article\" \/>\n<meta property=\"og:title\" content=\"Samsung Pay: Checkout r\u00e1pido e f\u00e1cil | PagBrasil\" \/>\n<meta property=\"og:description\" content=\"Agilize a conclus\u00e3o do pagamento com o Samsung Pay e aumente suas vendas online. Acesse e saiba mais sobre esta integra\u00e7\u00e3o.\" \/>\n<meta property=\"og:url\" content=\"https:\/\/www.pagbrasil.com\/pt-br\/metodos-de-pagamento\/samsung-pay\/\" \/>\n<meta property=\"og:site_name\" content=\"PagBrasil\" \/>\n<meta property=\"article:publisher\" content=\"https:\/\/www.facebook.com\/pagbrasilpagamentos\" \/>\n<meta property=\"article:modified_time\" content=\"2024-10-28T18:06:26+00:00\" \/>\n<meta name=\"twitter:card\" content=\"summary_large_image\" \/>\n<script type=\"application\/ld+json\" class=\"yoast-schema-graph\">{\"@context\":\"https:\/\/schema.org\",\"@graph\":[{\"@type\":\"WebPage\",\"@id\":\"https:\/\/www.pagbrasil.com\/pt-br\/metodos-de-pagamento\/samsung-pay\/\",\"url\":\"https:\/\/www.pagbrasil.com\/pt-br\/metodos-de-pagamento\/samsung-pay\/\",\"name\":\"Samsung Pay: Checkout r\u00e1pido e f\u00e1cil | PagBrasil\",\"isPartOf\":{\"@id\":\"https:\/\/www.pagbrasil.com\/pt-br\/#website\"},\"datePublished\":\"2024-07-01T03:00:00+00:00\",\"dateModified\":\"2024-10-28T18:06:26+00:00\",\"description\":\"Agilize a conclus\u00e3o do pagamento com o Samsung Pay e aumente suas vendas online. Acesse e saiba mais sobre esta integra\u00e7\u00e3o.\",\"breadcrumb\":{\"@id\":\"https:\/\/www.pagbrasil.com\/pt-br\/metodos-de-pagamento\/samsung-pay\/#breadcrumb\"},\"inLanguage\":\"pt-BR\",\"potentialAction\":[{\"@type\":\"ReadAction\",\"target\":[\"https:\/\/www.pagbrasil.com\/pt-br\/metodos-de-pagamento\/samsung-pay\/\"]}]},{\"@type\":\"BreadcrumbList\",\"@id\":\"https:\/\/www.pagbrasil.com\/pt-br\/metodos-de-pagamento\/samsung-pay\/#breadcrumb\",\"itemListElement\":[{\"@type\":\"ListItem\",\"position\":1,\"name\":\"Home\",\"item\":\"https:\/\/www.pagbrasil.com\/pt-br\/\"},{\"@type\":\"ListItem\",\"position\":2,\"name\":\"M\u00e9todos de pagamento\",\"item\":\"https:\/\/www.pagbrasil.com\/pt-br\/metodos-de-pagamento\/\"},{\"@type\":\"ListItem\",\"position\":3,\"name\":\"Samsung Pay\"}]},{\"@type\":\"WebSite\",\"@id\":\"https:\/\/www.pagbrasil.com\/pt-br\/#website\",\"url\":\"https:\/\/www.pagbrasil.com\/pt-br\/\",\"name\":\"PagBrasil\",\"description\":\"Processe seus pagamentos com PagBrasil, servi\u00e7o de pagamento online de excel\u00eancia para o Brasil, desenvolvido para empresas internacionais.\",\"publisher\":{\"@id\":\"https:\/\/www.pagbrasil.com\/pt-br\/#organization\"},\"potentialAction\":[{\"@type\":\"SearchAction\",\"target\":{\"@type\":\"EntryPoint\",\"urlTemplate\":\"https:\/\/www.pagbrasil.com\/pt-br\/?s={search_term_string}\"},\"query-input\":{\"@type\":\"PropertyValueSpecification\",\"valueRequired\":true,\"valueName\":\"search_term_string\"}}],\"inLanguage\":\"pt-BR\"},{\"@type\":\"Organization\",\"@id\":\"https:\/\/www.pagbrasil.com\/pt-br\/#organization\",\"name\":\"PagBrasil\",\"url\":\"https:\/\/www.pagbrasil.com\/pt-br\/\",\"logo\":{\"@type\":\"ImageObject\",\"inLanguage\":\"pt-BR\",\"@id\":\"https:\/\/www.pagbrasil.com\/pt-br\/#\/schema\/logo\/image\/\",\"url\":\"https:\/\/www.pagbrasil.com\/wp-content\/uploads\/2023\/03\/logo-PB-2.svg\",\"contentUrl\":\"https:\/\/www.pagbrasil.com\/wp-content\/uploads\/2023\/03\/logo-PB-2.svg\",\"width\":265,\"height\":64,\"caption\":\"PagBrasil\"},\"image\":{\"@id\":\"https:\/\/www.pagbrasil.com\/pt-br\/#\/schema\/logo\/image\/\"},\"sameAs\":[\"https:\/\/www.facebook.com\/pagbrasilpagamentos\",\"https:\/\/www.linkedin.com\/company\/pagbrasil-pagamentos-eletronicos-ltda\/\"]}]}<\/script>\n<!-- \/ Yoast SEO plugin. -->","yoast_head_json":{"title":"Samsung Pay: Checkout r\u00e1pido e f\u00e1cil | PagBrasil","description":"Agilize a conclus\u00e3o do pagamento com o Samsung Pay e aumente suas vendas online. Acesse e saiba mais sobre esta integra\u00e7\u00e3o.","robots":{"index":"index","follow":"follow","max-snippet":"max-snippet:-1","max-image-preview":"max-image-preview:large","max-video-preview":"max-video-preview:-1"},"canonical":"https:\/\/www.pagbrasil.com\/pt-br\/metodos-de-pagamento\/samsung-pay\/","og_locale":"pt_BR","og_type":"article","og_title":"Samsung Pay: Checkout r\u00e1pido e f\u00e1cil | PagBrasil","og_description":"Agilize a conclus\u00e3o do pagamento com o Samsung Pay e aumente suas vendas online. Acesse e saiba mais sobre esta integra\u00e7\u00e3o.","og_url":"https:\/\/www.pagbrasil.com\/pt-br\/metodos-de-pagamento\/samsung-pay\/","og_site_name":"PagBrasil","article_publisher":"https:\/\/www.facebook.com\/pagbrasilpagamentos","article_modified_time":"2024-10-28T18:06:26+00:00","twitter_card":"summary_large_image","schema":{"@context":"https:\/\/schema.org","@graph":[{"@type":"WebPage","@id":"https:\/\/www.pagbrasil.com\/pt-br\/metodos-de-pagamento\/samsung-pay\/","url":"https:\/\/www.pagbrasil.com\/pt-br\/metodos-de-pagamento\/samsung-pay\/","name":"Samsung Pay: Checkout r\u00e1pido e f\u00e1cil | PagBrasil","isPartOf":{"@id":"https:\/\/www.pagbrasil.com\/pt-br\/#website"},"datePublished":"2024-07-01T03:00:00+00:00","dateModified":"2024-10-28T18:06:26+00:00","description":"Agilize a conclus\u00e3o do pagamento com o Samsung Pay e aumente suas vendas online. Acesse e saiba mais sobre esta integra\u00e7\u00e3o.","breadcrumb":{"@id":"https:\/\/www.pagbrasil.com\/pt-br\/metodos-de-pagamento\/samsung-pay\/#breadcrumb"},"inLanguage":"pt-BR","potentialAction":[{"@type":"ReadAction","target":["https:\/\/www.pagbrasil.com\/pt-br\/metodos-de-pagamento\/samsung-pay\/"]}]},{"@type":"BreadcrumbList","@id":"https:\/\/www.pagbrasil.com\/pt-br\/metodos-de-pagamento\/samsung-pay\/#breadcrumb","itemListElement":[{"@type":"ListItem","position":1,"name":"Home","item":"https:\/\/www.pagbrasil.com\/pt-br\/"},{"@type":"ListItem","position":2,"name":"M\u00e9todos de pagamento","item":"https:\/\/www.pagbrasil.com\/pt-br\/metodos-de-pagamento\/"},{"@type":"ListItem","position":3,"name":"Samsung Pay"}]},{"@type":"WebSite","@id":"https:\/\/www.pagbrasil.com\/pt-br\/#website","url":"https:\/\/www.pagbrasil.com\/pt-br\/","name":"PagBrasil","description":"Processe seus pagamentos com PagBrasil, servi\u00e7o de pagamento online de excel\u00eancia para o Brasil, desenvolvido para empresas internacionais.","publisher":{"@id":"https:\/\/www.pagbrasil.com\/pt-br\/#organization"},"potentialAction":[{"@type":"SearchAction","target":{"@type":"EntryPoint","urlTemplate":"https:\/\/www.pagbrasil.com\/pt-br\/?s={search_term_string}"},"query-input":{"@type":"PropertyValueSpecification","valueRequired":true,"valueName":"search_term_string"}}],"inLanguage":"pt-BR"},{"@type":"Organization","@id":"https:\/\/www.pagbrasil.com\/pt-br\/#organization","name":"PagBrasil","url":"https:\/\/www.pagbrasil.com\/pt-br\/","logo":{"@type":"ImageObject","inLanguage":"pt-BR","@id":"https:\/\/www.pagbrasil.com\/pt-br\/#\/schema\/logo\/image\/","url":"https:\/\/www.pagbrasil.com\/wp-content\/uploads\/2023\/03\/logo-PB-2.svg","contentUrl":"https:\/\/www.pagbrasil.com\/wp-content\/uploads\/2023\/03\/logo-PB-2.svg","width":265,"height":64,"caption":"PagBrasil"},"image":{"@id":"https:\/\/www.pagbrasil.com\/pt-br\/#\/schema\/logo\/image\/"},"sameAs":["https:\/\/www.facebook.com\/pagbrasilpagamentos","https:\/\/www.linkedin.com\/company\/pagbrasil-pagamentos-eletronicos-ltda\/"]}]}},"_links":{"self":[{"href":"https:\/\/www.pagbrasil.com\/pt-br\/wp-json\/wp\/v2\/pages\/48676","targetHints":{"allow":["GET"]}}],"collection":[{"href":"https:\/\/www.pagbrasil.com\/pt-br\/wp-json\/wp\/v2\/pages"}],"about":[{"href":"https:\/\/www.pagbrasil.com\/pt-br\/wp-json\/wp\/v2\/types\/page"}],"author":[{"embeddable":true,"href":"https:\/\/www.pagbrasil.com\/pt-br\/wp-json\/wp\/v2\/users\/1"}],"replies":[{"embeddable":true,"href":"https:\/\/www.pagbrasil.com\/pt-br\/wp-json\/wp\/v2\/comments?post=48676"}],"version-history":[{"count":18,"href":"https:\/\/www.pagbrasil.com\/pt-br\/wp-json\/wp\/v2\/pages\/48676\/revisions"}],"predecessor-version":[{"id":82997,"href":"https:\/\/www.pagbrasil.com\/pt-br\/wp-json\/wp\/v2\/pages\/48676\/revisions\/82997"}],"up":[{"embeddable":true,"href":"https:\/\/www.pagbrasil.com\/pt-br\/wp-json\/wp\/v2\/pages\/176"}],"wp:attachment":[{"href":"https:\/\/www.pagbrasil.com\/pt-br\/wp-json\/wp\/v2\/media?parent=48676"}],"curies":[{"name":"wp","href":"https:\/\/api.w.org\/{rel}","templated":true}]}}