{"id":3422,"date":"2024-06-28T00:00:00","date_gmt":"2024-06-28T03:00:00","guid":{"rendered":"https:\/\/www.pagbrasil.com\/?page_id=3422"},"modified":"2026-04-16T14:55:32","modified_gmt":"2026-04-16T17:55:32","slug":"plugin-de-pagamento-para-vtex","status":"publish","type":"page","link":"https:\/\/www.pagbrasil.com\/pt-br\/integracao\/plugin-de-pagamento-para-vtex\/","title":{"rendered":"Plugin VTEX"},"content":{"rendered":"<p>Plugin para<br \/>\n<strong>VTEX <\/strong><\/p>\n","protected":false},"excerpt":{"rendered":"<p>Plugin para VTEX<\/p>\n","protected":false},"author":9,"featured_media":0,"parent":184,"menu_order":0,"comment_status":"closed","ping_status":"closed","template":"page-integracao-interiores.php","meta":{"_acf_changed":false,"footnotes":""},"class_list":["post-3422","page","type-page","status-publish","hentry"],"acf":[],"yoast_head":"<!-- This site is optimized with the Yoast SEO plugin v25.7 - https:\/\/yoast.com\/wordpress\/plugins\/seo\/ -->\n<title>Plugin de pagamento para VTEX com Pix, Apple Pay e Google Pay | PagBrasil<\/title>\n<meta name=\"description\" content=\"Otimize seu checkout VTEX com nosso plugin! Ofere\u00e7a Pix, Apple Pay, recorr\u00eancia e antifraude para aumentar suas convers\u00f5es com seguran\u00e7a. Confira agora!\" \/>\n<meta name=\"robots\" content=\"index, follow, max-snippet:-1, max-image-preview:large, max-video-preview:-1\" \/>\n<link rel=\"canonical\" href=\"https:\/\/www.pagbrasil.com\/pt-br\/integracao\/plugin-de-pagamento-para-vtex\/\" \/>\n<meta property=\"og:locale\" content=\"pt_BR\" \/>\n<meta property=\"og:type\" content=\"article\" \/>\n<meta property=\"og:title\" content=\"Plugin de pagamento para VTEX com Pix, Apple Pay e Google Pay | PagBrasil\" \/>\n<meta property=\"og:description\" content=\"Otimize seu checkout VTEX com nosso plugin! Ofere\u00e7a Pix, Apple Pay, recorr\u00eancia e antifraude para aumentar suas convers\u00f5es com seguran\u00e7a. Confira agora!\" \/>\n<meta property=\"og:url\" content=\"https:\/\/www.pagbrasil.com\/pt-br\/integracao\/plugin-de-pagamento-para-vtex\/\" \/>\n<meta property=\"og:site_name\" content=\"PagBrasil\" \/>\n<meta property=\"article:publisher\" content=\"https:\/\/www.facebook.com\/pagbrasilpagamentos\" \/>\n<meta property=\"article:modified_time\" content=\"2026-04-16T17:55:32+00:00\" \/>\n<meta name=\"twitter:card\" content=\"summary_large_image\" \/>\n<script type=\"application\/ld+json\" class=\"yoast-schema-graph\">{\"@context\":\"https:\/\/schema.org\",\"@graph\":[{\"@type\":\"WebPage\",\"@id\":\"https:\/\/www.pagbrasil.com\/pt-br\/integracao\/plugin-de-pagamento-para-vtex\/\",\"url\":\"https:\/\/www.pagbrasil.com\/pt-br\/integracao\/plugin-de-pagamento-para-vtex\/\",\"name\":\"Plugin de pagamento para VTEX com Pix, Apple Pay e Google Pay | PagBrasil\",\"isPartOf\":{\"@id\":\"https:\/\/www.pagbrasil.com\/pt-br\/#website\"},\"datePublished\":\"2024-06-28T03:00:00+00:00\",\"dateModified\":\"2026-04-16T17:55:32+00:00\",\"description\":\"Otimize seu checkout VTEX com nosso plugin! Ofere\u00e7a Pix, Apple Pay, recorr\u00eancia e antifraude para aumentar suas convers\u00f5es com seguran\u00e7a. Confira agora!\",\"breadcrumb\":{\"@id\":\"https:\/\/www.pagbrasil.com\/pt-br\/integracao\/plugin-de-pagamento-para-vtex\/#breadcrumb\"},\"inLanguage\":\"pt-BR\",\"potentialAction\":[{\"@type\":\"ReadAction\",\"target\":[\"https:\/\/www.pagbrasil.com\/pt-br\/integracao\/plugin-de-pagamento-para-vtex\/\"]}]},{\"@type\":\"BreadcrumbList\",\"@id\":\"https:\/\/www.pagbrasil.com\/pt-br\/integracao\/plugin-de-pagamento-para-vtex\/#breadcrumb\",\"itemListElement\":[{\"@type\":\"ListItem\",\"position\":1,\"name\":\"Home\",\"item\":\"https:\/\/www.pagbrasil.com\/pt-br\/\"},{\"@type\":\"ListItem\",\"position\":2,\"name\":\"Integra\u00e7\u00e3o\",\"item\":\"https:\/\/www.pagbrasil.com\/pt-br\/integracao\/\"},{\"@type\":\"ListItem\",\"position\":3,\"name\":\"Plugin VTEX\"}]},{\"@type\":\"WebSite\",\"@id\":\"https:\/\/www.pagbrasil.com\/pt-br\/#website\",\"url\":\"https:\/\/www.pagbrasil.com\/pt-br\/\",\"name\":\"PagBrasil\",\"description\":\"Processe seus pagamentos com PagBrasil, servi\u00e7o de pagamento online de excel\u00eancia para o Brasil, desenvolvido para empresas internacionais.\",\"publisher\":{\"@id\":\"https:\/\/www.pagbrasil.com\/pt-br\/#organization\"},\"potentialAction\":[{\"@type\":\"SearchAction\",\"target\":{\"@type\":\"EntryPoint\",\"urlTemplate\":\"https:\/\/www.pagbrasil.com\/pt-br\/?s={search_term_string}\"},\"query-input\":{\"@type\":\"PropertyValueSpecification\",\"valueRequired\":true,\"valueName\":\"search_term_string\"}}],\"inLanguage\":\"pt-BR\"},{\"@type\":\"Organization\",\"@id\":\"https:\/\/www.pagbrasil.com\/pt-br\/#organization\",\"name\":\"PagBrasil\",\"url\":\"https:\/\/www.pagbrasil.com\/pt-br\/\",\"logo\":{\"@type\":\"ImageObject\",\"inLanguage\":\"pt-BR\",\"@id\":\"https:\/\/www.pagbrasil.com\/pt-br\/#\/schema\/logo\/image\/\",\"url\":\"https:\/\/www.pagbrasil.com\/wp-content\/uploads\/2023\/03\/logo-PB-2.svg\",\"contentUrl\":\"https:\/\/www.pagbrasil.com\/wp-content\/uploads\/2023\/03\/logo-PB-2.svg\",\"width\":265,\"height\":64,\"caption\":\"PagBrasil\"},\"image\":{\"@id\":\"https:\/\/www.pagbrasil.com\/pt-br\/#\/schema\/logo\/image\/\"},\"sameAs\":[\"https:\/\/www.facebook.com\/pagbrasilpagamentos\",\"https:\/\/www.linkedin.com\/company\/pagbrasil-pagamentos-eletronicos-ltda\/\"]}]}<\/script>\n<!-- \/ Yoast SEO plugin. -->","yoast_head_json":{"title":"Plugin de pagamento para VTEX com Pix, Apple Pay e Google Pay | PagBrasil","description":"Otimize seu checkout VTEX com nosso plugin! Ofere\u00e7a Pix, Apple Pay, recorr\u00eancia e antifraude para aumentar suas convers\u00f5es com seguran\u00e7a. Confira agora!","robots":{"index":"index","follow":"follow","max-snippet":"max-snippet:-1","max-image-preview":"max-image-preview:large","max-video-preview":"max-video-preview:-1"},"canonical":"https:\/\/www.pagbrasil.com\/pt-br\/integracao\/plugin-de-pagamento-para-vtex\/","og_locale":"pt_BR","og_type":"article","og_title":"Plugin de pagamento para VTEX com Pix, Apple Pay e Google Pay | PagBrasil","og_description":"Otimize seu checkout VTEX com nosso plugin! Ofere\u00e7a Pix, Apple Pay, recorr\u00eancia e antifraude para aumentar suas convers\u00f5es com seguran\u00e7a. Confira agora!","og_url":"https:\/\/www.pagbrasil.com\/pt-br\/integracao\/plugin-de-pagamento-para-vtex\/","og_site_name":"PagBrasil","article_publisher":"https:\/\/www.facebook.com\/pagbrasilpagamentos","article_modified_time":"2026-04-16T17:55:32+00:00","twitter_card":"summary_large_image","schema":{"@context":"https:\/\/schema.org","@graph":[{"@type":"WebPage","@id":"https:\/\/www.pagbrasil.com\/pt-br\/integracao\/plugin-de-pagamento-para-vtex\/","url":"https:\/\/www.pagbrasil.com\/pt-br\/integracao\/plugin-de-pagamento-para-vtex\/","name":"Plugin de pagamento para VTEX com Pix, Apple Pay e Google Pay | PagBrasil","isPartOf":{"@id":"https:\/\/www.pagbrasil.com\/pt-br\/#website"},"datePublished":"2024-06-28T03:00:00+00:00","dateModified":"2026-04-16T17:55:32+00:00","description":"Otimize seu checkout VTEX com nosso plugin! Ofere\u00e7a Pix, Apple Pay, recorr\u00eancia e antifraude para aumentar suas convers\u00f5es com seguran\u00e7a. Confira agora!","breadcrumb":{"@id":"https:\/\/www.pagbrasil.com\/pt-br\/integracao\/plugin-de-pagamento-para-vtex\/#breadcrumb"},"inLanguage":"pt-BR","potentialAction":[{"@type":"ReadAction","target":["https:\/\/www.pagbrasil.com\/pt-br\/integracao\/plugin-de-pagamento-para-vtex\/"]}]},{"@type":"BreadcrumbList","@id":"https:\/\/www.pagbrasil.com\/pt-br\/integracao\/plugin-de-pagamento-para-vtex\/#breadcrumb","itemListElement":[{"@type":"ListItem","position":1,"name":"Home","item":"https:\/\/www.pagbrasil.com\/pt-br\/"},{"@type":"ListItem","position":2,"name":"Integra\u00e7\u00e3o","item":"https:\/\/www.pagbrasil.com\/pt-br\/integracao\/"},{"@type":"ListItem","position":3,"name":"Plugin VTEX"}]},{"@type":"WebSite","@id":"https:\/\/www.pagbrasil.com\/pt-br\/#website","url":"https:\/\/www.pagbrasil.com\/pt-br\/","name":"PagBrasil","description":"Processe seus pagamentos com PagBrasil, servi\u00e7o de pagamento online de excel\u00eancia para o Brasil, desenvolvido para empresas internacionais.","publisher":{"@id":"https:\/\/www.pagbrasil.com\/pt-br\/#organization"},"potentialAction":[{"@type":"SearchAction","target":{"@type":"EntryPoint","urlTemplate":"https:\/\/www.pagbrasil.com\/pt-br\/?s={search_term_string}"},"query-input":{"@type":"PropertyValueSpecification","valueRequired":true,"valueName":"search_term_string"}}],"inLanguage":"pt-BR"},{"@type":"Organization","@id":"https:\/\/www.pagbrasil.com\/pt-br\/#organization","name":"PagBrasil","url":"https:\/\/www.pagbrasil.com\/pt-br\/","logo":{"@type":"ImageObject","inLanguage":"pt-BR","@id":"https:\/\/www.pagbrasil.com\/pt-br\/#\/schema\/logo\/image\/","url":"https:\/\/www.pagbrasil.com\/wp-content\/uploads\/2023\/03\/logo-PB-2.svg","contentUrl":"https:\/\/www.pagbrasil.com\/wp-content\/uploads\/2023\/03\/logo-PB-2.svg","width":265,"height":64,"caption":"PagBrasil"},"image":{"@id":"https:\/\/www.pagbrasil.com\/pt-br\/#\/schema\/logo\/image\/"},"sameAs":["https:\/\/www.facebook.com\/pagbrasilpagamentos","https:\/\/www.linkedin.com\/company\/pagbrasil-pagamentos-eletronicos-ltda\/"]}]}},"_links":{"self":[{"href":"https:\/\/www.pagbrasil.com\/pt-br\/wp-json\/wp\/v2\/pages\/3422","targetHints":{"allow":["GET"]}}],"collection":[{"href":"https:\/\/www.pagbrasil.com\/pt-br\/wp-json\/wp\/v2\/pages"}],"about":[{"href":"https:\/\/www.pagbrasil.com\/pt-br\/wp-json\/wp\/v2\/types\/page"}],"author":[{"embeddable":true,"href":"https:\/\/www.pagbrasil.com\/pt-br\/wp-json\/wp\/v2\/users\/9"}],"replies":[{"embeddable":true,"href":"https:\/\/www.pagbrasil.com\/pt-br\/wp-json\/wp\/v2\/comments?post=3422"}],"version-history":[{"count":151,"href":"https:\/\/www.pagbrasil.com\/pt-br\/wp-json\/wp\/v2\/pages\/3422\/revisions"}],"predecessor-version":[{"id":93430,"href":"https:\/\/www.pagbrasil.com\/pt-br\/wp-json\/wp\/v2\/pages\/3422\/revisions\/93430"}],"up":[{"embeddable":true,"href":"https:\/\/www.pagbrasil.com\/pt-br\/wp-json\/wp\/v2\/pages\/184"}],"wp:attachment":[{"href":"https:\/\/www.pagbrasil.com\/pt-br\/wp-json\/wp\/v2\/media?parent=3422"}],"curies":[{"name":"wp","href":"https:\/\/api.w.org\/{rel}","templated":true}]}}