{"id":22,"date":"2016-05-06T17:07:23","date_gmt":"2016-05-06T20:07:23","guid":{"rendered":"https:\/\/www.pagbrasil.com\/?page_id=22"},"modified":"2026-04-27T09:04:15","modified_gmt":"2026-04-27T12:04:15","slug":"informacoes-legais","status":"publish","type":"page","link":"https:\/\/www.pagbrasil.com\/pt-br\/informacoes-legais\/","title":{"rendered":"Informa\u00e7\u00f5es legais"},"content":{"rendered":"<h3>Legais<\/h3>\n<p>PagBrasil Institui\u00e7\u00e3o de Pagamento Ltda. (adiante designada como PagBrasil) det\u00e9m o dom\u00ednio pagbrasil.com.<\/p>\n<p>&nbsp;<\/p>\n<h3>Endere\u00e7o:<\/h3>\n<p>Av Carlos Gomes, 1122 &#8211; 11\u00ba Andar &#8211; Bloco A<br \/>\nPorto Alegre, RS &#8211; 90470-282 &#8211; Brasil<br \/>\nTel. +55 51 3500-0718<\/p>\n<p>&nbsp;<\/p>\n<h3>PagBrasil Institui\u00e7\u00e3o de Pagamento Ltda.<\/h3>\n<p>CNPJ 14.630.124\/0001-65<\/p>\n<p>&nbsp;<\/p>\n<h3>PagBrasil Tecnologia Institui\u00e7\u00e3o de Pagamento Ltda.<\/h3>\n<p>CPNJ 55.251.092\/0001-74<\/p>\n<p>&nbsp;<\/p>\n<h3>Informa\u00e7\u00f5es sobre marcas registradas:<\/h3>\n<p>PagBrasil \u00e9 uma marca registrada da PagBrasil Institui\u00e7\u00e3o de Pagamento Ltda. no Brasil e em outros pa\u00edses.<\/p>\n<p>&nbsp;<\/p>\n<h3>Esclarecimentos legais:<\/h3>\n<p>Ainda que objetivemos manter todo o conte\u00fado do site com o m\u00e1ximo zelo, n\u00e3o detemos obriga\u00e7\u00f5es sobre quaisquer conte\u00fados externos. Os administradores de tais endere\u00e7os indicados s\u00e3o os \u00fanicos e exclusivos respons\u00e1veis pelo conte\u00fado de tais endere\u00e7os.<\/p>\n","protected":false},"excerpt":{"rendered":"<p>Legais PagBrasil Institui\u00e7\u00e3o de Pagamento Ltda. (adiante designada como PagBrasil) det\u00e9m o dom\u00ednio pagbrasil.com. &nbsp; Endere\u00e7o: Av Carlos Gomes, 1122 [&#8230;]<\/p>\n","protected":false},"author":1,"featured_media":0,"parent":0,"menu_order":0,"comment_status":"closed","ping_status":"closed","template":"page-text-no-sidebar.php","meta":{"_acf_changed":false,"footnotes":""},"class_list":["post-22","page","type-page","status-publish","hentry"],"acf":[],"yoast_head":"<!-- This site is optimized with the Yoast SEO plugin v25.7 - https:\/\/yoast.com\/wordpress\/plugins\/seo\/ -->\n<title>Informa\u00e7\u00f5es legais - PagBrasil<\/title>\n<meta name=\"description\" content=\"Esta p\u00e1gina disponibiliza as principais informa\u00e7\u00f5es legais sobre a PagBrasil. Acesse o site para descobrir mais.\" \/>\n<meta name=\"robots\" content=\"index, follow, max-snippet:-1, max-image-preview:large, max-video-preview:-1\" \/>\n<link rel=\"canonical\" href=\"https:\/\/www.pagbrasil.com\/pt-br\/informacoes-legais\/\" \/>\n<meta property=\"og:locale\" content=\"pt_BR\" \/>\n<meta property=\"og:type\" content=\"article\" \/>\n<meta property=\"og:title\" content=\"Informa\u00e7\u00f5es legais - PagBrasil\" \/>\n<meta property=\"og:description\" content=\"Esta p\u00e1gina disponibiliza as principais informa\u00e7\u00f5es legais sobre a PagBrasil. Acesse o site para descobrir mais.\" \/>\n<meta property=\"og:url\" content=\"https:\/\/www.pagbrasil.com\/pt-br\/informacoes-legais\/\" \/>\n<meta property=\"og:site_name\" content=\"PagBrasil\" \/>\n<meta property=\"article:publisher\" content=\"https:\/\/www.facebook.com\/pagbrasilpagamentos\" \/>\n<meta property=\"article:modified_time\" content=\"2026-04-27T12:04:15+00:00\" \/>\n<meta name=\"twitter:card\" content=\"summary_large_image\" \/>\n<meta name=\"twitter:label1\" content=\"Est. tempo de leitura\" \/>\n\t<meta name=\"twitter:data1\" content=\"1 minuto\" \/>\n<script type=\"application\/ld+json\" class=\"yoast-schema-graph\">{\"@context\":\"https:\/\/schema.org\",\"@graph\":[{\"@type\":\"WebPage\",\"@id\":\"https:\/\/www.pagbrasil.com\/pt-br\/informacoes-legais\/\",\"url\":\"https:\/\/www.pagbrasil.com\/pt-br\/informacoes-legais\/\",\"name\":\"Informa\u00e7\u00f5es legais - PagBrasil\",\"isPartOf\":{\"@id\":\"https:\/\/www.pagbrasil.com\/pt-br\/#website\"},\"datePublished\":\"2016-05-06T20:07:23+00:00\",\"dateModified\":\"2026-04-27T12:04:15+00:00\",\"description\":\"Esta p\u00e1gina disponibiliza as principais informa\u00e7\u00f5es legais sobre a PagBrasil. Acesse o site para descobrir mais.\",\"breadcrumb\":{\"@id\":\"https:\/\/www.pagbrasil.com\/pt-br\/informacoes-legais\/#breadcrumb\"},\"inLanguage\":\"pt-BR\",\"potentialAction\":[{\"@type\":\"ReadAction\",\"target\":[\"https:\/\/www.pagbrasil.com\/pt-br\/informacoes-legais\/\"]}]},{\"@type\":\"BreadcrumbList\",\"@id\":\"https:\/\/www.pagbrasil.com\/pt-br\/informacoes-legais\/#breadcrumb\",\"itemListElement\":[{\"@type\":\"ListItem\",\"position\":1,\"name\":\"Home\",\"item\":\"https:\/\/www.pagbrasil.com\/pt-br\/\"},{\"@type\":\"ListItem\",\"position\":2,\"name\":\"Informa\u00e7\u00f5es legais\"}]},{\"@type\":\"WebSite\",\"@id\":\"https:\/\/www.pagbrasil.com\/pt-br\/#website\",\"url\":\"https:\/\/www.pagbrasil.com\/pt-br\/\",\"name\":\"PagBrasil\",\"description\":\"Processe seus pagamentos com PagBrasil, servi\u00e7o de pagamento online de excel\u00eancia para o Brasil, desenvolvido para empresas internacionais.\",\"publisher\":{\"@id\":\"https:\/\/www.pagbrasil.com\/pt-br\/#organization\"},\"potentialAction\":[{\"@type\":\"SearchAction\",\"target\":{\"@type\":\"EntryPoint\",\"urlTemplate\":\"https:\/\/www.pagbrasil.com\/pt-br\/?s={search_term_string}\"},\"query-input\":{\"@type\":\"PropertyValueSpecification\",\"valueRequired\":true,\"valueName\":\"search_term_string\"}}],\"inLanguage\":\"pt-BR\"},{\"@type\":\"Organization\",\"@id\":\"https:\/\/www.pagbrasil.com\/pt-br\/#organization\",\"name\":\"PagBrasil\",\"url\":\"https:\/\/www.pagbrasil.com\/pt-br\/\",\"logo\":{\"@type\":\"ImageObject\",\"inLanguage\":\"pt-BR\",\"@id\":\"https:\/\/www.pagbrasil.com\/pt-br\/#\/schema\/logo\/image\/\",\"url\":\"https:\/\/www.pagbrasil.com\/wp-content\/uploads\/2023\/03\/logo-PB-2.svg\",\"contentUrl\":\"https:\/\/www.pagbrasil.com\/wp-content\/uploads\/2023\/03\/logo-PB-2.svg\",\"width\":265,\"height\":64,\"caption\":\"PagBrasil\"},\"image\":{\"@id\":\"https:\/\/www.pagbrasil.com\/pt-br\/#\/schema\/logo\/image\/\"},\"sameAs\":[\"https:\/\/www.facebook.com\/pagbrasilpagamentos\",\"https:\/\/www.linkedin.com\/company\/pagbrasil-pagamentos-eletronicos-ltda\/\"]}]}<\/script>\n<!-- \/ Yoast SEO plugin. -->","yoast_head_json":{"title":"Informa\u00e7\u00f5es legais - PagBrasil","description":"Esta p\u00e1gina disponibiliza as principais informa\u00e7\u00f5es legais sobre a PagBrasil. Acesse o site para descobrir mais.","robots":{"index":"index","follow":"follow","max-snippet":"max-snippet:-1","max-image-preview":"max-image-preview:large","max-video-preview":"max-video-preview:-1"},"canonical":"https:\/\/www.pagbrasil.com\/pt-br\/informacoes-legais\/","og_locale":"pt_BR","og_type":"article","og_title":"Informa\u00e7\u00f5es legais - PagBrasil","og_description":"Esta p\u00e1gina disponibiliza as principais informa\u00e7\u00f5es legais sobre a PagBrasil. Acesse o site para descobrir mais.","og_url":"https:\/\/www.pagbrasil.com\/pt-br\/informacoes-legais\/","og_site_name":"PagBrasil","article_publisher":"https:\/\/www.facebook.com\/pagbrasilpagamentos","article_modified_time":"2026-04-27T12:04:15+00:00","twitter_card":"summary_large_image","twitter_misc":{"Est. tempo de leitura":"1 minuto"},"schema":{"@context":"https:\/\/schema.org","@graph":[{"@type":"WebPage","@id":"https:\/\/www.pagbrasil.com\/pt-br\/informacoes-legais\/","url":"https:\/\/www.pagbrasil.com\/pt-br\/informacoes-legais\/","name":"Informa\u00e7\u00f5es legais - PagBrasil","isPartOf":{"@id":"https:\/\/www.pagbrasil.com\/pt-br\/#website"},"datePublished":"2016-05-06T20:07:23+00:00","dateModified":"2026-04-27T12:04:15+00:00","description":"Esta p\u00e1gina disponibiliza as principais informa\u00e7\u00f5es legais sobre a PagBrasil. Acesse o site para descobrir mais.","breadcrumb":{"@id":"https:\/\/www.pagbrasil.com\/pt-br\/informacoes-legais\/#breadcrumb"},"inLanguage":"pt-BR","potentialAction":[{"@type":"ReadAction","target":["https:\/\/www.pagbrasil.com\/pt-br\/informacoes-legais\/"]}]},{"@type":"BreadcrumbList","@id":"https:\/\/www.pagbrasil.com\/pt-br\/informacoes-legais\/#breadcrumb","itemListElement":[{"@type":"ListItem","position":1,"name":"Home","item":"https:\/\/www.pagbrasil.com\/pt-br\/"},{"@type":"ListItem","position":2,"name":"Informa\u00e7\u00f5es legais"}]},{"@type":"WebSite","@id":"https:\/\/www.pagbrasil.com\/pt-br\/#website","url":"https:\/\/www.pagbrasil.com\/pt-br\/","name":"PagBrasil","description":"Processe seus pagamentos com PagBrasil, servi\u00e7o de pagamento online de excel\u00eancia para o Brasil, desenvolvido para empresas internacionais.","publisher":{"@id":"https:\/\/www.pagbrasil.com\/pt-br\/#organization"},"potentialAction":[{"@type":"SearchAction","target":{"@type":"EntryPoint","urlTemplate":"https:\/\/www.pagbrasil.com\/pt-br\/?s={search_term_string}"},"query-input":{"@type":"PropertyValueSpecification","valueRequired":true,"valueName":"search_term_string"}}],"inLanguage":"pt-BR"},{"@type":"Organization","@id":"https:\/\/www.pagbrasil.com\/pt-br\/#organization","name":"PagBrasil","url":"https:\/\/www.pagbrasil.com\/pt-br\/","logo":{"@type":"ImageObject","inLanguage":"pt-BR","@id":"https:\/\/www.pagbrasil.com\/pt-br\/#\/schema\/logo\/image\/","url":"https:\/\/www.pagbrasil.com\/wp-content\/uploads\/2023\/03\/logo-PB-2.svg","contentUrl":"https:\/\/www.pagbrasil.com\/wp-content\/uploads\/2023\/03\/logo-PB-2.svg","width":265,"height":64,"caption":"PagBrasil"},"image":{"@id":"https:\/\/www.pagbrasil.com\/pt-br\/#\/schema\/logo\/image\/"},"sameAs":["https:\/\/www.facebook.com\/pagbrasilpagamentos","https:\/\/www.linkedin.com\/company\/pagbrasil-pagamentos-eletronicos-ltda\/"]}]}},"_links":{"self":[{"href":"https:\/\/www.pagbrasil.com\/pt-br\/wp-json\/wp\/v2\/pages\/22","targetHints":{"allow":["GET"]}}],"collection":[{"href":"https:\/\/www.pagbrasil.com\/pt-br\/wp-json\/wp\/v2\/pages"}],"about":[{"href":"https:\/\/www.pagbrasil.com\/pt-br\/wp-json\/wp\/v2\/types\/page"}],"author":[{"embeddable":true,"href":"https:\/\/www.pagbrasil.com\/pt-br\/wp-json\/wp\/v2\/users\/1"}],"replies":[{"embeddable":true,"href":"https:\/\/www.pagbrasil.com\/pt-br\/wp-json\/wp\/v2\/comments?post=22"}],"version-history":[{"count":32,"href":"https:\/\/www.pagbrasil.com\/pt-br\/wp-json\/wp\/v2\/pages\/22\/revisions"}],"predecessor-version":[{"id":93757,"href":"https:\/\/www.pagbrasil.com\/pt-br\/wp-json\/wp\/v2\/pages\/22\/revisions\/93757"}],"wp:attachment":[{"href":"https:\/\/www.pagbrasil.com\/pt-br\/wp-json\/wp\/v2\/media?parent=22"}],"curies":[{"name":"wp","href":"https:\/\/api.w.org\/{rel}","templated":true}]}}