{"id":184,"date":"2024-06-27T00:00:00","date_gmt":"2024-06-27T03:00:00","guid":{"rendered":"https:\/\/www.pagbrasil.com\/?page_id=184"},"modified":"2026-02-03T10:42:08","modified_gmt":"2026-02-03T13:42:08","slug":"integracao","status":"publish","type":"page","link":"https:\/\/www.pagbrasil.com\/pt-br\/integracao\/","title":{"rendered":"Integra\u00e7\u00e3o"},"content":{"rendered":"<p>Comece a receber pagamentos online com nossas solu\u00e7\u00f5es flex\u00edveis de integra\u00e7\u00e3o, independentemente de voc\u00ea estar usando uma plataforma de e-commerce ou uma solu\u00e7\u00e3o pr\u00f3pria de loja online.<\/p>\n","protected":false},"excerpt":{"rendered":"<p>Comece a receber pagamentos online com nossas solu\u00e7\u00f5es flex\u00edveis de integra\u00e7\u00e3o, independentemente de voc\u00ea estar usando uma plataforma de e-commerce [&#8230;]<\/p>\n","protected":false},"author":1,"featured_media":48793,"parent":0,"menu_order":0,"comment_status":"closed","ping_status":"open","template":"page-integracao.php","meta":{"_acf_changed":false,"footnotes":""},"class_list":["post-184","page","type-page","status-publish","has-post-thumbnail","hentry"],"acf":[],"yoast_head":"<!-- This site is optimized with the Yoast SEO plugin v25.7 - https:\/\/yoast.com\/wordpress\/plugins\/seo\/ -->\n<title>Integra\u00e7\u00e3o f\u00e1cil com plataformas e-commerce | PagBrasil<\/title>\n<meta name=\"description\" content=\"Integre os m\u00e9todos de pagamento da PagBrasil ao seu e-commerce com nossas integra\u00e7\u00e3o no-code via plugin. Acesse e saiba mais!\" \/>\n<meta name=\"robots\" content=\"index, follow, max-snippet:-1, max-image-preview:large, max-video-preview:-1\" \/>\n<link rel=\"canonical\" href=\"https:\/\/www.pagbrasil.com\/pt-br\/integracao\/\" \/>\n<meta property=\"og:locale\" content=\"pt_BR\" \/>\n<meta property=\"og:type\" content=\"article\" \/>\n<meta property=\"og:title\" content=\"Integra\u00e7\u00e3o f\u00e1cil com plataformas e-commerce | PagBrasil\" \/>\n<meta property=\"og:description\" content=\"Integre os m\u00e9todos de pagamento da PagBrasil ao seu e-commerce com nossas integra\u00e7\u00e3o no-code via plugin. Acesse e saiba mais!\" \/>\n<meta property=\"og:url\" content=\"https:\/\/www.pagbrasil.com\/pt-br\/integracao\/\" \/>\n<meta property=\"og:site_name\" content=\"PagBrasil\" \/>\n<meta property=\"article:publisher\" content=\"https:\/\/www.facebook.com\/pagbrasilpagamentos\" \/>\n<meta property=\"article:modified_time\" content=\"2026-02-03T13:42:08+00:00\" \/>\n<meta property=\"og:image\" content=\"https:\/\/www.pagbrasil.com\/wp-content\/uploads\/2019\/07\/background-integracao.jpg\" \/>\n\t<meta property=\"og:image:width\" content=\"1920\" \/>\n\t<meta property=\"og:image:height\" content=\"448\" \/>\n\t<meta property=\"og:image:type\" content=\"image\/jpeg\" \/>\n<meta name=\"twitter:card\" content=\"summary_large_image\" \/>\n<script type=\"application\/ld+json\" class=\"yoast-schema-graph\">{\"@context\":\"https:\/\/schema.org\",\"@graph\":[{\"@type\":\"WebPage\",\"@id\":\"https:\/\/www.pagbrasil.com\/pt-br\/integracao\/\",\"url\":\"https:\/\/www.pagbrasil.com\/pt-br\/integracao\/\",\"name\":\"Integra\u00e7\u00e3o f\u00e1cil com plataformas e-commerce | PagBrasil\",\"isPartOf\":{\"@id\":\"https:\/\/www.pagbrasil.com\/pt-br\/#website\"},\"primaryImageOfPage\":{\"@id\":\"https:\/\/www.pagbrasil.com\/pt-br\/integracao\/#primaryimage\"},\"image\":{\"@id\":\"https:\/\/www.pagbrasil.com\/pt-br\/integracao\/#primaryimage\"},\"thumbnailUrl\":\"https:\/\/www.pagbrasil.com\/wp-content\/uploads\/2019\/07\/background-integracao.jpg\",\"datePublished\":\"2024-06-27T03:00:00+00:00\",\"dateModified\":\"2026-02-03T13:42:08+00:00\",\"description\":\"Integre os m\u00e9todos de pagamento da PagBrasil ao seu e-commerce com nossas integra\u00e7\u00e3o no-code via plugin. Acesse e saiba mais!\",\"breadcrumb\":{\"@id\":\"https:\/\/www.pagbrasil.com\/pt-br\/integracao\/#breadcrumb\"},\"inLanguage\":\"pt-BR\",\"potentialAction\":[{\"@type\":\"ReadAction\",\"target\":[\"https:\/\/www.pagbrasil.com\/pt-br\/integracao\/\"]}]},{\"@type\":\"ImageObject\",\"inLanguage\":\"pt-BR\",\"@id\":\"https:\/\/www.pagbrasil.com\/pt-br\/integracao\/#primaryimage\",\"url\":\"https:\/\/www.pagbrasil.com\/wp-content\/uploads\/2019\/07\/background-integracao.jpg\",\"contentUrl\":\"https:\/\/www.pagbrasil.com\/wp-content\/uploads\/2019\/07\/background-integracao.jpg\",\"width\":1920,\"height\":448,\"caption\":\"integra\u00e7\u00e3o\"},{\"@type\":\"BreadcrumbList\",\"@id\":\"https:\/\/www.pagbrasil.com\/pt-br\/integracao\/#breadcrumb\",\"itemListElement\":[{\"@type\":\"ListItem\",\"position\":1,\"name\":\"Home\",\"item\":\"https:\/\/www.pagbrasil.com\/pt-br\/\"},{\"@type\":\"ListItem\",\"position\":2,\"name\":\"Integra\u00e7\u00e3o\"}]},{\"@type\":\"WebSite\",\"@id\":\"https:\/\/www.pagbrasil.com\/pt-br\/#website\",\"url\":\"https:\/\/www.pagbrasil.com\/pt-br\/\",\"name\":\"PagBrasil\",\"description\":\"Processe seus pagamentos com PagBrasil, servi\u00e7o de pagamento online de excel\u00eancia para o Brasil, desenvolvido para empresas internacionais.\",\"publisher\":{\"@id\":\"https:\/\/www.pagbrasil.com\/pt-br\/#organization\"},\"potentialAction\":[{\"@type\":\"SearchAction\",\"target\":{\"@type\":\"EntryPoint\",\"urlTemplate\":\"https:\/\/www.pagbrasil.com\/pt-br\/?s={search_term_string}\"},\"query-input\":{\"@type\":\"PropertyValueSpecification\",\"valueRequired\":true,\"valueName\":\"search_term_string\"}}],\"inLanguage\":\"pt-BR\"},{\"@type\":\"Organization\",\"@id\":\"https:\/\/www.pagbrasil.com\/pt-br\/#organization\",\"name\":\"PagBrasil\",\"url\":\"https:\/\/www.pagbrasil.com\/pt-br\/\",\"logo\":{\"@type\":\"ImageObject\",\"inLanguage\":\"pt-BR\",\"@id\":\"https:\/\/www.pagbrasil.com\/pt-br\/#\/schema\/logo\/image\/\",\"url\":\"https:\/\/www.pagbrasil.com\/wp-content\/uploads\/2023\/03\/logo-PB-2.svg\",\"contentUrl\":\"https:\/\/www.pagbrasil.com\/wp-content\/uploads\/2023\/03\/logo-PB-2.svg\",\"width\":265,\"height\":64,\"caption\":\"PagBrasil\"},\"image\":{\"@id\":\"https:\/\/www.pagbrasil.com\/pt-br\/#\/schema\/logo\/image\/\"},\"sameAs\":[\"https:\/\/www.facebook.com\/pagbrasilpagamentos\",\"https:\/\/www.linkedin.com\/company\/pagbrasil-pagamentos-eletronicos-ltda\/\"]}]}<\/script>\n<!-- \/ Yoast SEO plugin. -->","yoast_head_json":{"title":"Integra\u00e7\u00e3o f\u00e1cil com plataformas e-commerce | PagBrasil","description":"Integre os m\u00e9todos de pagamento da PagBrasil ao seu e-commerce com nossas integra\u00e7\u00e3o no-code via plugin. Acesse e saiba mais!","robots":{"index":"index","follow":"follow","max-snippet":"max-snippet:-1","max-image-preview":"max-image-preview:large","max-video-preview":"max-video-preview:-1"},"canonical":"https:\/\/www.pagbrasil.com\/pt-br\/integracao\/","og_locale":"pt_BR","og_type":"article","og_title":"Integra\u00e7\u00e3o f\u00e1cil com plataformas e-commerce | PagBrasil","og_description":"Integre os m\u00e9todos de pagamento da PagBrasil ao seu e-commerce com nossas integra\u00e7\u00e3o no-code via plugin. Acesse e saiba mais!","og_url":"https:\/\/www.pagbrasil.com\/pt-br\/integracao\/","og_site_name":"PagBrasil","article_publisher":"https:\/\/www.facebook.com\/pagbrasilpagamentos","article_modified_time":"2026-02-03T13:42:08+00:00","og_image":[{"width":1920,"height":448,"url":"https:\/\/www.pagbrasil.com\/wp-content\/uploads\/2019\/07\/background-integracao.jpg","type":"image\/jpeg"}],"twitter_card":"summary_large_image","schema":{"@context":"https:\/\/schema.org","@graph":[{"@type":"WebPage","@id":"https:\/\/www.pagbrasil.com\/pt-br\/integracao\/","url":"https:\/\/www.pagbrasil.com\/pt-br\/integracao\/","name":"Integra\u00e7\u00e3o f\u00e1cil com plataformas e-commerce | PagBrasil","isPartOf":{"@id":"https:\/\/www.pagbrasil.com\/pt-br\/#website"},"primaryImageOfPage":{"@id":"https:\/\/www.pagbrasil.com\/pt-br\/integracao\/#primaryimage"},"image":{"@id":"https:\/\/www.pagbrasil.com\/pt-br\/integracao\/#primaryimage"},"thumbnailUrl":"https:\/\/www.pagbrasil.com\/wp-content\/uploads\/2019\/07\/background-integracao.jpg","datePublished":"2024-06-27T03:00:00+00:00","dateModified":"2026-02-03T13:42:08+00:00","description":"Integre os m\u00e9todos de pagamento da PagBrasil ao seu e-commerce com nossas integra\u00e7\u00e3o no-code via plugin. Acesse e saiba mais!","breadcrumb":{"@id":"https:\/\/www.pagbrasil.com\/pt-br\/integracao\/#breadcrumb"},"inLanguage":"pt-BR","potentialAction":[{"@type":"ReadAction","target":["https:\/\/www.pagbrasil.com\/pt-br\/integracao\/"]}]},{"@type":"ImageObject","inLanguage":"pt-BR","@id":"https:\/\/www.pagbrasil.com\/pt-br\/integracao\/#primaryimage","url":"https:\/\/www.pagbrasil.com\/wp-content\/uploads\/2019\/07\/background-integracao.jpg","contentUrl":"https:\/\/www.pagbrasil.com\/wp-content\/uploads\/2019\/07\/background-integracao.jpg","width":1920,"height":448,"caption":"integra\u00e7\u00e3o"},{"@type":"BreadcrumbList","@id":"https:\/\/www.pagbrasil.com\/pt-br\/integracao\/#breadcrumb","itemListElement":[{"@type":"ListItem","position":1,"name":"Home","item":"https:\/\/www.pagbrasil.com\/pt-br\/"},{"@type":"ListItem","position":2,"name":"Integra\u00e7\u00e3o"}]},{"@type":"WebSite","@id":"https:\/\/www.pagbrasil.com\/pt-br\/#website","url":"https:\/\/www.pagbrasil.com\/pt-br\/","name":"PagBrasil","description":"Processe seus pagamentos com PagBrasil, servi\u00e7o de pagamento online de excel\u00eancia para o Brasil, desenvolvido para empresas internacionais.","publisher":{"@id":"https:\/\/www.pagbrasil.com\/pt-br\/#organization"},"potentialAction":[{"@type":"SearchAction","target":{"@type":"EntryPoint","urlTemplate":"https:\/\/www.pagbrasil.com\/pt-br\/?s={search_term_string}"},"query-input":{"@type":"PropertyValueSpecification","valueRequired":true,"valueName":"search_term_string"}}],"inLanguage":"pt-BR"},{"@type":"Organization","@id":"https:\/\/www.pagbrasil.com\/pt-br\/#organization","name":"PagBrasil","url":"https:\/\/www.pagbrasil.com\/pt-br\/","logo":{"@type":"ImageObject","inLanguage":"pt-BR","@id":"https:\/\/www.pagbrasil.com\/pt-br\/#\/schema\/logo\/image\/","url":"https:\/\/www.pagbrasil.com\/wp-content\/uploads\/2023\/03\/logo-PB-2.svg","contentUrl":"https:\/\/www.pagbrasil.com\/wp-content\/uploads\/2023\/03\/logo-PB-2.svg","width":265,"height":64,"caption":"PagBrasil"},"image":{"@id":"https:\/\/www.pagbrasil.com\/pt-br\/#\/schema\/logo\/image\/"},"sameAs":["https:\/\/www.facebook.com\/pagbrasilpagamentos","https:\/\/www.linkedin.com\/company\/pagbrasil-pagamentos-eletronicos-ltda\/"]}]}},"_links":{"self":[{"href":"https:\/\/www.pagbrasil.com\/pt-br\/wp-json\/wp\/v2\/pages\/184","targetHints":{"allow":["GET"]}}],"collection":[{"href":"https:\/\/www.pagbrasil.com\/pt-br\/wp-json\/wp\/v2\/pages"}],"about":[{"href":"https:\/\/www.pagbrasil.com\/pt-br\/wp-json\/wp\/v2\/types\/page"}],"author":[{"embeddable":true,"href":"https:\/\/www.pagbrasil.com\/pt-br\/wp-json\/wp\/v2\/users\/1"}],"replies":[{"embeddable":true,"href":"https:\/\/www.pagbrasil.com\/pt-br\/wp-json\/wp\/v2\/comments?post=184"}],"version-history":[{"count":65,"href":"https:\/\/www.pagbrasil.com\/pt-br\/wp-json\/wp\/v2\/pages\/184\/revisions"}],"predecessor-version":[{"id":90859,"href":"https:\/\/www.pagbrasil.com\/pt-br\/wp-json\/wp\/v2\/pages\/184\/revisions\/90859"}],"wp:featuredmedia":[{"embeddable":true,"href":"https:\/\/www.pagbrasil.com\/pt-br\/wp-json\/wp\/v2\/media\/48793"}],"wp:attachment":[{"href":"https:\/\/www.pagbrasil.com\/pt-br\/wp-json\/wp\/v2\/media?parent=184"}],"curies":[{"name":"wp","href":"https:\/\/api.w.org\/{rel}","templated":true}]}}